{"id":1754,"date":"2025-07-08T13:23:14","date_gmt":"2025-07-08T11:23:14","guid":{"rendered":"https:\/\/shoeeyeq.com\/?page_id=1754"},"modified":"2025-07-08T13:25:09","modified_gmt":"2025-07-08T11:25:09","slug":"cookie-richtlinien","status":"publish","type":"page","link":"https:\/\/shoeeyeq.com\/en\/cookie-richtlinien\/","title":{"rendered":"Cookie policy"},"content":{"rendered":"<div data-elementor-type=\"wp-page\" data-elementor-id=\"1754\" class=\"elementor elementor-1754\" data-elementor-post-type=\"page\">\n\t\t\t\t<div class=\"elementor-element elementor-element-4379c82 e-flex e-con-boxed e-con e-parent\" data-id=\"4379c82\" data-element_type=\"container\">\n\t\t\t\t\t<div class=\"e-con-inner\">\n\t\t\t\t<div class=\"elementor-element elementor-element-a5d822a elementor-widget elementor-widget-text-editor\" data-id=\"a5d822a\" data-element_type=\"widget\" data-widget_type=\"text-editor.default\">\n\t\t\t\t<div class=\"elementor-widget-container\">\n\t\t\t\t\t\t\t\t\t<h2 data-start=\"448\" data-end=\"488\">\ud83c\udf6a Cookie policy from shoeeyeq.com<\/h2><p data-start=\"490\" data-end=\"514\"><strong data-start=\"490\" data-end=\"514\">Status: June 09, 2025<\/strong><\/p><p data-start=\"516\" data-end=\"690\">This cookie policy explains how and why cookies are used on our website, how long they are stored and how you can manage your consent.<\/p><h3 data-start=\"692\" data-end=\"716\">1. what are cookies?<\/h3><p data-start=\"718\" data-end=\"971\">Cookies are small text files that are stored on your device when you visit our website. They enable us to recognize your device on subsequent visits, save your settings and provide certain functions.<\/p><p data-start=\"973\" data-end=\"1031\">Cookies can be divided into the following categories:<\/p><ul data-start=\"1033\" data-end=\"1540\"><li data-start=\"1033\" data-end=\"1187\"><p data-start=\"1035\" data-end=\"1187\"><strong data-start=\"1035\" data-end=\"1070\">Strictly necessary cookies<\/strong><br data-start=\"1070\" data-end=\"1073\" \/>These are necessary for the website to function (e.g. security, page navigation, cookie settings).<\/p><\/li><li data-start=\"1189\" data-end=\"1324\"><p data-start=\"1191\" data-end=\"1324\"><strong data-start=\"1191\" data-end=\"1214\">Functional cookies<\/strong><br data-start=\"1214\" data-end=\"1217\" \/>Enable extended functions, such as embedded content or map services (e.g. Google Maps).<\/p><\/li><li data-start=\"1326\" data-end=\"1433\"><p data-start=\"1328\" data-end=\"1433\"><strong data-start=\"1328\" data-end=\"1349\">Statistics cookies<\/strong><br data-start=\"1349\" data-end=\"1352\" \/>Used for the anonymous evaluation of user behavior, e.g. by analysis tools.<\/p><\/li><li data-start=\"1435\" data-end=\"1540\"><p data-start=\"1437\" data-end=\"1540\"><strong data-start=\"1437\" data-end=\"1458\">Marketing cookies<\/strong><br data-start=\"1458\" data-end=\"1461\" \/>Used to display personalized content or advertising by third parties.<\/p><\/li><\/ul><h3 data-start=\"1547\" data-end=\"1584\">2. consent and cookie banner<\/h3><p data-start=\"1586\" data-end=\"1853\">When you visit our website for the first time, you will receive a cookie banner with which you can consent to the use of non-essential cookies. Consent is given in accordance with <strong data-start=\"1764\" data-end=\"1794\">Art. 6 para. 1 lit. a GDPR<\/strong>. You can change or revoke your selection at any time.<\/p><p data-start=\"1855\" data-end=\"2023\">To manage your cookie settings, we use a consent management platform (CMP) that documents your choices and stores them for up to two years.<\/p><h3 data-start=\"2030\" data-end=\"2068\">3. cookies and services used<\/h3><p data-start=\"2070\" data-end=\"2169\">The following cookies and third-party tools are (or may be) used on our website:<\/p><div class=\"_tableContainer_80l1q_1\"><div class=\"_tableWrapper_80l1q_14 group flex w-fit flex-col-reverse\" tabindex=\"-1\"><table class=\"w-fit min-w-(--thread-content-width)\" data-start=\"2171\" data-end=\"2733\"><thead data-start=\"2171\" data-end=\"2231\"><tr data-start=\"2171\" data-end=\"2231\"><th data-start=\"2171\" data-end=\"2189\" data-col-size=\"sm\">Provider\/Service<\/th><th data-start=\"2189\" data-end=\"2197\" data-col-size=\"sm\">Purpose<\/th><th data-start=\"2197\" data-end=\"2210\" data-col-size=\"sm\">Cookie type<\/th><th data-start=\"2210\" data-end=\"2231\" data-col-size=\"sm\">Third country transfer<\/th><\/tr><\/thead><tbody data-start=\"2294\" data-end=\"2733\"><tr data-start=\"2294\" data-end=\"2383\"><td data-start=\"2294\" data-end=\"2310\" data-col-size=\"sm\"><strong data-start=\"2296\" data-end=\"2309\">Wordfence<\/strong><\/td><td data-col-size=\"sm\" data-start=\"2310\" data-end=\"2334\">Security \/ Firewall<\/td><td data-col-size=\"sm\" data-start=\"2334\" data-end=\"2349\">Required<\/td><td data-col-size=\"sm\" data-start=\"2349\" data-end=\"2383\">USA (standard contractual clauses)<\/td><\/tr><tr data-start=\"2384\" data-end=\"2467\"><td data-start=\"2384\" data-end=\"2402\" data-col-size=\"sm\"><strong data-start=\"2386\" data-end=\"2401\">Google Maps<\/strong><\/td><td data-col-size=\"sm\" data-start=\"2402\" data-end=\"2422\">Map display<\/td><td data-col-size=\"sm\" data-start=\"2422\" data-end=\"2454\">Functional (with consent)<\/td><td data-col-size=\"sm\" data-start=\"2454\" data-end=\"2467\">USA (DPF)<\/td><\/tr><tr data-start=\"2468\" data-end=\"2540\"><td data-start=\"2468\" data-end=\"2482\" data-col-size=\"sm\"><strong data-start=\"2470\" data-end=\"2481\">Akismet<\/strong><\/td><td data-col-size=\"sm\" data-start=\"2482\" data-end=\"2512\">Spam protection for comments<\/td><td data-col-size=\"sm\" data-start=\"2512\" data-end=\"2527\">Required<\/td><td data-col-size=\"sm\" data-start=\"2527\" data-end=\"2540\">USA (DPF)<\/td><\/tr><tr data-start=\"2541\" data-end=\"2634\"><td data-start=\"2541\" data-end=\"2572\" data-col-size=\"sm\"><strong data-start=\"2543\" data-end=\"2571\">WordPress emojis\/smilies<\/strong><\/td><td data-col-size=\"sm\" data-start=\"2572\" data-end=\"2606\">Display of graphic elements<\/td><td data-col-size=\"sm\" data-start=\"2606\" data-end=\"2619\">Functional<\/td><td data-col-size=\"sm\" data-start=\"2619\" data-end=\"2634\">Ireland (EU)<\/td><\/tr><tr data-start=\"2635\" data-end=\"2733\"><td data-start=\"2635\" data-end=\"2667\" data-col-size=\"sm\"><strong data-start=\"2637\" data-end=\"2666\">Consent banner (CMP)<\/strong><\/td><td data-col-size=\"sm\" data-start=\"2667\" data-end=\"2697\">Management of your consent<\/td><td data-col-size=\"sm\" data-start=\"2697\" data-end=\"2712\">Required<\/td><td data-col-size=\"sm\" data-start=\"2712\" data-end=\"2733\">Saved locally<\/td><\/tr><\/tbody><\/table><div class=\"sticky end-(--thread-content-margin) h-0 self-end select-none\"><div class=\"absolute end-0 flex items-end\">\u00a0<\/div><\/div><\/div><\/div><blockquote data-start=\"2735\" data-end=\"2975\"><p data-start=\"2737\" data-end=\"2975\">Note: Other cookies may be technically required by embedded content or plug-ins. Details can be found in the section \"Plug-ins and embedded content\" in our <a class=\"\" href=\"https:\/\/shoeeyeq.com\/en\/datenschutz\/\" target=\"_new\" rel=\"noopener\" data-start=\"2917\" data-end=\"2974\">Privacy policy<\/a>.<\/p><\/blockquote><h3 data-start=\"2982\" data-end=\"3009\">4. cookie storage duration<\/h3><ul data-start=\"3011\" data-end=\"3213\"><li data-start=\"3011\" data-end=\"3084\"><p data-start=\"3013\" data-end=\"3084\"><strong data-start=\"3013\" data-end=\"3032\">Session cookies<\/strong>are deleted as soon as you close the browser.<\/p><\/li><li data-start=\"3085\" data-end=\"3213\"><p data-start=\"3087\" data-end=\"3213\"><strong data-start=\"3087\" data-end=\"3110\">Persistent cookies<\/strong>Depending on the purpose, they are stored for up to 2 years (e.g. for statistical or language settings).<\/p><\/li><\/ul><h3 data-start=\"3220\" data-end=\"3261\">5. how can I deactivate cookies?<\/h3><p data-start=\"3263\" data-end=\"3360\">You can change or revoke your cookie settings at any time via our [cookie banner].<\/p><p data-start=\"3362\" data-end=\"3475\">You can also block or delete cookies in your browser. You can find information on this here, for example:<\/p><ul data-start=\"3477\" data-end=\"3720\"><li data-start=\"3477\" data-end=\"3542\"><p data-start=\"3479\" data-end=\"3542\"><a class=\"cursor-pointer\" href=\"https:\/\/support.google.com\/chrome\/answer\/95647\" target=\"_new\" rel=\"noopener\" data-start=\"3479\" data-end=\"3542\">Google Chrome<\/a><\/p><\/li><li data-start=\"3543\" data-end=\"3643\"><p data-start=\"3545\" data-end=\"3643\"><a class=\"\" href=\"https:\/\/support.mozilla.org\/de\/kb\/cookies-loeschen-daten-von-websites-entfernen\" target=\"_new\" rel=\"noopener\" data-start=\"3545\" data-end=\"3643\">Mozilla Firefox<\/a><\/p><\/li><li data-start=\"3644\" data-end=\"3720\"><p data-start=\"3646\" data-end=\"3720\"><a class=\"\" href=\"https:\/\/support.apple.com\/de-de\/guide\/safari\/sfri11471\/mac\" target=\"_new\" rel=\"noopener\" data-start=\"3646\" data-end=\"3720\">Apple Safari<\/a><\/p><\/li><\/ul><h3 data-start=\"3727\" data-end=\"3750\">6. legal bases<\/h3><p data-start=\"3752\" data-end=\"3830\">The storage and processing of cookies is based on the following principles:<\/p><ul data-start=\"3832\" data-end=\"3982\"><li data-start=\"3832\" data-end=\"3912\"><p data-start=\"3834\" data-end=\"3912\"><strong data-start=\"3834\" data-end=\"3859\">Required cookies<\/strong>Art. 6 para. 1 lit. f GDPR (legitimate interest)<\/p><\/li><li data-start=\"3913\" data-end=\"3982\"><p data-start=\"3915\" data-end=\"3982\"><strong data-start=\"3915\" data-end=\"3939\">All other cookies<\/strong>Art. 6 para. 1 lit. a GDPR (consent)<\/p><\/li><\/ul><p><strong data-start=\"3989\" data-end=\"4000\">Questions?<\/strong><\/p><p data-start=\"3989\" data-end=\"4131\">If you have any questions about this policy or your rights as a user, please contact:<br data-start=\"4091\" data-end=\"4094\" \/>\ud83d\udce7 <a class=\"cursor-pointer\" rel=\"noopener\" data-start=\"4097\" data-end=\"4117\">info@praeparatio.com<\/a> | \u260e 096211838<\/p>\t\t\t\t\t\t\t\t<\/div>\n\t\t\t\t<\/div>\n\t\t\t\t\t<\/div>\n\t\t\t\t<\/div>\n\t\t\t\t<\/div>","protected":false},"excerpt":{"rendered":"<p>\ud83c\udf6a Cookie-Richtlinie von shoeeyeq.com Stand: 09. Juni 2025 Diese Cookie-Richtlinie erkl\u00e4rt, wie und warum Cookies auf unserer Website verwendet werden, wie lange sie gespeichert bleiben und wie Sie Ihre Einwilligung verwalten k\u00f6nnen. 1. Was sind Cookies? Cookies sind kleine Textdateien, die auf Ihrem Endger\u00e4t gespeichert werden, wenn Sie unsere Website besuchen. Sie erm\u00f6glichen es uns, [&hellip;]<\/p>","protected":false},"author":1,"featured_media":0,"parent":0,"menu_order":0,"comment_status":"closed","ping_status":"closed","template":"elementor_header_footer","meta":{"footnotes":""},"class_list":["post-1754","page","type-page","status-publish","hentry"],"_links":{"self":[{"href":"https:\/\/shoeeyeq.com\/en\/wp-json\/wp\/v2\/pages\/1754","targetHints":{"allow":["GET"]}}],"collection":[{"href":"https:\/\/shoeeyeq.com\/en\/wp-json\/wp\/v2\/pages"}],"about":[{"href":"https:\/\/shoeeyeq.com\/en\/wp-json\/wp\/v2\/types\/page"}],"author":[{"embeddable":true,"href":"https:\/\/shoeeyeq.com\/en\/wp-json\/wp\/v2\/users\/1"}],"replies":[{"embeddable":true,"href":"https:\/\/shoeeyeq.com\/en\/wp-json\/wp\/v2\/comments?post=1754"}],"version-history":[{"count":7,"href":"https:\/\/shoeeyeq.com\/en\/wp-json\/wp\/v2\/pages\/1754\/revisions"}],"predecessor-version":[{"id":1761,"href":"https:\/\/shoeeyeq.com\/en\/wp-json\/wp\/v2\/pages\/1754\/revisions\/1761"}],"wp:attachment":[{"href":"https:\/\/shoeeyeq.com\/en\/wp-json\/wp\/v2\/media?parent=1754"}],"curies":[{"name":"wp","href":"https:\/\/api.w.org\/{rel}","templated":true}]}}