{"id":906,"date":"2025-06-09T15:59:13","date_gmt":"2025-06-09T15:59:13","guid":{"rendered":"https:\/\/shoeeyeq.com\/?page_id=906"},"modified":"2025-07-15T14:45:02","modified_gmt":"2025-07-15T12:45:02","slug":"impressum","status":"publish","type":"page","link":"https:\/\/shoeeyeq.com\/en\/impressum\/","title":{"rendered":"Imprint"},"content":{"rendered":"<h3>Information according to \u00a7 5 TMG<\/h3>\n<p>Praeparatio e.V.<br \/>\nSchlachthausstrasse 11<br \/>\n92224 Amberg<\/p>\n<p>Register of associations: VR 200318<br \/>\nRegister court: Amberg local court<\/p>\n<p>Represented by:<br \/>\n1st Chairman: Franz Fischer<br \/>\n2nd Deputy Chairmen: Wolfgang Wedl and Marc-Andr\u00e9 Villiger<\/p>\n<p><strong>Contact us<\/strong><\/p>\n<p>Phone: 096211838<br \/>\nE-mail: info@praeparatio.com<\/p>\n<p><strong>Sales tax ID<\/strong><\/p>\n<p>Value added tax identification number in accordance with \u00a7 27 a of the Value Added Tax Act: DE324987052<\/p>\n<p><strong>Job title and professional regulations<\/strong><\/p>\n<p>Job title: Orthopaedic shoe technology<br \/>\nResponsible chamber: Landesinnung Bayern<br \/>\nAwarded in: Germany<\/p>\n<p>The following professional regulations apply: General recognition system - main application<\/p>\n<p>Regulations can be viewed at: https:\/\/www.liostbayern.de\/<\/p>\n<p><strong>Responsible for the content according to \u00a7 18 Abs. 2 MStV<\/strong><\/p>\n<p>Franz Fischer<br \/>\nSchlachthausstr. 11<br \/>\n92224 Amberg<\/p>\n<p><strong>Consumer dispute resolution\/universal arbitration board<\/strong><\/p>\n<p>We are not willing or obliged to participate in dispute resolution proceedings before a consumer arbitration board.<\/p>\n<p><strong>Liability for content<\/strong><\/p>\n<p>As a service provider, we are responsible for our own content on these pages in accordance with \u00a7 7 para. 1 TMG (German Telemedia Act).<\/p>\n<p>responsible under general law. According to \u00a7\u00a7 8 to 10 TMG, however, we as a service provider are not obliged to monitor transmitted or stored third-party information or to investigate circumstances that indicate illegal activity.<\/p>\n<p>Obligations to remove or block the use of information in accordance with general legislation remain unaffected by this. However, liability in this respect is only possible from the time we become aware of a specific infringement. As soon as we become aware of such infringements, we will remove this content immediately.<\/p>\n<p><strong>Liability for links<\/strong><\/p>\n<p>Our website contains links to external third-party websites over whose content we have no influence. Therefore, we cannot accept any liability for this third-party content. The respective provider or operator of the pages is always responsible for the content of the linked pages. The linked pages were checked for possible legal violations at the time of linking. Illegal contents were not recognizable at the time of linking.<\/p>\n<p>However, permanent monitoring of the content of the linked pages is not reasonable without concrete evidence of an infringement. If we become aware of any legal infringements, we will remove such links immediately.<\/p>\n<p><strong>Copyright<\/strong><\/p>\n<p>The content and works created by the site operators on these pages are subject to German copyright law. Duplication, processing, distribution and any kind of exploitation outside the limits of copyright law require the written consent of the respective author or creator. Downloads and copies of this site are only permitted for private, non-commercial use.<\/p>\n<p>Insofar as the content on this site was not created by the operator, the copyrights of third parties are respected. In particular, third-party content is identified as such. Should you nevertheless become aware of a copyright infringement, please inform us accordingly. If we become aware of any infringements, we will remove such content immediately.<\/p>\n<p data-start=\"221\" data-end=\"235\"><strong data-start=\"221\" data-end=\"235\">Image rights<\/strong><\/p>\n<p data-start=\"135\" data-end=\"447\">The information provided on this website (<a class=\"\" href=\"https:\/\/shoeeyeq.com\/en\/\" target=\"_new\" rel=\"noopener\" data-start=\"159\" data-end=\"180\">https:\/\/shoeeyeq.com\/<\/a>) were lawfully used via personal accounts of <strong data-start=\"249\" data-end=\"271\">Martin Jaeger e.K.<\/strong> for the image platforms <strong data-start=\"296\" data-end=\"305\">Canva<\/strong>, <strong data-start=\"307\" data-end=\"337\">Adobe Stock Creative Cloud<\/strong> and <strong data-start=\"342\" data-end=\"357\">iStockphoto<\/strong> acquired. All images were used in accordance with the applicable license conditions.<\/p>\n<p data-start=\"449\" data-end=\"532\">The corresponding license certificates are available on request.<\/p>\n<p data-start=\"534\" data-end=\"737\">A written confirmation of the lawful acquisition of the image rights can be downloaded here:<br data-start=\"637\" data-end=\"640\" \/><a class=\"cursor-pointer\" href=\"https:\/\/shoeeyeq.com\/wp-content\/uploads\/2025\/07\/Bildrechte_Bestaetigung_Martin_Jaeger_mit_Unterschrift.pdf\" target=\"_new\" rel=\"noopener\" data-start=\"643\" data-end=\"737\">Download image rights declaration (PDF)<\/a><\/p>\n<p>Source: eRecht24<\/p>","protected":false},"excerpt":{"rendered":"<p>Angaben gem\u00e4\u00df \u00a7 5 TMG Praeparatio e.V. Schlachthausstra\u00dfe 11 92224 Amberg Vereinsregister: VR 200318 Registergericht: Amtsgericht Amberg Vertreten durch: 1. Vorsitzender: Franz Fischer 2. Stellvertretende Vorsitzende: Wolfgang Wedl und Marc-Andr\u00e9 Villiger Kontakt Telefon: 096211838 E-Mail: info@praeparatio.com Umsatzsteuer-ID Umsatzsteuer-Identifikationsnummer gem\u00e4\u00df \u00a7 27 a Umsatzsteuergesetz: DE324987052 Berufsbezeichnung und berufsrechtliche Regelungen Berufsbezeichnung: Orthop\u00e4dieschuhtechnik Zust\u00e4ndige Kammer: Landesinnung Bayern Verliehen [&hellip;]<\/p>","protected":false},"author":1,"featured_media":0,"parent":0,"menu_order":0,"comment_status":"closed","ping_status":"closed","template":"","meta":{"footnotes":""},"class_list":["post-906","page","type-page","status-publish","hentry"],"_links":{"self":[{"href":"https:\/\/shoeeyeq.com\/en\/wp-json\/wp\/v2\/pages\/906","targetHints":{"allow":["GET"]}}],"collection":[{"href":"https:\/\/shoeeyeq.com\/en\/wp-json\/wp\/v2\/pages"}],"about":[{"href":"https:\/\/shoeeyeq.com\/en\/wp-json\/wp\/v2\/types\/page"}],"author":[{"embeddable":true,"href":"https:\/\/shoeeyeq.com\/en\/wp-json\/wp\/v2\/users\/1"}],"replies":[{"embeddable":true,"href":"https:\/\/shoeeyeq.com\/en\/wp-json\/wp\/v2\/comments?post=906"}],"version-history":[{"count":6,"href":"https:\/\/shoeeyeq.com\/en\/wp-json\/wp\/v2\/pages\/906\/revisions"}],"predecessor-version":[{"id":2029,"href":"https:\/\/shoeeyeq.com\/en\/wp-json\/wp\/v2\/pages\/906\/revisions\/2029"}],"wp:attachment":[{"href":"https:\/\/shoeeyeq.com\/en\/wp-json\/wp\/v2\/media?parent=906"}],"curies":[{"name":"wp","href":"https:\/\/api.w.org\/{rel}","templated":true}]}}