{"id":97,"date":"2025-02-11T11:31:21","date_gmt":"2025-02-11T11:31:21","guid":{"rendered":"https:\/\/praeparatio.dev-dare.de\/?page_id=97"},"modified":"2025-07-10T14:28:02","modified_gmt":"2025-07-10T12:28:02","slug":"ueber-uns","status":"publish","type":"page","link":"https:\/\/shoeeyeq.com\/en\/ueber-uns\/","title":{"rendered":"About us"},"content":{"rendered":"<div data-elementor-type=\"wp-page\" data-elementor-id=\"97\" class=\"elementor elementor-97\" data-elementor-post-type=\"page\">\n\t\t\t\t<div class=\"elementor-element elementor-element-418b3169 e-flex e-con-boxed e-con e-parent\" data-id=\"418b3169\" data-element_type=\"container\" data-settings=\"{&quot;background_background&quot;:&quot;classic&quot;}\">\n\t\t\t\t\t<div class=\"e-con-inner\">\n\t\t\t\t<div class=\"elementor-element elementor-element-1620e6b elementor-widget elementor-widget-heading\" data-id=\"1620e6b\" data-element_type=\"widget\" data-settings=\"{&quot;_animation&quot;:&quot;none&quot;}\" data-widget_type=\"heading.default\">\n\t\t\t\t<div class=\"elementor-widget-container\">\n\t\t\t\t\t<h1 class=\"elementor-heading-title elementor-size-default\">About us<\/h1>\t\t\t\t<\/div>\n\t\t\t\t<\/div>\n\t\t\t\t<div class=\"elementor-element elementor-element-39df96c3 elementor-widget elementor-widget-text-editor\" data-id=\"39df96c3\" data-element_type=\"widget\" data-settings=\"{&quot;_animation&quot;:&quot;none&quot;}\" data-widget_type=\"text-editor.default\">\n\t\t\t\t<div class=\"elementor-widget-container\">\n\t\t\t\t\t\t\t\t\t<p>We accompany you on the way to the master school in orthopaedic shoe technology.<\/p>\t\t\t\t\t\t\t\t<\/div>\n\t\t\t\t<\/div>\n\t\t\t\t\t<\/div>\n\t\t\t\t<\/div>\n\t\t<div class=\"elementor-element elementor-element-27793bdf e-flex e-con-boxed e-con e-parent\" data-id=\"27793bdf\" data-element_type=\"container\">\n\t\t\t\t\t<div class=\"e-con-inner\">\n\t\t<div class=\"elementor-element elementor-element-1a25a713 e-con-full e-flex e-con e-child\" data-id=\"1a25a713\" data-element_type=\"container\">\n\t\t<div class=\"elementor-element elementor-element-2bc22b39 e-con-full e-flex e-con e-child\" data-id=\"2bc22b39\" data-element_type=\"container\">\n\t\t\t\t<div class=\"elementor-element elementor-element-920dc65 elementor-widget elementor-widget-image\" data-id=\"920dc65\" data-element_type=\"widget\" data-widget_type=\"image.default\">\n\t\t\t\t<div class=\"elementor-widget-container\">\n\t\t\t\t\t\t\t\t\t\t\t\t<figure class=\"wp-caption\">\n\t\t\t\t\t\t\t\t\t\t<img fetchpriority=\"high\" decoding=\"async\" width=\"591\" height=\"852\" src=\"https:\/\/shoeeyeq.com\/wp-content\/uploads\/2025\/07\/Franz-Fischer.webp\" class=\"attachment-large size-large wp-image-1784\" alt=\"\" srcset=\"https:\/\/shoeeyeq.com\/wp-content\/uploads\/2025\/07\/Franz-Fischer.webp 591w, https:\/\/shoeeyeq.com\/wp-content\/uploads\/2025\/07\/Franz-Fischer-208x300.webp 208w, https:\/\/shoeeyeq.com\/wp-content\/uploads\/2025\/07\/Franz-Fischer-8x12.webp 8w\" sizes=\"(max-width: 591px) 100vw, 591px\" \/>\t\t\t\t\t\t\t\t\t\t\t<figcaption class=\"widget-image-caption wp-caption-text\">Franz Fischer<\/figcaption>\n\t\t\t\t\t\t\t\t\t\t<\/figure>\n\t\t\t\t\t\t\t\t\t<\/div>\n\t\t\t\t<\/div>\n\t\t\t\t<\/div>\n\t\t\t\t<\/div>\n\t\t<div class=\"elementor-element elementor-element-3985ec6 e-con-full e-flex e-con e-child\" data-id=\"3985ec6\" data-element_type=\"container\">\n\t\t\t\t<div class=\"elementor-element elementor-element-2549d7b elementor-widget elementor-widget-heading\" data-id=\"2549d7b\" data-element_type=\"widget\" data-settings=\"{&quot;_animation&quot;:&quot;none&quot;}\" data-widget_type=\"heading.default\">\n\t\t\t\t<div class=\"elementor-widget-container\">\n\t\t\t\t\t<h6 class=\"elementor-heading-title elementor-size-default\">Tasks<\/h6>\t\t\t\t<\/div>\n\t\t\t\t<\/div>\n\t\t\t\t<div class=\"elementor-element elementor-element-688840e elementor-widget elementor-widget-heading\" data-id=\"688840e\" data-element_type=\"widget\" data-settings=\"{&quot;_animation&quot;:&quot;none&quot;}\" data-widget_type=\"heading.default\">\n\t\t\t\t<div class=\"elementor-widget-container\">\n\t\t\t\t\t<h2 class=\"elementor-heading-title elementor-size-default\">Praepartio e. V.<\/h2>\t\t\t\t<\/div>\n\t\t\t\t<\/div>\n\t\t\t\t<div class=\"elementor-element elementor-element-fd931d6 elementor-widget elementor-widget-text-editor\" data-id=\"fd931d6\" data-element_type=\"widget\" data-settings=\"{&quot;_animation&quot;:&quot;none&quot;}\" data-widget_type=\"text-editor.default\">\n\t\t\t\t<div class=\"elementor-widget-container\">\n\t\t\t\t\t\t\t\t\t<p>Teaching basic knowledge for the master school in the specialist areas of anatomy, last construction, socket construction, floor construction and the Medical Devices Act. The lecturers set tasks and check the incoming work. During the preparation period, Praeparatio e.V. provides members with written documents.<\/p>\t\t\t\t\t\t\t\t<\/div>\n\t\t\t\t<\/div>\n\t\t<div class=\"elementor-element elementor-element-4e61e3b e-con-full e-flex e-con e-child\" data-id=\"4e61e3b\" data-element_type=\"container\">\n\t\t\t\t<div class=\"elementor-element elementor-element-a2198c2 elementor-widget__width-initial elementor-widget-tablet__width-inherit elementor-widget elementor-widget-text-editor\" data-id=\"a2198c2\" data-element_type=\"widget\" data-settings=\"{&quot;_animation&quot;:&quot;none&quot;}\" data-widget_type=\"text-editor.default\">\n\t\t\t\t<div class=\"elementor-widget-container\">\n\t\t\t\t\t\t\t\t\t<p>We accompany you on the way to the master school in orthopaedic shoe technology.<\/p>\t\t\t\t\t\t\t\t<\/div>\n\t\t\t\t<\/div>\n\t\t\t\t<\/div>\n\t\t\t\t<\/div>\n\t\t<div class=\"elementor-element elementor-element-39255327 e-con-full elementor-hidden-tablet e-flex e-con e-child\" data-id=\"39255327\" data-element_type=\"container\">\n\t\t\t\t<div class=\"elementor-element elementor-element-b583ff6 elementor-widget elementor-widget-image\" data-id=\"b583ff6\" data-element_type=\"widget\" data-widget_type=\"image.default\">\n\t\t\t\t<div class=\"elementor-widget-container\">\n\t\t\t\t\t\t\t\t\t\t\t\t\t\t\t<img decoding=\"async\" width=\"1146\" height=\"312\" src=\"https:\/\/shoeeyeq.com\/wp-content\/uploads\/2025\/02\/Logo-praeparatio.webp\" class=\"attachment-full size-full wp-image-277\" alt=\"\" srcset=\"https:\/\/shoeeyeq.com\/wp-content\/uploads\/2025\/02\/Logo-praeparatio.webp 1146w, https:\/\/shoeeyeq.com\/wp-content\/uploads\/2025\/02\/Logo-praeparatio-300x82.webp 300w, https:\/\/shoeeyeq.com\/wp-content\/uploads\/2025\/02\/Logo-praeparatio-1024x279.webp 1024w, https:\/\/shoeeyeq.com\/wp-content\/uploads\/2025\/02\/Logo-praeparatio-768x209.webp 768w\" sizes=\"(max-width: 1146px) 100vw, 1146px\" \/>\t\t\t\t\t\t\t\t\t\t\t\t\t\t\t<\/div>\n\t\t\t\t<\/div>\n\t\t\t\t<div class=\"elementor-element elementor-element-2cf306f1 elementor-align-center elementor-widget elementor-widget-button\" data-id=\"2cf306f1\" data-element_type=\"widget\" data-settings=\"{&quot;_animation&quot;:&quot;none&quot;}\" data-widget_type=\"button.default\">\n\t\t\t\t<div class=\"elementor-widget-container\">\n\t\t\t\t\t\t\t\t\t<div class=\"elementor-button-wrapper\">\n\t\t\t\t\t<a class=\"elementor-button elementor-button-link elementor-size-sm\" href=\"\/en\/kontakt\/\">\n\t\t\t\t\t\t<span class=\"elementor-button-content-wrapper\">\n\t\t\t\t\t\t<span class=\"elementor-button-icon\">\n\t\t\t\t<svg aria-hidden=\"true\" class=\"e-font-icon-svg e-fas-angle-right\" viewbox=\"0 0 256 512\" xmlns=\"http:\/\/www.w3.org\/2000\/svg\"><path d=\"M224.3 273l-136 136c-9.4 9.4-24.6 9.4-33.9 0l-22.6-22.6c-9.4-9.4-9.4-24.6 0-33.9l96.4-96.4-96.4-96.4c-9.4-9.4-9.4-24.6 0-33.9L54.3 103c9.4-9.4 24.6-9.4 33.9 0l136 136c9.5 9.4 9.5 24.6.1 34z\"><\/path><\/svg>\t\t\t<\/span>\n\t\t\t\t\t\t\t\t\t<span class=\"elementor-button-text\">Contact us<\/span>\n\t\t\t\t\t<\/span>\n\t\t\t\t\t<\/a>\n\t\t\t\t<\/div>\n\t\t\t\t\t\t\t\t<\/div>\n\t\t\t\t<\/div>\n\t\t\t\t<\/div>\n\t\t\t\t\t<\/div>\n\t\t\t\t<\/div>\n\t\t<div class=\"elementor-element elementor-element-24ecb534 e-flex e-con-boxed e-con e-parent\" data-id=\"24ecb534\" data-element_type=\"container\" data-settings=\"{&quot;background_background&quot;:&quot;classic&quot;}\">\n\t\t\t\t\t<div class=\"e-con-inner\">\n\t\t\t\t<div class=\"elementor-element elementor-element-542f7541 elementor-widget elementor-widget-heading\" data-id=\"542f7541\" data-element_type=\"widget\" data-settings=\"{&quot;_animation&quot;:&quot;none&quot;}\" data-widget_type=\"heading.default\">\n\t\t\t\t<div class=\"elementor-widget-container\">\n\t\t\t\t\t<h2 class=\"elementor-heading-title elementor-size-default\">Your advantages. For targeted further training<\/h2>\t\t\t\t<\/div>\n\t\t\t\t<\/div>\n\t\t<div class=\"elementor-element elementor-element-69e0d62c e-con-full e-flex e-con e-child\" data-id=\"69e0d62c\" data-element_type=\"container\">\n\t\t<div class=\"elementor-element elementor-element-10d1697d e-con-full e-flex e-con e-child\" data-id=\"10d1697d\" data-element_type=\"container\">\n\t\t<div class=\"elementor-element elementor-element-2dc7c54f e-con-full e-flex e-con e-child\" data-id=\"2dc7c54f\" data-element_type=\"container\" data-settings=\"{&quot;background_background&quot;:&quot;classic&quot;,&quot;animation&quot;:&quot;none&quot;}\">\n\t\t\t\t<div class=\"elementor-element elementor-element-6016e84e elementor-view-default elementor-position-block-start elementor-mobile-position-block-start elementor-widget elementor-widget-icon-box\" data-id=\"6016e84e\" data-element_type=\"widget\" data-widget_type=\"icon-box.default\">\n\t\t\t\t<div class=\"elementor-widget-container\">\n\t\t\t\t\t\t\t<div class=\"elementor-icon-box-wrapper\">\n\n\t\t\t\t\t\t<div class=\"elementor-icon-box-icon\">\n\t\t\t\t<a href=\"https:\/\/www.praeparatio.com\/\" class=\"elementor-icon elementor-animation-float\" tabindex=\"-1\" aria-label=\"A warm welcome\">\n\t\t\t\t<i aria-hidden=\"true\" class=\"icon icon-shield\"><\/i>\t\t\t\t<\/a>\n\t\t\t<\/div>\n\t\t\t\n\t\t\t\t\t\t<div class=\"elementor-icon-box-content\">\n\n\t\t\t\t\t\t\t\t\t<h5 class=\"elementor-icon-box-title\">\n\t\t\t\t\t\t<a href=\"https:\/\/www.praeparatio.com\/\" >\n\t\t\t\t\t\t\tA warm welcome\t\t\t\t\t\t<\/a>\n\t\t\t\t\t<\/h5>\n\t\t\t\t\n\t\t\t\t\t\t\t\t\t<p class=\"elementor-icon-box-description\">\n\t\t\t\t\t\tWe accompany you on the way to the master school in orthopaedic shoe technology.\t\t\t\t\t<\/p>\n\t\t\t\t\n\t\t\t<\/div>\n\t\t\t\n\t\t<\/div>\n\t\t\t\t\t\t<\/div>\n\t\t\t\t<\/div>\n\t\t\t\t<\/div>\n\t\t<div class=\"elementor-element elementor-element-50fce36d e-con-full e-flex e-con e-child\" data-id=\"50fce36d\" data-element_type=\"container\" data-settings=\"{&quot;background_background&quot;:&quot;classic&quot;,&quot;animation&quot;:&quot;none&quot;,&quot;animation_delay&quot;:200}\">\n\t\t\t\t<div class=\"elementor-element elementor-element-405a815a elementor-view-default elementor-position-block-start elementor-mobile-position-block-start elementor-widget elementor-widget-icon-box\" data-id=\"405a815a\" data-element_type=\"widget\" data-widget_type=\"icon-box.default\">\n\t\t\t\t<div class=\"elementor-widget-container\">\n\t\t\t\t\t\t\t<div class=\"elementor-icon-box-wrapper\">\n\n\t\t\t\t\t\t<div class=\"elementor-icon-box-icon\">\n\t\t\t\t<a href=\"https:\/\/www.praeparatio.com\/buecher.html\" class=\"elementor-icon elementor-animation-float\" tabindex=\"-1\" aria-label=\"Textbooks\">\n\t\t\t\t<i aria-hidden=\"true\" class=\"icon icon-plus-circle\"><\/i>\t\t\t\t<\/a>\n\t\t\t<\/div>\n\t\t\t\n\t\t\t\t\t\t<div class=\"elementor-icon-box-content\">\n\n\t\t\t\t\t\t\t\t\t<h5 class=\"elementor-icon-box-title\">\n\t\t\t\t\t\t<a href=\"https:\/\/www.praeparatio.com\/buecher.html\" >\n\t\t\t\t\t\t\tTextbooks\t\t\t\t\t\t<\/a>\n\t\t\t\t\t<\/h5>\n\t\t\t\t\n\t\t\t\t\t\t\t\t\t<p class=\"elementor-icon-box-description\">\n\t\t\t\t\t\tOur textbooks from Praeparatio e.V.: From the footprint to the last, basic knowledge of socket construction\t\t\t\t\t<\/p>\n\t\t\t\t\n\t\t\t<\/div>\n\t\t\t\n\t\t<\/div>\n\t\t\t\t\t\t<\/div>\n\t\t\t\t<\/div>\n\t\t\t\t<\/div>\n\t\t\t\t<\/div>\n\t\t<div class=\"elementor-element elementor-element-7663e98a e-con-full e-flex e-con e-child\" data-id=\"7663e98a\" data-element_type=\"container\">\n\t\t<div class=\"elementor-element elementor-element-36f2f470 e-con-full e-flex e-con e-child\" data-id=\"36f2f470\" data-element_type=\"container\" data-settings=\"{&quot;background_background&quot;:&quot;classic&quot;,&quot;animation&quot;:&quot;none&quot;,&quot;animation_delay&quot;:400}\">\n\t\t\t\t<div class=\"elementor-element elementor-element-3b57c0ec elementor-view-default elementor-position-block-start elementor-mobile-position-block-start elementor-widget elementor-widget-icon-box\" data-id=\"3b57c0ec\" data-element_type=\"widget\" data-widget_type=\"icon-box.default\">\n\t\t\t\t<div class=\"elementor-widget-container\">\n\t\t\t\t\t\t\t<div class=\"elementor-icon-box-wrapper\">\n\n\t\t\t\t\t\t<div class=\"elementor-icon-box-icon\">\n\t\t\t\t<a href=\"https:\/\/shoeeyeq.com\/en\/kurse\/\" class=\"elementor-icon elementor-animation-float\" tabindex=\"-1\" aria-label=\"Our courses\">\n\t\t\t\t<i aria-hidden=\"true\" class=\"icon icon-laptop-phone\"><\/i>\t\t\t\t<\/a>\n\t\t\t<\/div>\n\t\t\t\n\t\t\t\t\t\t<div class=\"elementor-icon-box-content\">\n\n\t\t\t\t\t\t\t\t\t<h5 class=\"elementor-icon-box-title\">\n\t\t\t\t\t\t<a href=\"https:\/\/shoeeyeq.com\/en\/kurse\/\" >\n\t\t\t\t\t\t\tOur courses\t\t\t\t\t\t<\/a>\n\t\t\t\t\t<\/h5>\n\t\t\t\t\n\t\t\t\t\t\t\t\t\t<p class=\"elementor-icon-box-description\">\n\t\t\t\t\t\tOur specialist books tell you everything you need to know about shank and last construction.\t\t\t\t\t<\/p>\n\t\t\t\t\n\t\t\t<\/div>\n\t\t\t\n\t\t<\/div>\n\t\t\t\t\t\t<\/div>\n\t\t\t\t<\/div>\n\t\t\t\t<\/div>\n\t\t\t\t<\/div>\n\t\t\t\t<\/div>\n\t\t<div class=\"elementor-element elementor-element-33b21b00 e-con-full e-flex e-con e-child\" data-id=\"33b21b00\" data-element_type=\"container\">\n\t\t<div class=\"elementor-element elementor-element-2ebce4b9 e-con-full e-flex e-con e-child\" data-id=\"2ebce4b9\" data-element_type=\"container\">\n\t\t<div class=\"elementor-element elementor-element-19907c10 e-con-full e-flex e-con e-child\" data-id=\"19907c10\" data-element_type=\"container\" data-settings=\"{&quot;background_background&quot;:&quot;classic&quot;,&quot;animation&quot;:&quot;none&quot;,&quot;animation_delay&quot;:200}\">\n\t\t\t\t<div class=\"elementor-element elementor-element-326307c2 elementor-view-default elementor-position-block-start elementor-mobile-position-block-start elementor-widget elementor-widget-icon-box\" data-id=\"326307c2\" data-element_type=\"widget\" data-widget_type=\"icon-box.default\">\n\t\t\t\t<div class=\"elementor-widget-container\">\n\t\t\t\t\t\t\t<div class=\"elementor-icon-box-wrapper\">\n\n\t\t\t\t\t\t<div class=\"elementor-icon-box-icon\">\n\t\t\t\t<a href=\"https:\/\/www.praeparatio.com\/michlbox.html\" class=\"elementor-icon elementor-animation-float\" tabindex=\"-1\" aria-label=\"Michl Box\">\n\t\t\t\t<i aria-hidden=\"true\" class=\"icon icon-dropbox-2\"><\/i>\t\t\t\t<\/a>\n\t\t\t<\/div>\n\t\t\t\n\t\t\t\t\t\t<div class=\"elementor-icon-box-content\">\n\n\t\t\t\t\t\t\t\t\t<h5 class=\"elementor-icon-box-title\">\n\t\t\t\t\t\t<a href=\"https:\/\/www.praeparatio.com\/michlbox.html\" >\n\t\t\t\t\t\t\tMichl Box\t\t\t\t\t\t<\/a>\n\t\t\t\t\t<\/h5>\n\t\t\t\t\n\t\t\t\t\t\t\t\t\t<p class=\"elementor-icon-box-description\">\n\t\t\t\t\t\tThe new training concept from Praeparatio e. V.: Written documents, thematically appropriate tasks, all materials for the practical tasks, questionnaire for the knowledge test, task solutions.\t\t\t\t\t<\/p>\n\t\t\t\t\n\t\t\t<\/div>\n\t\t\t\n\t\t<\/div>\n\t\t\t\t\t\t<\/div>\n\t\t\t\t<\/div>\n\t\t\t\t<\/div>\n\t\t\t\t<\/div>\n\t\t<div class=\"elementor-element elementor-element-4f8f66e3 e-con-full e-flex e-con e-child\" data-id=\"4f8f66e3\" data-element_type=\"container\">\n\t\t<div class=\"elementor-element elementor-element-2f9817f3 e-con-full e-flex e-con e-child\" data-id=\"2f9817f3\" data-element_type=\"container\" data-settings=\"{&quot;background_background&quot;:&quot;classic&quot;,&quot;animation&quot;:&quot;none&quot;,&quot;animation_delay&quot;:400}\">\n\t\t\t\t<div class=\"elementor-element elementor-element-60ad47cf elementor-view-default elementor-position-block-start elementor-mobile-position-block-start elementor-widget elementor-widget-icon-box\" data-id=\"60ad47cf\" data-element_type=\"widget\" data-widget_type=\"icon-box.default\">\n\t\t\t\t<div class=\"elementor-widget-container\">\n\t\t\t\t\t\t\t<div class=\"elementor-icon-box-wrapper\">\n\n\t\t\t\t\t\t<div class=\"elementor-icon-box-icon\">\n\t\t\t\t<a href=\"https:\/\/www.praeparatio.com\/index.html#aktuelles\" class=\"elementor-icon elementor-animation-float\" tabindex=\"-1\" aria-label=\"Association tasks\">\n\t\t\t\t<i aria-hidden=\"true\" class=\"icon icon-agenda\"><\/i>\t\t\t\t<\/a>\n\t\t\t<\/div>\n\t\t\t\n\t\t\t\t\t\t<div class=\"elementor-icon-box-content\">\n\n\t\t\t\t\t\t\t\t\t<h5 class=\"elementor-icon-box-title\">\n\t\t\t\t\t\t<a href=\"https:\/\/www.praeparatio.com\/index.html#aktuelles\" >\n\t\t\t\t\t\t\tAssociation tasks\t\t\t\t\t\t<\/a>\n\t\t\t\t\t<\/h5>\n\t\t\t\t\n\t\t\t\t\t\t\t\t\t<p class=\"elementor-icon-box-description\">\n\t\t\t\t\t\tFind out here what specific tasks our association has defined.\t\t\t\t\t<\/p>\n\t\t\t\t\n\t\t\t<\/div>\n\t\t\t\n\t\t<\/div>\n\t\t\t\t\t\t<\/div>\n\t\t\t\t<\/div>\n\t\t\t\t<\/div>\n\t\t<div class=\"elementor-element elementor-element-672debad e-con-full e-flex e-con e-child\" data-id=\"672debad\" data-element_type=\"container\" data-settings=\"{&quot;background_background&quot;:&quot;classic&quot;,&quot;animation&quot;:&quot;none&quot;,&quot;animation_delay&quot;:600}\">\n\t\t\t\t<div class=\"elementor-element elementor-element-39ded9cb elementor-view-default elementor-position-block-start elementor-mobile-position-block-start elementor-widget elementor-widget-icon-box\" data-id=\"39ded9cb\" data-element_type=\"widget\" data-widget_type=\"icon-box.default\">\n\t\t\t\t<div class=\"elementor-widget-container\">\n\t\t\t\t\t\t\t<div class=\"elementor-icon-box-wrapper\">\n\n\t\t\t\t\t\t<div class=\"elementor-icon-box-icon\">\n\t\t\t\t<a href=\"https:\/\/shoeeyeq.com\/en\/kurse\/\" class=\"elementor-icon elementor-animation-float\" tabindex=\"-1\" aria-label=\"Web Based Training\">\n\t\t\t\t<i aria-hidden=\"true\" class=\"icon icon-youtube-feed\"><\/i>\t\t\t\t<\/a>\n\t\t\t<\/div>\n\t\t\t\n\t\t\t\t\t\t<div class=\"elementor-icon-box-content\">\n\n\t\t\t\t\t\t\t\t\t<h5 class=\"elementor-icon-box-title\">\n\t\t\t\t\t\t<a href=\"https:\/\/shoeeyeq.com\/en\/kurse\/\" >\n\t\t\t\t\t\t\tWeb Based Training\t\t\t\t\t\t<\/a>\n\t\t\t\t\t<\/h5>\n\t\t\t\t\n\t\t\t\t\t\t\t\t\t<p class=\"elementor-icon-box-description\">\n\t\t\t\t\t\tYou can also take advantage of the opportunity to further your education online.\t\t\t\t\t<\/p>\n\t\t\t\t\n\t\t\t<\/div>\n\t\t\t\n\t\t<\/div>\n\t\t\t\t\t\t<\/div>\n\t\t\t\t<\/div>\n\t\t\t\t<\/div>\n\t\t\t\t<\/div>\n\t\t\t\t<\/div>\n\t\t\t\t\t<\/div>\n\t\t\t\t<\/div>\n\t\t<div class=\"elementor-element elementor-element-470280d3 e-flex e-con-boxed e-con e-parent\" data-id=\"470280d3\" data-element_type=\"container\">\n\t\t\t\t\t<div class=\"e-con-inner\">\n\t\t<div class=\"elementor-element elementor-element-5b3fc98f e-con-full e-flex e-con e-child\" data-id=\"5b3fc98f\" data-element_type=\"container\">\n\t\t\t\t<div class=\"elementor-element elementor-element-33bb4c5 elementor-widget elementor-widget-image\" data-id=\"33bb4c5\" data-element_type=\"widget\" data-settings=\"{&quot;_animation&quot;:&quot;none&quot;}\" data-widget_type=\"image.default\">\n\t\t\t\t<div class=\"elementor-widget-container\">\n\t\t\t\t\t\t\t\t\t\t\t\t\t\t\t<img decoding=\"async\" width=\"652\" height=\"975\" src=\"https:\/\/shoeeyeq.com\/wp-content\/uploads\/2025\/07\/Meisterin.webp\" class=\"attachment-full size-full wp-image-1780\" alt=\"\" srcset=\"https:\/\/shoeeyeq.com\/wp-content\/uploads\/2025\/07\/Meisterin.webp 652w, https:\/\/shoeeyeq.com\/wp-content\/uploads\/2025\/07\/Meisterin-201x300.webp 201w, https:\/\/shoeeyeq.com\/wp-content\/uploads\/2025\/07\/Meisterin-8x12.webp 8w\" sizes=\"(max-width: 652px) 100vw, 652px\" \/>\t\t\t\t\t\t\t\t\t\t\t\t\t\t\t<\/div>\n\t\t\t\t<\/div>\n\t\t\t\t<\/div>\n\t\t<div class=\"elementor-element elementor-element-2621e81a e-con-full e-flex e-con e-child\" data-id=\"2621e81a\" data-element_type=\"container\">\n\t\t\t\t<div class=\"elementor-element elementor-element-7e810d2b elementor-widget elementor-widget-heading\" data-id=\"7e810d2b\" data-element_type=\"widget\" data-settings=\"{&quot;_animation&quot;:&quot;none&quot;}\" data-widget_type=\"heading.default\">\n\t\t\t\t<div class=\"elementor-widget-container\">\n\t\t\t\t\t<span class=\"elementor-heading-title elementor-size-default\">Learn flexibly, practically and with the highest precision in orthopaedic footwear technology<\/span>\t\t\t\t<\/div>\n\t\t\t\t<\/div>\n\t\t\t\t<div class=\"elementor-element elementor-element-3e79f8e4 elementor-widget elementor-widget-text-editor\" data-id=\"3e79f8e4\" data-element_type=\"widget\" data-settings=\"{&quot;_animation&quot;:&quot;none&quot;}\" data-widget_type=\"text-editor.default\">\n\t\t\t\t<div class=\"elementor-widget-container\">\n\t\t\t\t\t\t\t\t\t<p><span class=\"_fadeIn_m1hgl_8\">Our <\/span><span class=\"_fadeIn_m1hgl_8\">Online<\/span><span class=\"_fadeIn_m1hgl_8\">Courses <\/span><span class=\"_fadeIn_m1hgl_8\">were <\/span><span class=\"_fadeIn_m1hgl_8\">special <\/span><span class=\"_fadeIn_m1hgl_8\">for <\/span><span class=\"_fadeIn_m1hgl_8\">Specialists <\/span><span class=\"_fadeIn_m1hgl_8\">and <\/span><span class=\"_fadeIn_m1hgl_8\">Apprentices <\/span><span class=\"_fadeIn_m1hgl_8\">in <\/span><span class=\"_fadeIn_m1hgl_8\">the <\/span><span class=\"_fadeIn_m1hgl_8\">Orthopedic shoe technology <\/span><span class=\"_fadeIn_m1hgl_8\">developed. <\/span><span class=\"_fadeIn_m1hgl_8\">Learning <\/span><span class=\"_fadeIn_m1hgl_8\">You <\/span><span class=\"_fadeIn_m1hgl_8\">in <\/span><span class=\"_fadeIn_m1hgl_8\">Yours <\/span><span class=\"_fadeIn_m1hgl_8\">Tempo - <\/span><span class=\"_fadeIn_m1hgl_8\">with <\/span><span class=\"_fadeIn_m1hgl_8\">practical <\/span><span class=\"_fadeIn_m1hgl_8\">Case studies, <\/span><span class=\"_fadeIn_m1hgl_8\">detailed <\/span><span class=\"_fadeIn_m1hgl_8\">Instructions <\/span><span class=\"_fadeIn_m1hgl_8\">and <\/span><span class=\"_fadeIn_m1hgl_8\">well-founded <\/span><span class=\"_fadeIn_m1hgl_8\">Expert knowledge.<\/span><\/p>\t\t\t\t\t\t\t\t<\/div>\n\t\t\t\t<\/div>\n\t\t<div class=\"elementor-element elementor-element-2314fc6d e-con-full e-flex e-con e-child\" data-id=\"2314fc6d\" data-element_type=\"container\">\n\t\t\t\t<div class=\"elementor-element elementor-element-7229334e elementor-widget__width-initial elementor-widget-mobile__width-inherit elementor-view-default elementor-invisible elementor-widget elementor-widget-icon\" data-id=\"7229334e\" data-element_type=\"widget\" data-settings=\"{&quot;_animation&quot;:&quot;fadeInUp&quot;}\" data-widget_type=\"icon.default\">\n\t\t\t\t<div class=\"elementor-widget-container\">\n\t\t\t\t\t\t\t<div class=\"elementor-icon-wrapper\">\n\t\t\t<div class=\"elementor-icon\">\n\t\t\t<i aria-hidden=\"true\" class=\"icon icon-quote2\"><\/i>\t\t\t<\/div>\n\t\t<\/div>\n\t\t\t\t\t\t<\/div>\n\t\t\t\t<\/div>\n\t\t\t\t<div class=\"elementor-element elementor-element-5f831c07 elementor-widget__width-initial elementor-widget-mobile__width-inherit elementor-widget elementor-widget-testimonial\" data-id=\"5f831c07\" data-element_type=\"widget\" data-settings=\"{&quot;_animation&quot;:&quot;none&quot;}\" data-widget_type=\"testimonial.default\">\n\t\t\t\t<div class=\"elementor-widget-container\">\n\t\t\t\t\t\t\t<div class=\"elementor-testimonial-wrapper\">\n\t\t\t\t\t\t\t<div class=\"elementor-testimonial-content\">The content is precisely tailored to our day-to-day work in orthopaedic footwear technology. I particularly liked the modules on custom-made orthopaedic footwear and analyzing foot malpositions. Everything was explained clearly - with lots of practical examples. Digital learning enabled me to combine theory and workshop work in the best possible way. This platform is a real enrichment for our trade.<\/div>\n\t\t\t\n\t\t\t\t\t<\/div>\n\t\t\t\t\t\t<\/div>\n\t\t\t\t<\/div>\n\t\t\t\t<\/div>\n\t\t\t\t<\/div>\n\t\t\t\t\t<\/div>\n\t\t\t\t<\/div>\n\t\t\t\t<\/div>","protected":false},"excerpt":{"rendered":"<p>\u00dcber uns Wir begleiten Sie auf dem Weg zur Meisterschule in der Orthop\u00e4dieschuhtechnik. Franz Fischer Aufgaben Praepartio e. V. Vermitteln von Grundwissen f\u00fcr die Meisterschule in den Fachbereichen Anatomie, Leistenbau, Schaftbau, Bodenbau und Medizinproduktegesetz. Die Dozenten stellen Aufgaben und kontrollieren die eingehenden Arbeiten. In der Vorbereitungszeit stellt Praeparatio e.V. den Mitgliedern schriftliche Unterlagen zur Verf\u00fcgung. [&hellip;]<\/p>","protected":false},"author":1,"featured_media":0,"parent":0,"menu_order":0,"comment_status":"closed","ping_status":"closed","template":"elementor_header_footer","meta":{"footnotes":""},"class_list":["post-97","page","type-page","status-publish","hentry"],"_links":{"self":[{"href":"https:\/\/shoeeyeq.com\/en\/wp-json\/wp\/v2\/pages\/97","targetHints":{"allow":["GET"]}}],"collection":[{"href":"https:\/\/shoeeyeq.com\/en\/wp-json\/wp\/v2\/pages"}],"about":[{"href":"https:\/\/shoeeyeq.com\/en\/wp-json\/wp\/v2\/types\/page"}],"author":[{"embeddable":true,"href":"https:\/\/shoeeyeq.com\/en\/wp-json\/wp\/v2\/users\/1"}],"replies":[{"embeddable":true,"href":"https:\/\/shoeeyeq.com\/en\/wp-json\/wp\/v2\/comments?post=97"}],"version-history":[{"count":80,"href":"https:\/\/shoeeyeq.com\/en\/wp-json\/wp\/v2\/pages\/97\/revisions"}],"predecessor-version":[{"id":1805,"href":"https:\/\/shoeeyeq.com\/en\/wp-json\/wp\/v2\/pages\/97\/revisions\/1805"}],"wp:attachment":[{"href":"https:\/\/shoeeyeq.com\/en\/wp-json\/wp\/v2\/media?parent=97"}],"curies":[{"name":"wp","href":"https:\/\/api.w.org\/{rel}","templated":true}]}}