{"id":1754,"date":"2025-07-08T13:23:14","date_gmt":"2025-07-08T11:23:14","guid":{"rendered":"https:\/\/shoeeyeq.com\/?page_id=1754"},"modified":"2025-07-08T13:25:09","modified_gmt":"2025-07-08T11:25:09","slug":"cookie-richtlinien","status":"publish","type":"page","link":"https:\/\/shoeeyeq.com\/fr\/cookie-richtlinien\/","title":{"rendered":"Politique en mati\u00e8re de cookies"},"content":{"rendered":"<div data-elementor-type=\"wp-page\" data-elementor-id=\"1754\" class=\"elementor elementor-1754\" data-elementor-post-type=\"page\">\n\t\t\t\t<div class=\"elementor-element elementor-element-4379c82 e-flex e-con-boxed e-con e-parent\" data-id=\"4379c82\" data-element_type=\"container\">\n\t\t\t\t\t<div class=\"e-con-inner\">\n\t\t\t\t<div class=\"elementor-element elementor-element-a5d822a elementor-widget elementor-widget-text-editor\" data-id=\"a5d822a\" data-element_type=\"widget\" data-widget_type=\"text-editor.default\">\n\t\t\t\t<div class=\"elementor-widget-container\">\n\t\t\t\t\t\t\t\t\t<h2 data-start=\"448\" data-end=\"488\">\ud83c\udf6a Politique de cookies de shoeeyeq.com<\/h2><p data-start=\"490\" data-end=\"514\"><strong data-start=\"490\" data-end=\"514\">Mise \u00e0 jour : 09 juin 2025<\/strong><\/p><p data-start=\"516\" data-end=\"690\">Cette politique en mati\u00e8re de cookies explique comment et pourquoi les cookies sont utilis\u00e9s sur notre site, combien de temps ils sont conserv\u00e9s et comment vous pouvez g\u00e9rer votre consentement.<\/p><h3 data-start=\"692\" data-end=\"716\">1. que sont les cookies ?<\/h3><p data-start=\"718\" data-end=\"971\">Les cookies sont de petits fichiers texte qui sont enregistr\u00e9s sur votre terminal lorsque vous visitez notre site web. Ils nous permettent de reconna\u00eetre votre appareil lors de vos visites ult\u00e9rieures, de m\u00e9moriser vos pr\u00e9f\u00e9rences et de mettre \u00e0 disposition certaines fonctions.<\/p><p data-start=\"973\" data-end=\"1031\">Les cookies peuvent \u00eatre class\u00e9s dans les cat\u00e9gories suivantes :<\/p><ul data-start=\"1033\" data-end=\"1540\"><li data-start=\"1033\" data-end=\"1187\"><p data-start=\"1035\" data-end=\"1187\"><strong data-start=\"1035\" data-end=\"1070\">Cookies strictement n\u00e9cessaires<\/strong><br data-start=\"1070\" data-end=\"1073\" \/>Ils sont n\u00e9cessaires au bon fonctionnement du site (par exemple, s\u00e9curit\u00e9, navigation sur la page, param\u00e8tres des cookies).<\/p><\/li><li data-start=\"1189\" data-end=\"1324\"><p data-start=\"1191\" data-end=\"1324\"><strong data-start=\"1191\" data-end=\"1214\">Cookies fonctionnels<\/strong><br data-start=\"1214\" data-end=\"1217\" \/>Permettent des fonctionnalit\u00e9s avanc\u00e9es, telles que les contenus int\u00e9gr\u00e9s ou les services de cartographie (par exemple Google Maps).<\/p><\/li><li data-start=\"1326\" data-end=\"1433\"><p data-start=\"1328\" data-end=\"1433\"><strong data-start=\"1328\" data-end=\"1349\">Cookies statistiques<\/strong><br data-start=\"1349\" data-end=\"1352\" \/>Servent \u00e0 l'\u00e9valuation anonyme du comportement des utilisateurs, par exemple par des outils d'analyse.<\/p><\/li><li data-start=\"1435\" data-end=\"1540\"><p data-start=\"1437\" data-end=\"1540\"><strong data-start=\"1437\" data-end=\"1458\">Cookies de marketing<\/strong><br data-start=\"1458\" data-end=\"1461\" \/>Utilis\u00e9 pour la diffusion de contenus personnalis\u00e9s ou de publicit\u00e9 par des tiers.<\/p><\/li><\/ul><h3 data-start=\"1547\" data-end=\"1584\">2. consentement et banni\u00e8re de cookie<\/h3><p data-start=\"1586\" data-end=\"1853\">Lorsque vous visitez notre site web pour la premi\u00e8re fois, vous recevez une banni\u00e8re de cookies qui vous permet de consentir \u00e0 l'utilisation de cookies non indispensables. Ce consentement est donn\u00e9 conform\u00e9ment \u00e0 <strong data-start=\"1764\" data-end=\"1794\">Art. 6, alin\u00e9a 1, lettre a du RGPD<\/strong>. Vous pouvez modifier ou annuler votre choix \u00e0 tout moment.<\/p><p data-start=\"1855\" data-end=\"2023\">Pour g\u00e9rer vos pr\u00e9f\u00e9rences en mati\u00e8re de cookies, nous utilisons une plateforme de gestion du consentement (CMP) qui documente vos choix et les conserve jusqu'\u00e0 deux ans.<\/p><h3 data-start=\"2030\" data-end=\"2068\">3. cookies et services utilis\u00e9s<\/h3><p data-start=\"2070\" data-end=\"2169\">Les cookies et outils tiers suivants sont (ou peuvent \u00eatre) utilis\u00e9s sur notre site web :<\/p><div class=\"_tableContainer_80l1q_1\"><div class=\"_tableWrapper_80l1q_14 group flex w-fit flex-col-reverse\" tabindex=\"-1\"><table class=\"w-fit min-w-(--thread-content-width)\" data-start=\"2171\" data-end=\"2733\"><thead data-start=\"2171\" data-end=\"2231\"><tr data-start=\"2171\" data-end=\"2231\"><th data-start=\"2171\" data-end=\"2189\" data-col-size=\"sm\">Fournisseur\/service<\/th><th data-start=\"2189\" data-end=\"2197\" data-col-size=\"sm\">Objectif<\/th><th data-start=\"2197\" data-end=\"2210\" data-col-size=\"sm\">Type de cookie<\/th><th data-start=\"2210\" data-end=\"2231\" data-col-size=\"sm\">Transfert de pays tiers<\/th><\/tr><\/thead><tbody data-start=\"2294\" data-end=\"2733\"><tr data-start=\"2294\" data-end=\"2383\"><td data-start=\"2294\" data-end=\"2310\" data-col-size=\"sm\"><strong data-start=\"2296\" data-end=\"2309\">Wordfence<\/strong><\/td><td data-col-size=\"sm\" data-start=\"2310\" data-end=\"2334\">S\u00e9curit\u00e9 \/ Pare-feu<\/td><td data-col-size=\"sm\" data-start=\"2334\" data-end=\"2349\">N\u00e9cessaire<\/td><td data-col-size=\"sm\" data-start=\"2349\" data-end=\"2383\">\u00c9tats-Unis (clauses contractuelles types)<\/td><\/tr><tr data-start=\"2384\" data-end=\"2467\"><td data-start=\"2384\" data-end=\"2402\" data-col-size=\"sm\"><strong data-start=\"2386\" data-end=\"2401\">Google Maps<\/strong><\/td><td data-col-size=\"sm\" data-start=\"2402\" data-end=\"2422\">Repr\u00e9sentation cartographique<\/td><td data-col-size=\"sm\" data-start=\"2422\" data-end=\"2454\">Fonctionnel (avec consentement)<\/td><td data-col-size=\"sm\" data-start=\"2454\" data-end=\"2467\">\u00c9TATS-UNIS (DPF)<\/td><\/tr><tr data-start=\"2468\" data-end=\"2540\"><td data-start=\"2468\" data-end=\"2482\" data-col-size=\"sm\"><strong data-start=\"2470\" data-end=\"2481\">Akismet<\/strong><\/td><td data-col-size=\"sm\" data-start=\"2482\" data-end=\"2512\">Protection contre le spam pour les commentaires<\/td><td data-col-size=\"sm\" data-start=\"2512\" data-end=\"2527\">N\u00e9cessaire<\/td><td data-col-size=\"sm\" data-start=\"2527\" data-end=\"2540\">\u00c9TATS-UNIS (DPF)<\/td><\/tr><tr data-start=\"2541\" data-end=\"2634\"><td data-start=\"2541\" data-end=\"2572\" data-col-size=\"sm\"><strong data-start=\"2543\" data-end=\"2571\">\u00c9mojis\/Smilies WordPress<\/strong><\/td><td data-col-size=\"sm\" data-start=\"2572\" data-end=\"2606\">Repr\u00e9sentation d'\u00e9l\u00e9ments graphiques<\/td><td data-col-size=\"sm\" data-start=\"2606\" data-end=\"2619\">Fonctionnel<\/td><td data-col-size=\"sm\" data-start=\"2619\" data-end=\"2634\">Irlande (UE)<\/td><\/tr><tr data-start=\"2635\" data-end=\"2733\"><td data-start=\"2635\" data-end=\"2667\" data-col-size=\"sm\"><strong data-start=\"2637\" data-end=\"2666\">Banni\u00e8re de consentement (CMP)<\/strong><\/td><td data-col-size=\"sm\" data-start=\"2667\" data-end=\"2697\">Gestion de votre consentement<\/td><td data-col-size=\"sm\" data-start=\"2697\" data-end=\"2712\">N\u00e9cessaire<\/td><td data-col-size=\"sm\" data-start=\"2712\" data-end=\"2733\">Enregistr\u00e9 localement<\/td><\/tr><\/tbody><\/table><div class=\"sticky end-(--thread-content-margin) h-0 self-end select-none\"><div class=\"absolute end-0 flex items-end\">\u00a0<\/div><\/div><\/div><\/div><blockquote data-start=\"2735\" data-end=\"2975\"><p data-start=\"2737\" data-end=\"2975\">Remarque : d'autres cookies peuvent \u00eatre techniquement requis par des contenus int\u00e9gr\u00e9s ou des plugins. Vous trouverez des d\u00e9tails \u00e0 ce sujet dans la section \"Plug-ins et contenus int\u00e9gr\u00e9s\" de notre <a class=\"\" href=\"https:\/\/shoeeyeq.com\/fr\/datenschutz\/\" target=\"_new\" rel=\"noopener\" data-start=\"2917\" data-end=\"2974\">D\u00e9claration de confidentialit\u00e9<\/a>.<\/p><\/blockquote><h3 data-start=\"2982\" data-end=\"3009\">4. dur\u00e9e de conservation des cookies<\/h3><ul data-start=\"3011\" data-end=\"3213\"><li data-start=\"3011\" data-end=\"3084\"><p data-start=\"3013\" data-end=\"3084\"><strong data-start=\"3013\" data-end=\"3032\">Cookies de session<\/strong>Les donn\u00e9es personnelles : sont supprim\u00e9es d\u00e8s que vous fermez votre navigateur.<\/p><\/li><li data-start=\"3085\" data-end=\"3213\"><p data-start=\"3087\" data-end=\"3213\"><strong data-start=\"3087\" data-end=\"3110\">Cookies persistants<\/strong>Les donn\u00e9es personnelles sont conserv\u00e9es jusqu'\u00e0 deux ans, en fonction de leur finalit\u00e9 (par ex. pour les statistiques ou les param\u00e8tres linguistiques).<\/p><\/li><\/ul><h3 data-start=\"3220\" data-end=\"3261\">5. comment puis-je d\u00e9sactiver les cookies ?<\/h3><p data-start=\"3263\" data-end=\"3360\">Vous pouvez modifier ou annuler vos param\u00e8tres de cookies \u00e0 tout moment via notre [Banni\u00e8re de cookies].<\/p><p data-start=\"3362\" data-end=\"3475\">En outre, vous pouvez bloquer ou supprimer les cookies dans votre navigateur. Vous trouverez par exemple des informations \u00e0 ce sujet ici :<\/p><ul data-start=\"3477\" data-end=\"3720\"><li data-start=\"3477\" data-end=\"3542\"><p data-start=\"3479\" data-end=\"3542\"><a class=\"cursor-pointer\" href=\"https:\/\/support.google.com\/chrome\/answer\/95647\" target=\"_new\" rel=\"noopener\" data-start=\"3479\" data-end=\"3542\">Google Chrome<\/a><\/p><\/li><li data-start=\"3543\" data-end=\"3643\"><p data-start=\"3545\" data-end=\"3643\"><a class=\"\" href=\"https:\/\/support.mozilla.org\/de\/kb\/cookies-loeschen-daten-von-websites-entfernen\" target=\"_new\" rel=\"noopener\" data-start=\"3545\" data-end=\"3643\">Mozilla Firefox<\/a><\/p><\/li><li data-start=\"3644\" data-end=\"3720\"><p data-start=\"3646\" data-end=\"3720\"><a class=\"\" href=\"https:\/\/support.apple.com\/de-de\/guide\/safari\/sfri11471\/mac\" target=\"_new\" rel=\"noopener\" data-start=\"3646\" data-end=\"3720\">Apple Safari<\/a><\/p><\/li><\/ul><h3 data-start=\"3727\" data-end=\"3750\">6. bases juridiques<\/h3><p data-start=\"3752\" data-end=\"3830\">Le stockage et le traitement des cookies s'effectuent sur les bases suivantes :<\/p><ul data-start=\"3832\" data-end=\"3982\"><li data-start=\"3832\" data-end=\"3912\"><p data-start=\"3834\" data-end=\"3912\"><strong data-start=\"3834\" data-end=\"3859\">Cookies n\u00e9cessaires<\/strong>Art. 6, paragraphe 1, point f), du RGPD (int\u00e9r\u00eat l\u00e9gitime)<\/p><\/li><li data-start=\"3913\" data-end=\"3982\"><p data-start=\"3915\" data-end=\"3982\"><strong data-start=\"3915\" data-end=\"3939\">Tous les autres cookies<\/strong>Art. 6, alin\u00e9a 1, lettre a du RGPD (consentement)<\/p><\/li><\/ul><p><strong data-start=\"3989\" data-end=\"4000\">Des questions ?<\/strong><\/p><p data-start=\"3989\" data-end=\"4131\">Pour toute question relative \u00e0 la pr\u00e9sente politique ou \u00e0 vos droits en tant qu'utilisateur, veuillez vous adresser \u00e0 :<br data-start=\"4091\" data-end=\"4094\" \/>\ud83d\udce7 <a class=\"cursor-pointer\" rel=\"noopener\" data-start=\"4097\" data-end=\"4117\">info@praeparatio.com<\/a> | \u260e 096211838<\/p>\t\t\t\t\t\t\t\t<\/div>\n\t\t\t\t<\/div>\n\t\t\t\t\t<\/div>\n\t\t\t\t<\/div>\n\t\t\t\t<\/div>","protected":false},"excerpt":{"rendered":"<p>\ud83c\udf6a Cookie-Richtlinie von shoeeyeq.com Stand: 09. Juni 2025 Diese Cookie-Richtlinie erkl\u00e4rt, wie und warum Cookies auf unserer Website verwendet werden, wie lange sie gespeichert bleiben und wie Sie Ihre Einwilligung verwalten k\u00f6nnen. 1. Was sind Cookies? Cookies sind kleine Textdateien, die auf Ihrem Endger\u00e4t gespeichert werden, wenn Sie unsere Website besuchen. Sie erm\u00f6glichen es uns, [&hellip;]<\/p>","protected":false},"author":1,"featured_media":0,"parent":0,"menu_order":0,"comment_status":"closed","ping_status":"closed","template":"elementor_header_footer","meta":{"footnotes":""},"class_list":["post-1754","page","type-page","status-publish","hentry"],"_links":{"self":[{"href":"https:\/\/shoeeyeq.com\/fr\/wp-json\/wp\/v2\/pages\/1754","targetHints":{"allow":["GET"]}}],"collection":[{"href":"https:\/\/shoeeyeq.com\/fr\/wp-json\/wp\/v2\/pages"}],"about":[{"href":"https:\/\/shoeeyeq.com\/fr\/wp-json\/wp\/v2\/types\/page"}],"author":[{"embeddable":true,"href":"https:\/\/shoeeyeq.com\/fr\/wp-json\/wp\/v2\/users\/1"}],"replies":[{"embeddable":true,"href":"https:\/\/shoeeyeq.com\/fr\/wp-json\/wp\/v2\/comments?post=1754"}],"version-history":[{"count":7,"href":"https:\/\/shoeeyeq.com\/fr\/wp-json\/wp\/v2\/pages\/1754\/revisions"}],"predecessor-version":[{"id":1761,"href":"https:\/\/shoeeyeq.com\/fr\/wp-json\/wp\/v2\/pages\/1754\/revisions\/1761"}],"wp:attachment":[{"href":"https:\/\/shoeeyeq.com\/fr\/wp-json\/wp\/v2\/media?parent=1754"}],"curies":[{"name":"wp","href":"https:\/\/api.w.org\/{rel}","templated":true}]}}