{"id":1762,"date":"2025-07-08T13:26:53","date_gmt":"2025-07-08T11:26:53","guid":{"rendered":"https:\/\/shoeeyeq.com\/?page_id=1762"},"modified":"2025-07-08T13:30:50","modified_gmt":"2025-07-08T11:30:50","slug":"agb","status":"publish","type":"page","link":"https:\/\/shoeeyeq.com\/fr\/agb\/","title":{"rendered":"Agb"},"content":{"rendered":"<div data-elementor-type=\"wp-page\" data-elementor-id=\"1762\" class=\"elementor elementor-1762\" data-elementor-post-type=\"page\">\n\t\t\t\t<div class=\"elementor-element elementor-element-0acb522 e-flex e-con-boxed e-con e-parent\" data-id=\"0acb522\" data-element_type=\"container\">\n\t\t\t\t\t<div class=\"e-con-inner\">\n\t\t\t\t<div class=\"elementor-element elementor-element-2eaa45c elementor-widget elementor-widget-text-editor\" data-id=\"2eaa45c\" data-element_type=\"widget\" data-widget_type=\"text-editor.default\">\n\t\t\t\t<div class=\"elementor-widget-container\">\n\t\t\t\t\t\t\t\t\t<h2 data-start=\"228\" data-end=\"274\">Conditions g\u00e9n\u00e9rales de vente (CGV)<\/h2><p data-start=\"275\" data-end=\"359\"><strong data-start=\"275\" data-end=\"332\">pour l'utilisation de la plateforme d'e-learning shoeeyeq.com<\/strong><br data-start=\"332\" data-end=\"335\" \/><strong data-start=\"335\" data-end=\"359\">Mise \u00e0 jour : 08 juillet 2025<\/strong><\/p><h3 data-start=\"361\" data-end=\"385\">1) Champ d'application<\/h3><p data-start=\"386\" data-end=\"529\">Les pr\u00e9sentes conditions g\u00e9n\u00e9rales s'appliquent \u00e0 tous les contrats, utilisations et prestations en rapport avec la plate-forme d'e-learning <strong data-start=\"492\" data-end=\"508\">shoeeyeq.com<\/strong>, fourni par :<\/p><p data-start=\"531\" data-end=\"642\"><strong data-start=\"531\" data-end=\"551\">Praeparatio e.V.<\/strong><br data-start=\"551\" data-end=\"554\" \/>Rue de l'abattoir 11<br data-start=\"575\" data-end=\"578\" \/>92224 Amberg<br data-start=\"590\" data-end=\"593\" \/>Courrier \u00e9lectronique : <a class=\"cursor-pointer\" rel=\"noopener\" data-start=\"601\" data-end=\"621\">info@praeparatio.com<\/a><br data-start=\"621\" data-end=\"624\" \/>T\u00e9l\u00e9phone : 096211838<\/p><p data-start=\"644\" data-end=\"713\">Enregistr\u00e9 au registre des associations d'Amberg, VR 200318<br data-start=\"692\" data-end=\"695\" \/>Repr\u00e9sent\u00e9 par :<\/p><ol data-start=\"714\" data-end=\"777\"><li data-start=\"714\" data-end=\"746\"><p data-start=\"717\" data-end=\"746\">Pr\u00e9sident : Franz Fischer<\/p><\/li><li data-start=\"747\" data-end=\"777\"><p data-start=\"750\" data-end=\"777\">Pr\u00e9sident : Wolfgang Wedl<\/p><\/li><\/ol><h3 data-start=\"779\" data-end=\"809\">2. cahier des charges<\/h3><p data-start=\"810\" data-end=\"1110\">Shoeeyeq.com offre aux utilisateurs enregistr\u00e9s l'acc\u00e8s \u00e0 des contenus d'apprentissage num\u00e9riques tels que des cours, des vid\u00e9os, des supports de travail, etc., notamment dans le domaine de la technique de la chaussure orthop\u00e9dique, de la formation m\u00e9dicale.<br data-start=\"1035\" data-end=\"1038\" \/>Certains contenus peuvent \u00eatre gratuits, d'autres payants.<\/p><h3 data-start=\"1112\" data-end=\"1150\">3. enregistrement et compte d'utilisateur<\/h3><ul data-start=\"1151\" data-end=\"1408\"><li data-start=\"1151\" data-end=\"1210\"><p data-start=\"1153\" data-end=\"1210\">L'utilisation de la plate-forme n\u00e9cessite un enregistrement.<\/p><\/li><li data-start=\"1211\" data-end=\"1301\"><p data-start=\"1213\" data-end=\"1301\">L'utilisateur s'engage \u00e0 fournir des informations v\u00e9ridiques lors de l'enregistrement.<\/p><\/li><li data-start=\"1302\" data-end=\"1367\"><p data-start=\"1304\" data-end=\"1367\">Les donn\u00e9es d'acc\u00e8s ne doivent pas \u00eatre transmises \u00e0 des tiers.<\/p><\/li><li data-start=\"1368\" data-end=\"1408\"><p data-start=\"1370\" data-end=\"1408\">Le compte d'utilisateur n'est pas transf\u00e9rable.<\/p><\/li><\/ul><h3 data-start=\"1410\" data-end=\"1458\">4. conclusion du contrat et conditions de paiement<\/h3><ul data-start=\"1459\" data-end=\"1845\"><li data-start=\"1459\" data-end=\"1579\"><p data-start=\"1461\" data-end=\"1579\">Un contrat portant sur des contenus payants est conclu lorsque l'utilisateur effectue une r\u00e9servation payante sur la plateforme.<\/p><\/li><li data-start=\"1580\" data-end=\"1688\"><p data-start=\"1582\" data-end=\"1688\">Les prix peuvent \u00eatre consult\u00e9s sur la page de chaque cours et s'entendent TVA incluse (si applicable).<\/p><\/li><li data-start=\"1689\" data-end=\"1762\"><p data-start=\"1691\" data-end=\"1762\">Le paiement s'effectue par carte de cr\u00e9dit, PayPal, virement bancaire.<\/p><\/li><li data-start=\"1763\" data-end=\"1845\"><p data-start=\"1765\" data-end=\"1845\">L'acc\u00e8s aux cours payants est activ\u00e9 apr\u00e8s r\u00e9ception du paiement.<\/p><\/li><\/ul><h3 data-start=\"1847\" data-end=\"1870\">5. droit de r\u00e9tractation<\/h3><p data-start=\"1871\" data-end=\"2114\">Les consommateurs disposent d'un droit de r\u00e9tractation l\u00e9gal.<br data-start=\"1925\" data-end=\"1928\" \/><strong data-start=\"1928\" data-end=\"1940\">Remarque :<\/strong> Pour les contenus num\u00e9riques, le droit de r\u00e9tractation expire d\u00e8s que l'ex\u00e9cution (par exemple l'activation du cours) a commenc\u00e9 et que l'utilisateur l'a express\u00e9ment accept\u00e9.<\/p><p data-start=\"2116\" data-end=\"2222\">\u27a1 Une <strong data-start=\"2123\" data-end=\"2145\">Information sur le droit de r\u00e9tractation<\/strong> tu peux les fournir s\u00e9par\u00e9ment - je me ferai un plaisir de les formuler pour toi si tu le souhaites.<\/p><h3 data-start=\"2224\" data-end=\"2247\">6. droits d'utilisation<\/h3><ul data-start=\"2248\" data-end=\"2522\"><li data-start=\"2248\" data-end=\"2313\"><p data-start=\"2250\" data-end=\"2313\">Les contenus mis \u00e0 disposition sont prot\u00e9g\u00e9s par des droits d'auteur.<\/p><\/li><li data-start=\"2314\" data-end=\"2444\"><p data-start=\"2316\" data-end=\"2444\">En achetant un cours, l'utilisateur obtient un droit d'utilisation simple et non transmissible pour sa formation continue personnelle.<\/p><\/li><li data-start=\"2445\" data-end=\"2522\"><p data-start=\"2447\" data-end=\"2522\">Toute transmission, reproduction ou utilisation commerciale est interdite.<\/p><\/li><\/ul><h3 data-start=\"2524\" data-end=\"2558\">7) Disponibilit\u00e9 et responsabilit\u00e9<\/h3><ul data-start=\"2559\" data-end=\"2912\"><li data-start=\"2559\" data-end=\"2645\"><p data-start=\"2561\" data-end=\"2645\">Nous nous effor\u00e7ons d'assurer une disponibilit\u00e9 de la plate-forme aussi ininterrompue que possible.<\/p><\/li><li data-start=\"2646\" data-end=\"2710\"><p data-start=\"2648\" data-end=\"2710\">Des travaux de maintenance ou des perturbations peuvent parfois survenir.<\/p><\/li><li data-start=\"2711\" data-end=\"2836\"><p data-start=\"2713\" data-end=\"2836\">Nous d\u00e9clinons toute responsabilit\u00e9 en cas de panne due \u00e0 un cas de force majeure ou \u00e0 des probl\u00e8mes techniques externes (par exemple, fournisseur d'acc\u00e8s \u00e0 Internet).<\/p><\/li><li data-start=\"2837\" data-end=\"2912\"><p data-start=\"2839\" data-end=\"2912\">En cas de n\u00e9gligence grave ou de faute intentionnelle, nous sommes responsables dans la mesure pr\u00e9vue par la loi.<\/p><\/li><\/ul><h3 data-start=\"2914\" data-end=\"2943\">8. obligations des utilisateurs<\/h3><ul data-start=\"2944\" data-end=\"3194\"><li data-start=\"2944\" data-end=\"3053\"><p data-start=\"2946\" data-end=\"3053\">L'utilisateur s'engage \u00e0 n'utiliser la plate-forme que dans le cadre des lois en vigueur et des pr\u00e9sentes conditions g\u00e9n\u00e9rales.<\/p><\/li><li data-start=\"3054\" data-end=\"3194\"><p data-start=\"3056\" data-end=\"3194\">Les infractions (par exemple le partage non autoris\u00e9 de contenus, la perturbation du fonctionnement, les insultes) peuvent entra\u00eener la suspension ou la suppression du compte.<\/p><\/li><\/ul><h3 data-start=\"3196\" data-end=\"3227\">9. dur\u00e9e et r\u00e9siliation<\/h3><ul data-start=\"3228\" data-end=\"3498\"><li data-start=\"3228\" data-end=\"3331\"><p data-start=\"3230\" data-end=\"3331\">L'acc\u00e8s \u00e0 certains cours est limit\u00e9 dans le temps ou illimit\u00e9, comme d\u00e9crit dans l'offre.<\/p><\/li><li data-start=\"3332\" data-end=\"3406\"><p data-start=\"3334\" data-end=\"3406\">Les comptes d'utilisateurs peuvent \u00eatre supprim\u00e9s \u00e0 tout moment sans indication de motif.<\/p><\/li><li data-start=\"3407\" data-end=\"3498\"><p data-start=\"3409\" data-end=\"3498\">Praeparatio e.V. se r\u00e9serve le droit de bloquer l'acc\u00e8s ou de modifier le contenu.<\/p><\/li><\/ul><h3 data-start=\"3500\" data-end=\"3521\">10. protection des donn\u00e9es<\/h3><p data-start=\"3522\" data-end=\"3643\">Le traitement des donn\u00e9es \u00e0 caract\u00e8re personnel est effectu\u00e9 conform\u00e9ment \u00e0 notre <a class=\"\" href=\"https:\/\/shoeeyeq.com\/fr\/datenschutz\/\" target=\"_new\" rel=\"noopener\" data-start=\"3585\" data-end=\"3642\">D\u00e9claration de confidentialit\u00e9<\/a>.<\/p><h3 data-start=\"3645\" data-end=\"3674\">11) Dispositions finales<\/h3><ul data-start=\"3675\" data-end=\"3877\"><li data-start=\"3675\" data-end=\"3703\"><p data-start=\"3677\" data-end=\"3703\">Le droit allemand est applicable.<\/p><\/li><li data-start=\"3704\" data-end=\"3761\"><p data-start=\"3706\" data-end=\"3761\">Le tribunal comp\u00e9tent est Amberg, dans la mesure o\u00f9 la loi le permet.<\/p><\/li><li data-start=\"3762\" data-end=\"3877\"><p data-start=\"3764\" data-end=\"3877\">Si certaines dispositions des pr\u00e9sentes CGV s'av\u00e9raient nulles et non avenues, la validit\u00e9 des autres dispositions n'en serait pas affect\u00e9e.<\/p><\/li><\/ul>\t\t\t\t\t\t\t\t<\/div>\n\t\t\t\t<\/div>\n\t\t\t\t\t<\/div>\n\t\t\t\t<\/div>\n\t\t\t\t<\/div>","protected":false},"excerpt":{"rendered":"<p>Allgemeine Gesch\u00e4ftsbedingungen (AGB) f\u00fcr die Nutzung der E-Learning-Plattform shoeeyeq.comStand: 08. Juli 2025 1. Geltungsbereich Diese AGB gelten f\u00fcr alle Vertr\u00e4ge, Nutzungen und Leistungen im Zusammenhang mit der E-Learning-Plattform shoeeyeq.com, bereitgestellt von: Praeparatio e.V.Schlachthausstra\u00dfe 1192224 AmbergE-Mail: info@praeparatio.comTelefon: 096211838 Registriert im Vereinsregister Amberg, VR 200318Vertreten durch: Vorsitzender: Franz Fischer Vorsitzender: Wolfgang Wedl 2. Leistungsbeschreibung Shoeeyeq.com bietet registrierten [&hellip;]<\/p>","protected":false},"author":1,"featured_media":0,"parent":0,"menu_order":0,"comment_status":"closed","ping_status":"closed","template":"elementor_header_footer","meta":{"footnotes":""},"class_list":["post-1762","page","type-page","status-publish","hentry"],"_links":{"self":[{"href":"https:\/\/shoeeyeq.com\/fr\/wp-json\/wp\/v2\/pages\/1762","targetHints":{"allow":["GET"]}}],"collection":[{"href":"https:\/\/shoeeyeq.com\/fr\/wp-json\/wp\/v2\/pages"}],"about":[{"href":"https:\/\/shoeeyeq.com\/fr\/wp-json\/wp\/v2\/types\/page"}],"author":[{"embeddable":true,"href":"https:\/\/shoeeyeq.com\/fr\/wp-json\/wp\/v2\/users\/1"}],"replies":[{"embeddable":true,"href":"https:\/\/shoeeyeq.com\/fr\/wp-json\/wp\/v2\/comments?post=1762"}],"version-history":[{"count":7,"href":"https:\/\/shoeeyeq.com\/fr\/wp-json\/wp\/v2\/pages\/1762\/revisions"}],"predecessor-version":[{"id":1769,"href":"https:\/\/shoeeyeq.com\/fr\/wp-json\/wp\/v2\/pages\/1762\/revisions\/1769"}],"wp:attachment":[{"href":"https:\/\/shoeeyeq.com\/fr\/wp-json\/wp\/v2\/media?parent=1762"}],"curies":[{"name":"wp","href":"https:\/\/api.w.org\/{rel}","templated":true}]}}