{"id":603,"date":"2025-03-05T09:50:22","date_gmt":"2025-03-05T09:50:22","guid":{"rendered":"https:\/\/praeparatio.dev-dare.de\/?page_id=603"},"modified":"2025-06-13T15:12:48","modified_gmt":"2025-06-13T13:12:48","slug":"download","status":"publish","type":"page","link":"https:\/\/shoeeyeq.com\/fr\/download\/","title":{"rendered":"Zone de t\u00e9l\u00e9chargement"},"content":{"rendered":"<div data-elementor-type=\"wp-page\" data-elementor-id=\"603\" class=\"elementor elementor-603\" data-elementor-post-type=\"page\">\n\t\t\t\t<div class=\"elementor-element elementor-element-4840aab0 e-flex e-con-boxed e-con e-parent\" data-id=\"4840aab0\" data-element_type=\"container\" data-settings=\"{&quot;background_background&quot;:&quot;classic&quot;}\">\n\t\t\t\t\t<div class=\"e-con-inner\">\n\t\t\t\t<div class=\"elementor-element elementor-element-2aadf95a elementor-widget elementor-widget-heading\" data-id=\"2aadf95a\" data-element_type=\"widget\" data-settings=\"{&quot;_animation&quot;:&quot;none&quot;}\" data-widget_type=\"heading.default\">\n\t\t\t\t<div class=\"elementor-widget-container\">\n\t\t\t\t\t<h1 class=\"elementor-heading-title elementor-size-default\">Zone de t\u00e9l\u00e9chargement<\/h1>\t\t\t\t<\/div>\n\t\t\t\t<\/div>\n\t\t\t\t<div class=\"elementor-element elementor-element-ebbee0e elementor-widget elementor-widget-text-editor\" data-id=\"ebbee0e\" data-element_type=\"widget\" data-settings=\"{&quot;_animation&quot;:&quot;none&quot;}\" data-widget_type=\"text-editor.default\">\n\t\t\t\t<div class=\"elementor-widget-container\">\n\t\t\t\t\t\t\t\t\t<p>T\u00e9l\u00e9chargez ici des documents utiles, des instructions et des documents compl\u00e9mentaires pour vos cours.<\/p>\t\t\t\t\t\t\t\t<\/div>\n\t\t\t\t<\/div>\n\t\t\t\t\t<\/div>\n\t\t\t\t<\/div>\n\t\t<div class=\"elementor-element elementor-element-c6349d9 e-flex e-con-boxed e-con e-parent\" data-id=\"c6349d9\" data-element_type=\"container\">\n\t\t\t\t\t<div class=\"e-con-inner\">\n\t\t\t\t<div class=\"elementor-element elementor-element-e00ddee elementor-widget elementor-widget-wpdmcategory\" data-id=\"e00ddee\" data-element_type=\"widget\" data-widget_type=\"wpdmcategory.default\">\n\t\t\t\t<div class=\"elementor-widget-container\">\n\t\t\t\t\t<div class='w3eden'>\n    <div class=''>\n\n        <form method=\"get\" class=\"\" data-container=\"#content_wpdm_package_1\" id=\"sc_form_wpdm_package_1\" style=\"margin-bottom: 15px\" action=\"\">\n                <div class=\"panel panel-default card category-panel wpdm-shortcode-toolbar\">\n                <div class=\"panel-body card-body\">\n                    <div class=\"media\">\n                        <div class=\"mr-3\">\n                            <img src='https:\/\/shoeeyeq.com\/wp-content\/uploads\/2025\/02\/08.webp' alt='Icon'  style='width: 64px;' \/>                        <\/div>\n                        <div class=\"media-body\">\n                            <h3 style=\"margin: 0\">Anatomie, construction du sol, construction de la ma\u00eetrise, construction de la tige<\/h3>\n                                                    <\/div>\n                    <\/div>\n                <\/div>\n                <div class=\"panel-footer card-footer\">\n                    <div class=\"row\">\n                        <div class=\"col-lg-6 col-md-12\">\n                            <input type=\"text\" name=\"skw\" value=\"\" placeholder=\"Search Keyword...\" class=\"form-control\" \/>\n                        <\/div>\n                        <div class=\"col-lg-2 col-md-4\">\n                            <select name=\"orderby\" class=\"wpdm-custom-select custom-select\">\n                                <option value=\"date\" disabled=\"disabled\">Order By:<\/option>\n                                <option value=\"date\" >Date de publication<\/option>\n                                <option value=\"title\" >Titre<\/option>\n                                <option value=\"update_date\" >Date de mise \u00e0 jour<\/option>\n                                <option value=\"download_count\" >T\u00e9l\u00e9chargements<\/option>\n                                <option value=\"view_count\" >Views<\/option>\n                            <\/select>\n                        <\/div>\n                        <div class=\"col-lg-2 col-md-4\">\n                            <select name=\"order\" class=\"wpdm-custom-select custom-select\">\n                                <option value=\"desc\" disabled=\"disabled\">Order:<\/option>\n                                <option value=\"desc\" >Descending<\/option>\n                                <option value=\"asc\" >Ascending<\/option>\n                            <\/select>\n                        <\/div>\n                        <div class=\"col-lg-2 col-md-4\">\n                            <button type=\"submit\" class=\"btn btn-info btn-block\">Apply Filter<\/button>\n                        <\/div>\n                    <\/div>\n\n                <\/div>\n            <\/div>\n            <input type=\"hidden\" name=\"trp-form-language\" value=\"fr\"\/><\/form>\n<div class=\"spacer mb-3 d-block clearfix\"><\/div>\n\n        <div id=\"content_wpdm_package_1\">\n            <div class='row'><div class='col-lg-4 col-md-6 col-12'><!-- WPDM Link Template: Default Template -->\n\n<div class=\"link-template-default card mb-2\">\n    <div class=\"card-body\">\n        <div class=\"media\">\n            <div class=\"mr-3 img-48\"><img decoding=\"async\" class=\"wpdm_icon\" alt=\"Ic\u00f4ne\" src=\"https:\/\/shoeeyeq.com\/wp-content\/plugins\/download-manager\/assets\/file-type-icons\/pdf.svg\" \/><\/div>\n            <div class=\"media-body\">\n                <h3 class=\"package-title\"><a href='https:\/\/shoeeyeq.com\/fr\/download\/grundmodell_derby-mit-spiegel-nach-leistenkopie_oberleder\/'>mod\u00e8le de base_Derby avec miroir d'apr\u00e8s copie de la forme_dessus cuir<\/a><\/h3>\n                <div class=\"text-muted text-small\"><i class=\"fas fa-copy\"><\/i> 1 fichier\u00b7s <i class=\"fas fa-hdd ml-3\"><\/i> 1.89 MB<\/div>\n            <\/div>\n            <div class=\"ml-3\">\n                <a class='wpdm-download-link download-on-click btn btn-primary' rel='nofollow' href='#' data-downloadurl=\"https:\/\/shoeeyeq.com\/fr\/download\/grundmodell_derby-mit-spiegel-nach-leistenkopie_oberleder\/?wpdmdl=2496&refresh=69e4ce0a516021776602634\">T\u00e9l\u00e9charger<\/a>\n            <\/div>\n        <\/div>\n    <\/div>\n<\/div>\n\n<\/div><div class='col-lg-4 col-md-6 col-12'><!-- WPDM Link Template: Default Template -->\n\n<div class=\"link-template-default card mb-2\">\n    <div class=\"card-body\">\n        <div class=\"media\">\n            <div class=\"mr-3 img-48\"><img decoding=\"async\" class=\"wpdm_icon\" alt=\"Ic\u00f4ne\" src=\"https:\/\/shoeeyeq.com\/wp-content\/plugins\/download-manager\/assets\/file-type-icons\/pdf.svg\" \/><\/div>\n            <div class=\"media-body\">\n                <h3 class=\"package-title\"><a href='https:\/\/shoeeyeq.com\/fr\/download\/trittspur\/'>Trace de pas<\/a><\/h3>\n                <div class=\"text-muted text-small\"><i class=\"fas fa-copy\"><\/i> 1 fichier\u00b7s <i class=\"fas fa-hdd ml-3\"><\/i> 3.21 MB<\/div>\n            <\/div>\n            <div class=\"ml-3\">\n                <a class='wpdm-download-link download-on-click btn btn-primary' rel='nofollow' href='#' data-downloadurl=\"https:\/\/shoeeyeq.com\/fr\/download\/trittspur\/?wpdmdl=2495&refresh=69e4ce0a530271776602634\">T\u00e9l\u00e9charger<\/a>\n            <\/div>\n        <\/div>\n    <\/div>\n<\/div>\n\n<\/div><div class='col-lg-4 col-md-6 col-12'><!-- WPDM Link Template: Default Template -->\n\n<div class=\"link-template-default card mb-2\">\n    <div class=\"card-body\">\n        <div class=\"media\">\n            <div class=\"mr-3 img-48\"><img decoding=\"async\" class=\"wpdm_icon\" alt=\"Ic\u00f4ne\" src=\"https:\/\/shoeeyeq.com\/wp-content\/plugins\/download-manager\/assets\/file-type-icons\/pdf.svg\" \/><\/div>\n            <div class=\"media-body\">\n                <h3 class=\"package-title\"><a href='https:\/\/shoeeyeq.com\/fr\/download\/massangaben-fuer-die-grundkonstruktion-nach-winkelsystem\/'>Cotes pour la construction de base selon le syst\u00e8me d'\u00e9querre<\/a><\/h3>\n                <div class=\"text-muted text-small\"><i class=\"fas fa-copy\"><\/i> 1 fichier\u00b7s <i class=\"fas fa-hdd ml-3\"><\/i> 10.70 MO<\/div>\n            <\/div>\n            <div class=\"ml-3\">\n                <a class='wpdm-download-link download-on-click btn btn-primary' rel='nofollow' href='#' data-downloadurl=\"https:\/\/shoeeyeq.com\/fr\/download\/massangaben-fuer-die-grundkonstruktion-nach-winkelsystem\/?wpdmdl=1542&refresh=69e4ce0a5421f1776602634\">T\u00e9l\u00e9charger<\/a>\n            <\/div>\n        <\/div>\n    <\/div>\n<\/div>\n\n<\/div><div class='col-lg-4 col-md-6 col-12'><!-- WPDM Link Template: Default Template -->\n\n<div class=\"link-template-default card mb-2\">\n    <div class=\"card-body\">\n        <div class=\"media\">\n            <div class=\"mr-3 img-48\"><img decoding=\"async\" class=\"wpdm_icon\" alt=\"Ic\u00f4ne\" src=\"donn\u00e9es :image\/svg+xml ;base64 ,CiAgICAgICAgICAgIDxzdmcgeG1sbnM9Imh0dHA6Ly93d3cudzMub3JnLzIwMDAvc3ZnIiB2aWV3Qm94PSIwIDAgNDAgNDAiPgogICAgICAgICAgICAgICAgPGRlZnM+CiAgICAgICAgICAgICAgICAgICAgPGxpbmVhckdyYWRpZW50IGlkPSJncmFkaWVudCIgeDE9IjAiIHkxPSIwIiB4Mj0iMCIgeTI9IjEiPgogICAgICAgICAgICAgICAgICAgICAgICA8c3RvcCBzdG9wLWNvbG9yPSIjMjY5ZGVmIiBvZmZzZXQ9IjAiLz4KICAgICAgICAgICAgICAgICAgICAgICAgPHN0b3Agc3RvcC1jb2xvcj0iIzI2YmRlZiIgb2Zmc2V0PSIxIi8+CiAgICAgICAgICAgICAgICAgICAgPC9saW5lYXJHcmFkaWVudD4KICAgICAgICAgICAgICAgIDwvZGVmcz4KICAgICAgICAgICAgICAgIDxnPgogICAgICAgICAgICAgICAgICAgIDxyZWN0IGZpbGw9InVybCgjZ3JhZGllbnQpIiB4PSIwIiB5PSIwIiB3aWR0aD0iNDAiIGhlaWdodD0iNDAiIHJ4PSIzIiByeT0iMyIvPgogICAgICAgICAgICAgICAgICAgIDx0ZXh0IHg9IjUiIHk9IjE5IiBmb250LWZhbWlseT0iQXJpYWwsIEhlbHZldGljYSwgc2Fucy1zZXJpZiIgZm9udC1zaXplPSIxM3B4IiBsZXR0ZXItc3BhY2luZz0iMSIgZmlsbD0iI0ZGRkZGRiI+CiAgICAgICAgICAgICAgICAgICAgICAgIDx0c3Bhbj5USUY8L3RzcGFuPgogICAgICAgICAgICAgICAgICAgICAgICA8dHNwYW4geD0iNiIgeT0iMjgiPl88L3RzcGFuPgogICAgICAgICAgICAgICAgICAgIDwvdGV4dD4KICAgICAgICAgICAgICAgIDwvZz4KICAg\" \/><\/div>\n            <div class=\"media-body\">\n                <h3 class=\"package-title\"><a href='https:\/\/shoeeyeq.com\/fr\/download\/11-11_grundkonstruktion-fuer-einen-halbschuh-nach-leistenkopie\/'>11.11_Construction de base pour une chaussure basse selon la copie de la forme<\/a><\/h3>\n                <div class=\"text-muted text-small\"><i class=\"fas fa-copy\"><\/i> 1 fichier\u00b7s <i class=\"fas fa-hdd ml-3\"><\/i> 13.81 MB<\/div>\n            <\/div>\n            <div class=\"ml-3\">\n                <a class='wpdm-download-link download-on-click btn btn-primary' rel='nofollow' href='#' data-downloadurl=\"https:\/\/shoeeyeq.com\/fr\/download\/11-11_grundkonstruktion-fuer-einen-halbschuh-nach-leistenkopie\/?wpdmdl=673&refresh=69e4ce0a554091776602634\">T\u00e9l\u00e9charger<\/a>\n            <\/div>\n        <\/div>\n    <\/div>\n<\/div>\n\n<\/div><div class='col-lg-4 col-md-6 col-12'><!-- WPDM Link Template: Default Template -->\n\n<div class=\"link-template-default card mb-2\">\n    <div class=\"card-body\">\n        <div class=\"media\">\n            <div class=\"mr-3 img-48\"><img decoding=\"async\" class=\"wpdm_icon\" alt=\"Ic\u00f4ne\" src=\"https:\/\/shoeeyeq.com\/wp-content\/plugins\/download-manager\/assets\/file-type-icons\/pdf.svg\" \/><\/div>\n            <div class=\"media-body\">\n                <h3 class=\"package-title\"><a href='https:\/\/shoeeyeq.com\/fr\/download\/11-02_leistenkopie\/'>11.02_Copie de baguette<\/a><\/h3>\n                <div class=\"text-muted text-small\"><i class=\"fas fa-copy\"><\/i> 1 fichier\u00b7s <i class=\"fas fa-hdd ml-3\"><\/i> 2.0 MO<\/div>\n            <\/div>\n            <div class=\"ml-3\">\n                <a class='wpdm-download-link download-on-click btn btn-primary' rel='nofollow' href='#' data-downloadurl=\"https:\/\/shoeeyeq.com\/fr\/download\/11-02_leistenkopie\/?wpdmdl=672&refresh=69e4ce0a5665f1776602634\">T\u00e9l\u00e9charger<\/a>\n            <\/div>\n        <\/div>\n    <\/div>\n<\/div>\n\n<\/div><\/div>            <div style='clear:both'><\/div><div class='text-center'><ul class='pagination wpdm-pagination pagination-centered text-center'><\/ul><\/div><div style='clear:both'><\/div>        <\/div>\n\n        <div style='clear:both'><\/div>\n    <\/div>\n<\/div>\n\t\t\t\t<\/div>\n\t\t\t\t<\/div>\n\t\t\t\t\t<\/div>\n\t\t\t\t<\/div>\n\t\t\t\t<\/div>","protected":false},"excerpt":{"rendered":"<p>Download Bereich Laden Sie sich hier hilfreiche Unterlagen, Anleitungen und Zusatzdokumente zu Ihren Kursen herunter. Anatomie, Bodenbau, Leisternbau, Schaftbau Order By:Datum der Ver\u00f6ffentlichungTitelAktualisierungsdatumDownloadsViews Order:DescendingAscending Apply Filter Ma\u00dfangaben f\u00fcr die Grundkonstruktion nach Winkelsystem 1 Datei(en) 10.70 MB Download 11.11_Grundkonstruktion f\u00fcr einen Halbschuh nach Leistenkopie 1 Datei(en) 13.81 MB Download 11.02_Leistenkopie 1 Datei(en) 20.01 MB Download<\/p>","protected":false},"author":1,"featured_media":0,"parent":0,"menu_order":0,"comment_status":"closed","ping_status":"closed","template":"","meta":{"footnotes":""},"class_list":["post-603","page","type-page","status-publish","hentry"],"_links":{"self":[{"href":"https:\/\/shoeeyeq.com\/fr\/wp-json\/wp\/v2\/pages\/603","targetHints":{"allow":["GET"]}}],"collection":[{"href":"https:\/\/shoeeyeq.com\/fr\/wp-json\/wp\/v2\/pages"}],"about":[{"href":"https:\/\/shoeeyeq.com\/fr\/wp-json\/wp\/v2\/types\/page"}],"author":[{"embeddable":true,"href":"https:\/\/shoeeyeq.com\/fr\/wp-json\/wp\/v2\/users\/1"}],"replies":[{"embeddable":true,"href":"https:\/\/shoeeyeq.com\/fr\/wp-json\/wp\/v2\/comments?post=603"}],"version-history":[{"count":46,"href":"https:\/\/shoeeyeq.com\/fr\/wp-json\/wp\/v2\/pages\/603\/revisions"}],"predecessor-version":[{"id":1635,"href":"https:\/\/shoeeyeq.com\/fr\/wp-json\/wp\/v2\/pages\/603\/revisions\/1635"}],"wp:attachment":[{"href":"https:\/\/shoeeyeq.com\/fr\/wp-json\/wp\/v2\/media?parent=603"}],"curies":[{"name":"wp","href":"https:\/\/api.w.org\/{rel}","templated":true}]}}