{"id":906,"date":"2025-06-09T15:59:13","date_gmt":"2025-06-09T15:59:13","guid":{"rendered":"https:\/\/shoeeyeq.com\/?page_id=906"},"modified":"2025-07-15T14:45:02","modified_gmt":"2025-07-15T12:45:02","slug":"impressum","status":"publish","type":"page","link":"https:\/\/shoeeyeq.com\/fr\/impressum\/","title":{"rendered":"Mentions l\u00e9gales"},"content":{"rendered":"<h3>Informations selon \u00a7 5 TMG<\/h3>\n<p>Praeparatio e.V.<br \/>\nRue de l'abattoir 11<br \/>\n92224 Amberg<\/p>\n<p>Registre des associations : VR 200318<br \/>\nTribunal d'enregistrement : Tribunal d'instance d'Amberg<\/p>\n<p>Repr\u00e9sent\u00e9 par :<br \/>\n1er pr\u00e9sident : Franz Fischer<br \/>\n2\u00e8me vice-pr\u00e9sidents : Wolfgang Wedl et Marc-Andr\u00e9 Villiger<\/p>\n<p><strong>Contact<\/strong><\/p>\n<p>T\u00e9l\u00e9phone : 096211838<br \/>\nCourrier \u00e9lectronique : info@praeparatio.com<\/p>\n<p><strong>Num\u00e9ro d'identification de la taxe sur le chiffre d'affaires<\/strong><\/p>\n<p>Num\u00e9ro d'identification de la taxe sur le chiffre d'affaires conform\u00e9ment au \u00a7 27 a de la loi sur la taxe sur le chiffre d'affaires : DE324987052<\/p>\n<p><strong>Titre professionnel et r\u00e8gles professionnelles<\/strong><\/p>\n<p>Titre professionnel : Technicien en chaussures orthop\u00e9diques<br \/>\nChambre comp\u00e9tente : Landesinnung Bayern<br \/>\nD\u00e9cern\u00e9 en : Allemagne<\/p>\n<p>Les r\u00e8gles professionnelles suivantes s'appliquent : Syst\u00e8me g\u00e9n\u00e9ral de reconnaissance - Application principale<\/p>\n<p>R\u00e8glements consultables sur : https:\/\/www.liostbayern.de\/<\/p>\n<p><strong>Responsable du contenu selon \u00a7 18 Abs. 2 MStV<\/strong><\/p>\n<p>Franz Fischer<br \/>\n11, rue des Abattoirs<br \/>\n92224 Amberg<\/p>\n<p><strong>R\u00e8glement des litiges de consommation\/organisme de conciliation universel<\/strong><\/p>\n<p>Nous ne sommes pas pr\u00eats ou oblig\u00e9s de participer \u00e0 des proc\u00e9dures de r\u00e8glement des litiges devant un organisme de conciliation des consommateurs.<\/p>\n<p><strong>Responsabilit\u00e9 du contenu<\/strong><\/p>\n<p>En tant que prestataire de services, nous sommes responsables, conform\u00e9ment au \u00a7 7 alin\u00e9a 1 de la loi allemande sur les t\u00e9l\u00e9m\u00e9dias (TMG), de nos propres contenus sur ces pages, en vertu des<\/p>\n<p>de la l\u00e9gislation g\u00e9n\u00e9rale. Selon les \u00a7\u00a7 8 \u00e0 10 de la loi allemande sur les m\u00e9dias \u00e9lectroniques (TMG), nous ne sommes toutefois pas tenus, en tant que prestataire de services, de surveiller les informations externes transmises ou enregistr\u00e9es ou de rechercher des circonstances indiquant une activit\u00e9 ill\u00e9gale.<\/p>\n<p>Les obligations de supprimer ou de bloquer l'utilisation d'informations conform\u00e9ment aux lois g\u00e9n\u00e9rales restent inchang\u00e9es. Une responsabilit\u00e9 \u00e0 cet \u00e9gard n'est toutefois possible qu'\u00e0 partir du moment o\u00f9 une violation concr\u00e8te de la loi est connue. D\u00e8s la prise de connaissance d'une telle violation, nous supprimerons imm\u00e9diatement les contenus concern\u00e9s.<\/p>\n<p><strong>Responsabilit\u00e9 pour les liens<\/strong><\/p>\n<p>Notre offre contient des liens vers des sites web externes de tiers, sur le contenu desquels nous n'avons aucune influence. C'est pourquoi nous ne pouvons pas non plus nous porter garants de ces contenus externes. Le fournisseur ou l'exploitant des pages li\u00e9es est toujours responsable des contenus de ces pages. Les pages li\u00e9es ont \u00e9t\u00e9 contr\u00f4l\u00e9es au moment de la cr\u00e9ation du lien afin de v\u00e9rifier qu'elles ne pr\u00e9sentaient pas d'infraction \u00e0 la loi. Aucun contenu ill\u00e9gal n'a \u00e9t\u00e9 identifi\u00e9 au moment de la cr\u00e9ation des liens.<\/p>\n<p>Un contr\u00f4le permanent du contenu des pages li\u00e9es n'est cependant pas exigible sans indices concrets d'une violation de la loi. D\u00e8s que nous aurons connaissance d'une violation de la loi, nous supprimerons imm\u00e9diatement les liens concern\u00e9s.<\/p>\n<p><strong>Droit d'auteur<\/strong><\/p>\n<p>Les contenus et les \u0153uvres cr\u00e9\u00e9s par les exploitants de ces pages sont soumis au droit d'auteur allemand. La reproduction, le traitement, la diffusion et toute forme d'exploitation en dehors des limites du droit d'auteur requi\u00e8rent l'accord \u00e9crit de l'auteur ou du cr\u00e9ateur concern\u00e9. Les t\u00e9l\u00e9chargements et les copies de ce site ne sont autoris\u00e9s que pour un usage priv\u00e9 et non commercial.<\/p>\n<p>Dans la mesure o\u00f9 les contenus de ce site n'ont pas \u00e9t\u00e9 cr\u00e9\u00e9s par l'exploitant, les droits d'auteur de tiers sont respect\u00e9s. Les contenus de tiers sont notamment identifi\u00e9s comme tels. Si vous deviez n\u00e9anmoins constater une violation des droits d'auteur, nous vous prions de nous en informer. D\u00e8s la prise de connaissance d'une violation de la loi, nous supprimerons imm\u00e9diatement les contenus concern\u00e9s.<\/p>\n<p data-start=\"221\" data-end=\"235\"><strong data-start=\"221\" data-end=\"235\">Droits d'image<\/strong><\/p>\n<p data-start=\"135\" data-end=\"447\">Les informations publi\u00e9es sur ce site (<a class=\"\" href=\"https:\/\/shoeeyeq.com\/fr\/\" target=\"_new\" rel=\"noopener\" data-start=\"159\" data-end=\"180\">https:\/\/shoeeyeq.com\/<\/a>) ont \u00e9t\u00e9 utilis\u00e9es l\u00e9galement via les comptes personnels de <strong data-start=\"249\" data-end=\"271\">Martin Jaeger e.K.<\/strong> pour les plateformes d'images <strong data-start=\"296\" data-end=\"305\">Canva<\/strong>, <strong data-start=\"307\" data-end=\"337\">Adobe Stock Creative Cloud<\/strong> et <strong data-start=\"342\" data-end=\"357\">iStockphoto<\/strong> ont \u00e9t\u00e9 acquises. Toutes les images ont \u00e9t\u00e9 utilis\u00e9es dans le cadre des conditions de licence en vigueur.<\/p>\n<p data-start=\"449\" data-end=\"532\">Les justificatifs de licence correspondants sont volontiers mis \u00e0 disposition sur demande.<\/p>\n<p data-start=\"534\" data-end=\"737\">Une confirmation \u00e9crite de l'acquisition l\u00e9gale des droits d'image peut \u00eatre t\u00e9l\u00e9charg\u00e9e ici :<br data-start=\"637\" data-end=\"640\" \/><a class=\"cursor-pointer\" href=\"https:\/\/shoeeyeq.com\/wp-content\/uploads\/2025\/07\/Bildrechte_Bestaetigung_Martin_Jaeger_mit_Unterschrift.pdf\" target=\"_new\" rel=\"noopener\" data-start=\"643\" data-end=\"737\">T\u00e9l\u00e9charger la d\u00e9claration des droits d'image (PDF)<\/a><\/p>\n<p>Source : eRecht24<\/p>","protected":false},"excerpt":{"rendered":"<p>Angaben gem\u00e4\u00df \u00a7 5 TMG Praeparatio e.V. Schlachthausstra\u00dfe 11 92224 Amberg Vereinsregister: VR 200318 Registergericht: Amtsgericht Amberg Vertreten durch: 1. Vorsitzender: Franz Fischer 2. Stellvertretende Vorsitzende: Wolfgang Wedl und Marc-Andr\u00e9 Villiger Kontakt Telefon: 096211838 E-Mail: info@praeparatio.com Umsatzsteuer-ID Umsatzsteuer-Identifikationsnummer gem\u00e4\u00df \u00a7 27 a Umsatzsteuergesetz: DE324987052 Berufsbezeichnung und berufsrechtliche Regelungen Berufsbezeichnung: Orthop\u00e4dieschuhtechnik Zust\u00e4ndige Kammer: Landesinnung Bayern Verliehen [&hellip;]<\/p>","protected":false},"author":1,"featured_media":0,"parent":0,"menu_order":0,"comment_status":"closed","ping_status":"closed","template":"","meta":{"footnotes":""},"class_list":["post-906","page","type-page","status-publish","hentry"],"_links":{"self":[{"href":"https:\/\/shoeeyeq.com\/fr\/wp-json\/wp\/v2\/pages\/906","targetHints":{"allow":["GET"]}}],"collection":[{"href":"https:\/\/shoeeyeq.com\/fr\/wp-json\/wp\/v2\/pages"}],"about":[{"href":"https:\/\/shoeeyeq.com\/fr\/wp-json\/wp\/v2\/types\/page"}],"author":[{"embeddable":true,"href":"https:\/\/shoeeyeq.com\/fr\/wp-json\/wp\/v2\/users\/1"}],"replies":[{"embeddable":true,"href":"https:\/\/shoeeyeq.com\/fr\/wp-json\/wp\/v2\/comments?post=906"}],"version-history":[{"count":6,"href":"https:\/\/shoeeyeq.com\/fr\/wp-json\/wp\/v2\/pages\/906\/revisions"}],"predecessor-version":[{"id":2029,"href":"https:\/\/shoeeyeq.com\/fr\/wp-json\/wp\/v2\/pages\/906\/revisions\/2029"}],"wp:attachment":[{"href":"https:\/\/shoeeyeq.com\/fr\/wp-json\/wp\/v2\/media?parent=906"}],"curies":[{"name":"wp","href":"https:\/\/api.w.org\/{rel}","templated":true}]}}