{"id":97,"date":"2025-02-11T11:31:21","date_gmt":"2025-02-11T11:31:21","guid":{"rendered":"https:\/\/praeparatio.dev-dare.de\/?page_id=97"},"modified":"2025-07-10T14:28:02","modified_gmt":"2025-07-10T12:28:02","slug":"ueber-uns","status":"publish","type":"page","link":"https:\/\/shoeeyeq.com\/fr\/ueber-uns\/","title":{"rendered":"\u00c0 propos de nous"},"content":{"rendered":"<div data-elementor-type=\"wp-page\" data-elementor-id=\"97\" class=\"elementor elementor-97\" data-elementor-post-type=\"page\">\n\t\t\t\t<div class=\"elementor-element elementor-element-418b3169 e-flex e-con-boxed e-con e-parent\" data-id=\"418b3169\" data-element_type=\"container\" data-settings=\"{&quot;background_background&quot;:&quot;classic&quot;}\">\n\t\t\t\t\t<div class=\"e-con-inner\">\n\t\t\t\t<div class=\"elementor-element elementor-element-1620e6b elementor-widget elementor-widget-heading\" data-id=\"1620e6b\" data-element_type=\"widget\" data-settings=\"{&quot;_animation&quot;:&quot;none&quot;}\" data-widget_type=\"heading.default\">\n\t\t\t\t<div class=\"elementor-widget-container\">\n\t\t\t\t\t<h1 class=\"elementor-heading-title elementor-size-default\">\u00c0 propos de nous<\/h1>\t\t\t\t<\/div>\n\t\t\t\t<\/div>\n\t\t\t\t<div class=\"elementor-element elementor-element-39df96c3 elementor-widget elementor-widget-text-editor\" data-id=\"39df96c3\" data-element_type=\"widget\" data-settings=\"{&quot;_animation&quot;:&quot;none&quot;}\" data-widget_type=\"text-editor.default\">\n\t\t\t\t<div class=\"elementor-widget-container\">\n\t\t\t\t\t\t\t\t\t<p>Nous vous accompagnons sur le chemin de l'\u00e9cole de ma\u00eetrise en technique de la chaussure orthop\u00e9dique.<\/p>\t\t\t\t\t\t\t\t<\/div>\n\t\t\t\t<\/div>\n\t\t\t\t\t<\/div>\n\t\t\t\t<\/div>\n\t\t<div class=\"elementor-element elementor-element-27793bdf e-flex e-con-boxed e-con e-parent\" data-id=\"27793bdf\" data-element_type=\"container\">\n\t\t\t\t\t<div class=\"e-con-inner\">\n\t\t<div class=\"elementor-element elementor-element-1a25a713 e-con-full e-flex e-con e-child\" data-id=\"1a25a713\" data-element_type=\"container\">\n\t\t<div class=\"elementor-element elementor-element-2bc22b39 e-con-full e-flex e-con e-child\" data-id=\"2bc22b39\" data-element_type=\"container\">\n\t\t\t\t<div class=\"elementor-element elementor-element-920dc65 elementor-widget elementor-widget-image\" data-id=\"920dc65\" data-element_type=\"widget\" data-widget_type=\"image.default\">\n\t\t\t\t<div class=\"elementor-widget-container\">\n\t\t\t\t\t\t\t\t\t\t\t\t<figure class=\"wp-caption\">\n\t\t\t\t\t\t\t\t\t\t<img fetchpriority=\"high\" decoding=\"async\" width=\"591\" height=\"852\" src=\"https:\/\/shoeeyeq.com\/wp-content\/uploads\/2025\/07\/Franz-Fischer.webp\" class=\"attachment-large size-large wp-image-1784\" alt=\"\" srcset=\"https:\/\/shoeeyeq.com\/wp-content\/uploads\/2025\/07\/Franz-Fischer.webp 591w, https:\/\/shoeeyeq.com\/wp-content\/uploads\/2025\/07\/Franz-Fischer-208x300.webp 208w, https:\/\/shoeeyeq.com\/wp-content\/uploads\/2025\/07\/Franz-Fischer-8x12.webp 8w\" sizes=\"(max-width: 591px) 100vw, 591px\" \/>\t\t\t\t\t\t\t\t\t\t\t<figcaption class=\"widget-image-caption wp-caption-text\">Franz Fischer<\/figcaption>\n\t\t\t\t\t\t\t\t\t\t<\/figure>\n\t\t\t\t\t\t\t\t\t<\/div>\n\t\t\t\t<\/div>\n\t\t\t\t<\/div>\n\t\t\t\t<\/div>\n\t\t<div class=\"elementor-element elementor-element-3985ec6 e-con-full e-flex e-con e-child\" data-id=\"3985ec6\" data-element_type=\"container\">\n\t\t\t\t<div class=\"elementor-element elementor-element-2549d7b elementor-widget elementor-widget-heading\" data-id=\"2549d7b\" data-element_type=\"widget\" data-settings=\"{&quot;_animation&quot;:&quot;none&quot;}\" data-widget_type=\"heading.default\">\n\t\t\t\t<div class=\"elementor-widget-container\">\n\t\t\t\t\t<h6 class=\"elementor-heading-title elementor-size-default\">T\u00e2ches<\/h6>\t\t\t\t<\/div>\n\t\t\t\t<\/div>\n\t\t\t\t<div class=\"elementor-element elementor-element-688840e elementor-widget elementor-widget-heading\" data-id=\"688840e\" data-element_type=\"widget\" data-settings=\"{&quot;_animation&quot;:&quot;none&quot;}\" data-widget_type=\"heading.default\">\n\t\t\t\t<div class=\"elementor-widget-container\">\n\t\t\t\t\t<h2 class=\"elementor-heading-title elementor-size-default\">Praepartio e. V.<\/h2>\t\t\t\t<\/div>\n\t\t\t\t<\/div>\n\t\t\t\t<div class=\"elementor-element elementor-element-fd931d6 elementor-widget elementor-widget-text-editor\" data-id=\"fd931d6\" data-element_type=\"widget\" data-settings=\"{&quot;_animation&quot;:&quot;none&quot;}\" data-widget_type=\"text-editor.default\">\n\t\t\t\t<div class=\"elementor-widget-container\">\n\t\t\t\t\t\t\t\t\t<p>Transmission des connaissances de base pour l'\u00e9cole de ma\u00eetrise dans les domaines sp\u00e9cialis\u00e9s de l'anatomie, de la construction d'aines, de la construction de tiges, de la construction de sols et de la loi sur les produits m\u00e9dicaux. Les professeurs donnent des devoirs et contr\u00f4lent les travaux re\u00e7us. Pendant la p\u00e9riode de pr\u00e9paration, Praeparatio e.V. met des documents \u00e9crits \u00e0 la disposition des membres.<\/p>\t\t\t\t\t\t\t\t<\/div>\n\t\t\t\t<\/div>\n\t\t<div class=\"elementor-element elementor-element-4e61e3b e-con-full e-flex e-con e-child\" data-id=\"4e61e3b\" data-element_type=\"container\">\n\t\t\t\t<div class=\"elementor-element elementor-element-a2198c2 elementor-widget__width-initial elementor-widget-tablet__width-inherit elementor-widget elementor-widget-text-editor\" data-id=\"a2198c2\" data-element_type=\"widget\" data-settings=\"{&quot;_animation&quot;:&quot;none&quot;}\" data-widget_type=\"text-editor.default\">\n\t\t\t\t<div class=\"elementor-widget-container\">\n\t\t\t\t\t\t\t\t\t<p>Nous vous accompagnons sur le chemin de l'\u00e9cole de ma\u00eetrise en technique de la chaussure orthop\u00e9dique.<\/p>\t\t\t\t\t\t\t\t<\/div>\n\t\t\t\t<\/div>\n\t\t\t\t<\/div>\n\t\t\t\t<\/div>\n\t\t<div class=\"elementor-element elementor-element-39255327 e-con-full elementor-hidden-tablet e-flex e-con e-child\" data-id=\"39255327\" data-element_type=\"container\">\n\t\t\t\t<div class=\"elementor-element elementor-element-b583ff6 elementor-widget elementor-widget-image\" data-id=\"b583ff6\" data-element_type=\"widget\" data-widget_type=\"image.default\">\n\t\t\t\t<div class=\"elementor-widget-container\">\n\t\t\t\t\t\t\t\t\t\t\t\t\t\t\t<img decoding=\"async\" width=\"1146\" height=\"312\" src=\"https:\/\/shoeeyeq.com\/wp-content\/uploads\/2025\/02\/Logo-praeparatio.webp\" class=\"attachment-full size-full wp-image-277\" alt=\"\" srcset=\"https:\/\/shoeeyeq.com\/wp-content\/uploads\/2025\/02\/Logo-praeparatio.webp 1146w, https:\/\/shoeeyeq.com\/wp-content\/uploads\/2025\/02\/Logo-praeparatio-18x5.webp 18w, https:\/\/shoeeyeq.com\/wp-content\/uploads\/2025\/02\/Logo-praeparatio-300x82.webp 300w, https:\/\/shoeeyeq.com\/wp-content\/uploads\/2025\/02\/Logo-praeparatio-768x209.webp 768w, https:\/\/shoeeyeq.com\/wp-content\/uploads\/2025\/02\/Logo-praeparatio-1024x279.webp 1024w\" sizes=\"(max-width: 1146px) 100vw, 1146px\" \/>\t\t\t\t\t\t\t\t\t\t\t\t\t\t\t<\/div>\n\t\t\t\t<\/div>\n\t\t\t\t<div class=\"elementor-element elementor-element-2cf306f1 elementor-align-center elementor-widget elementor-widget-button\" data-id=\"2cf306f1\" data-element_type=\"widget\" data-settings=\"{&quot;_animation&quot;:&quot;none&quot;}\" data-widget_type=\"button.default\">\n\t\t\t\t<div class=\"elementor-widget-container\">\n\t\t\t\t\t\t\t\t\t<div class=\"elementor-button-wrapper\">\n\t\t\t\t\t<a class=\"elementor-button elementor-button-link elementor-size-sm\" href=\"\/fr\/kontakt\/\">\n\t\t\t\t\t\t<span class=\"elementor-button-content-wrapper\">\n\t\t\t\t\t\t<span class=\"elementor-button-icon\">\n\t\t\t\t<svg aria-hidden=\"true\" class=\"e-font-icon-svg e-fas-angle-right\" viewbox=\"0 0 256 512\" xmlns=\"http:\/\/www.w3.org\/2000\/svg\"><path d=\"M224.3 273l-136 136c-9.4 9.4-24.6 9.4-33.9 0l-22.6-22.6c-9.4-9.4-9.4-24.6 0-33.9l96.4-96.4-96.4-96.4c-9.4-9.4-9.4-24.6 0-33.9L54.3 103c9.4-9.4 24.6-9.4 33.9 0l136 136c9.5 9.4 9.5 24.6.1 34z\"><\/path><\/svg>\t\t\t<\/span>\n\t\t\t\t\t\t\t\t\t<span class=\"elementor-button-text\">Contact<\/span>\n\t\t\t\t\t<\/span>\n\t\t\t\t\t<\/a>\n\t\t\t\t<\/div>\n\t\t\t\t\t\t\t\t<\/div>\n\t\t\t\t<\/div>\n\t\t\t\t<\/div>\n\t\t\t\t\t<\/div>\n\t\t\t\t<\/div>\n\t\t<div class=\"elementor-element elementor-element-24ecb534 e-flex e-con-boxed e-con e-parent\" data-id=\"24ecb534\" data-element_type=\"container\" data-settings=\"{&quot;background_background&quot;:&quot;classic&quot;}\">\n\t\t\t\t\t<div class=\"e-con-inner\">\n\t\t\t\t<div class=\"elementor-element elementor-element-542f7541 elementor-widget elementor-widget-heading\" data-id=\"542f7541\" data-element_type=\"widget\" data-settings=\"{&quot;_animation&quot;:&quot;none&quot;}\" data-widget_type=\"heading.default\">\n\t\t\t\t<div class=\"elementor-widget-container\">\n\t\t\t\t\t<h2 class=\"elementor-heading-title elementor-size-default\">Les avantages pour vous. Pour une formation continue cibl\u00e9e<\/h2>\t\t\t\t<\/div>\n\t\t\t\t<\/div>\n\t\t<div class=\"elementor-element elementor-element-69e0d62c e-con-full e-flex e-con e-child\" data-id=\"69e0d62c\" data-element_type=\"container\">\n\t\t<div class=\"elementor-element elementor-element-10d1697d e-con-full e-flex e-con e-child\" data-id=\"10d1697d\" data-element_type=\"container\">\n\t\t<div class=\"elementor-element elementor-element-2dc7c54f e-con-full e-flex e-con e-child\" data-id=\"2dc7c54f\" data-element_type=\"container\" data-settings=\"{&quot;background_background&quot;:&quot;classic&quot;,&quot;animation&quot;:&quot;none&quot;}\">\n\t\t\t\t<div class=\"elementor-element elementor-element-6016e84e elementor-view-default elementor-position-block-start elementor-mobile-position-block-start elementor-widget elementor-widget-icon-box\" data-id=\"6016e84e\" data-element_type=\"widget\" data-widget_type=\"icon-box.default\">\n\t\t\t\t<div class=\"elementor-widget-container\">\n\t\t\t\t\t\t\t<div class=\"elementor-icon-box-wrapper\">\n\n\t\t\t\t\t\t<div class=\"elementor-icon-box-icon\">\n\t\t\t\t<a href=\"https:\/\/www.praeparatio.com\/\" class=\"elementor-icon elementor-animation-float\" tabindex=\"-1\" aria-label=\"Bienvenue\">\n\t\t\t\t<i aria-hidden=\"true\" class=\"icon icon-shield\"><\/i>\t\t\t\t<\/a>\n\t\t\t<\/div>\n\t\t\t\n\t\t\t\t\t\t<div class=\"elementor-icon-box-content\">\n\n\t\t\t\t\t\t\t\t\t<h5 class=\"elementor-icon-box-title\">\n\t\t\t\t\t\t<a href=\"https:\/\/www.praeparatio.com\/\" >\n\t\t\t\t\t\t\tBienvenue\t\t\t\t\t\t<\/a>\n\t\t\t\t\t<\/h5>\n\t\t\t\t\n\t\t\t\t\t\t\t\t\t<p class=\"elementor-icon-box-description\">\n\t\t\t\t\t\tNous vous accompagnons sur le chemin de l'\u00e9cole de ma\u00eetrise en technique de la chaussure orthop\u00e9dique.\t\t\t\t\t<\/p>\n\t\t\t\t\n\t\t\t<\/div>\n\t\t\t\n\t\t<\/div>\n\t\t\t\t\t\t<\/div>\n\t\t\t\t<\/div>\n\t\t\t\t<\/div>\n\t\t<div class=\"elementor-element elementor-element-50fce36d e-con-full e-flex e-con e-child\" data-id=\"50fce36d\" data-element_type=\"container\" data-settings=\"{&quot;background_background&quot;:&quot;classic&quot;,&quot;animation&quot;:&quot;none&quot;,&quot;animation_delay&quot;:200}\">\n\t\t\t\t<div class=\"elementor-element elementor-element-405a815a elementor-view-default elementor-position-block-start elementor-mobile-position-block-start elementor-widget elementor-widget-icon-box\" data-id=\"405a815a\" data-element_type=\"widget\" data-widget_type=\"icon-box.default\">\n\t\t\t\t<div class=\"elementor-widget-container\">\n\t\t\t\t\t\t\t<div class=\"elementor-icon-box-wrapper\">\n\n\t\t\t\t\t\t<div class=\"elementor-icon-box-icon\">\n\t\t\t\t<a href=\"https:\/\/www.praeparatio.com\/buecher.html\" class=\"elementor-icon elementor-animation-float\" tabindex=\"-1\" aria-label=\"Manuels scolaires\">\n\t\t\t\t<i aria-hidden=\"true\" class=\"icon icon-plus-circle\"><\/i>\t\t\t\t<\/a>\n\t\t\t<\/div>\n\t\t\t\n\t\t\t\t\t\t<div class=\"elementor-icon-box-content\">\n\n\t\t\t\t\t\t\t\t\t<h5 class=\"elementor-icon-box-title\">\n\t\t\t\t\t\t<a href=\"https:\/\/www.praeparatio.com\/buecher.html\" >\n\t\t\t\t\t\t\tManuels scolaires\t\t\t\t\t\t<\/a>\n\t\t\t\t\t<\/h5>\n\t\t\t\t\n\t\t\t\t\t\t\t\t\t<p class=\"elementor-icon-box-description\">\n\t\t\t\t\t\tNos manuels d'enseignement de Praeparatio e.V. : De la trace de pas \u00e0 la forme, connaissances de base en construction de tige\t\t\t\t\t<\/p>\n\t\t\t\t\n\t\t\t<\/div>\n\t\t\t\n\t\t<\/div>\n\t\t\t\t\t\t<\/div>\n\t\t\t\t<\/div>\n\t\t\t\t<\/div>\n\t\t\t\t<\/div>\n\t\t<div class=\"elementor-element elementor-element-7663e98a e-con-full e-flex e-con e-child\" data-id=\"7663e98a\" data-element_type=\"container\">\n\t\t<div class=\"elementor-element elementor-element-36f2f470 e-con-full e-flex e-con e-child\" data-id=\"36f2f470\" data-element_type=\"container\" data-settings=\"{&quot;background_background&quot;:&quot;classic&quot;,&quot;animation&quot;:&quot;none&quot;,&quot;animation_delay&quot;:400}\">\n\t\t\t\t<div class=\"elementor-element elementor-element-3b57c0ec elementor-view-default elementor-position-block-start elementor-mobile-position-block-start elementor-widget elementor-widget-icon-box\" data-id=\"3b57c0ec\" data-element_type=\"widget\" data-widget_type=\"icon-box.default\">\n\t\t\t\t<div class=\"elementor-widget-container\">\n\t\t\t\t\t\t\t<div class=\"elementor-icon-box-wrapper\">\n\n\t\t\t\t\t\t<div class=\"elementor-icon-box-icon\">\n\t\t\t\t<a href=\"https:\/\/shoeeyeq.com\/fr\/kurse\/\" class=\"elementor-icon elementor-animation-float\" tabindex=\"-1\" aria-label=\"Nos cours\">\n\t\t\t\t<i aria-hidden=\"true\" class=\"icon icon-laptop-phone\"><\/i>\t\t\t\t<\/a>\n\t\t\t<\/div>\n\t\t\t\n\t\t\t\t\t\t<div class=\"elementor-icon-box-content\">\n\n\t\t\t\t\t\t\t\t\t<h5 class=\"elementor-icon-box-title\">\n\t\t\t\t\t\t<a href=\"https:\/\/shoeeyeq.com\/fr\/kurse\/\" >\n\t\t\t\t\t\t\tNos cours\t\t\t\t\t\t<\/a>\n\t\t\t\t\t<\/h5>\n\t\t\t\t\n\t\t\t\t\t\t\t\t\t<p class=\"elementor-icon-box-description\">\n\t\t\t\t\t\tGr\u00e2ce \u00e0 nos livres sp\u00e9cialis\u00e9s, vous saurez tout sur la fabrication des cadres et des baguettes.\t\t\t\t\t<\/p>\n\t\t\t\t\n\t\t\t<\/div>\n\t\t\t\n\t\t<\/div>\n\t\t\t\t\t\t<\/div>\n\t\t\t\t<\/div>\n\t\t\t\t<\/div>\n\t\t\t\t<\/div>\n\t\t\t\t<\/div>\n\t\t<div class=\"elementor-element elementor-element-33b21b00 e-con-full e-flex e-con e-child\" data-id=\"33b21b00\" data-element_type=\"container\">\n\t\t<div class=\"elementor-element elementor-element-2ebce4b9 e-con-full e-flex e-con e-child\" data-id=\"2ebce4b9\" data-element_type=\"container\">\n\t\t<div class=\"elementor-element elementor-element-19907c10 e-con-full e-flex e-con e-child\" data-id=\"19907c10\" data-element_type=\"container\" data-settings=\"{&quot;background_background&quot;:&quot;classic&quot;,&quot;animation&quot;:&quot;none&quot;,&quot;animation_delay&quot;:200}\">\n\t\t\t\t<div class=\"elementor-element elementor-element-326307c2 elementor-view-default elementor-position-block-start elementor-mobile-position-block-start elementor-widget elementor-widget-icon-box\" data-id=\"326307c2\" data-element_type=\"widget\" data-widget_type=\"icon-box.default\">\n\t\t\t\t<div class=\"elementor-widget-container\">\n\t\t\t\t\t\t\t<div class=\"elementor-icon-box-wrapper\">\n\n\t\t\t\t\t\t<div class=\"elementor-icon-box-icon\">\n\t\t\t\t<a href=\"https:\/\/www.praeparatio.com\/michlbox.html\" class=\"elementor-icon elementor-animation-float\" tabindex=\"-1\" aria-label=\"Bo\u00eete de Michl\">\n\t\t\t\t<i aria-hidden=\"true\" class=\"icon icon-dropbox-2\"><\/i>\t\t\t\t<\/a>\n\t\t\t<\/div>\n\t\t\t\n\t\t\t\t\t\t<div class=\"elementor-icon-box-content\">\n\n\t\t\t\t\t\t\t\t\t<h5 class=\"elementor-icon-box-title\">\n\t\t\t\t\t\t<a href=\"https:\/\/www.praeparatio.com\/michlbox.html\" >\n\t\t\t\t\t\t\tBo\u00eete de Michl\t\t\t\t\t\t<\/a>\n\t\t\t\t\t<\/h5>\n\t\t\t\t\n\t\t\t\t\t\t\t\t\t<p class=\"elementor-icon-box-description\">\n\t\t\t\t\t\tLe nouveau concept de formation de Praeparatio e. V. : documents \u00e9crits, exercices th\u00e9matiques, tout le mat\u00e9riel n\u00e9cessaire pour les exercices pratiques, catalogue de questions pour le contr\u00f4le des connaissances, solutions aux exercices.\t\t\t\t\t<\/p>\n\t\t\t\t\n\t\t\t<\/div>\n\t\t\t\n\t\t<\/div>\n\t\t\t\t\t\t<\/div>\n\t\t\t\t<\/div>\n\t\t\t\t<\/div>\n\t\t\t\t<\/div>\n\t\t<div class=\"elementor-element elementor-element-4f8f66e3 e-con-full e-flex e-con e-child\" data-id=\"4f8f66e3\" data-element_type=\"container\">\n\t\t<div class=\"elementor-element elementor-element-2f9817f3 e-con-full e-flex e-con e-child\" data-id=\"2f9817f3\" data-element_type=\"container\" data-settings=\"{&quot;background_background&quot;:&quot;classic&quot;,&quot;animation&quot;:&quot;none&quot;,&quot;animation_delay&quot;:400}\">\n\t\t\t\t<div class=\"elementor-element elementor-element-60ad47cf elementor-view-default elementor-position-block-start elementor-mobile-position-block-start elementor-widget elementor-widget-icon-box\" data-id=\"60ad47cf\" data-element_type=\"widget\" data-widget_type=\"icon-box.default\">\n\t\t\t\t<div class=\"elementor-widget-container\">\n\t\t\t\t\t\t\t<div class=\"elementor-icon-box-wrapper\">\n\n\t\t\t\t\t\t<div class=\"elementor-icon-box-icon\">\n\t\t\t\t<a href=\"https:\/\/www.praeparatio.com\/index.html#aktuelles\" class=\"elementor-icon elementor-animation-float\" tabindex=\"-1\" aria-label=\"Missions de l&#039;association\">\n\t\t\t\t<i aria-hidden=\"true\" class=\"icon icon-agenda\"><\/i>\t\t\t\t<\/a>\n\t\t\t<\/div>\n\t\t\t\n\t\t\t\t\t\t<div class=\"elementor-icon-box-content\">\n\n\t\t\t\t\t\t\t\t\t<h5 class=\"elementor-icon-box-title\">\n\t\t\t\t\t\t<a href=\"https:\/\/www.praeparatio.com\/index.html#aktuelles\" >\n\t\t\t\t\t\t\tMissions de l'association\t\t\t\t\t\t<\/a>\n\t\t\t\t\t<\/h5>\n\t\t\t\t\n\t\t\t\t\t\t\t\t\t<p class=\"elementor-icon-box-description\">\n\t\t\t\t\t\tD\u00e9couvrez ici les t\u00e2ches concr\u00e8tes d\u00e9finies par notre association.\t\t\t\t\t<\/p>\n\t\t\t\t\n\t\t\t<\/div>\n\t\t\t\n\t\t<\/div>\n\t\t\t\t\t\t<\/div>\n\t\t\t\t<\/div>\n\t\t\t\t<\/div>\n\t\t<div class=\"elementor-element elementor-element-672debad e-con-full e-flex e-con e-child\" data-id=\"672debad\" data-element_type=\"container\" data-settings=\"{&quot;background_background&quot;:&quot;classic&quot;,&quot;animation&quot;:&quot;none&quot;,&quot;animation_delay&quot;:600}\">\n\t\t\t\t<div class=\"elementor-element elementor-element-39ded9cb elementor-view-default elementor-position-block-start elementor-mobile-position-block-start elementor-widget elementor-widget-icon-box\" data-id=\"39ded9cb\" data-element_type=\"widget\" data-widget_type=\"icon-box.default\">\n\t\t\t\t<div class=\"elementor-widget-container\">\n\t\t\t\t\t\t\t<div class=\"elementor-icon-box-wrapper\">\n\n\t\t\t\t\t\t<div class=\"elementor-icon-box-icon\">\n\t\t\t\t<a href=\"https:\/\/shoeeyeq.com\/fr\/kurse\/\" class=\"elementor-icon elementor-animation-float\" tabindex=\"-1\" aria-label=\"Formation bas\u00e9e sur le web\">\n\t\t\t\t<i aria-hidden=\"true\" class=\"icon icon-youtube-feed\"><\/i>\t\t\t\t<\/a>\n\t\t\t<\/div>\n\t\t\t\n\t\t\t\t\t\t<div class=\"elementor-icon-box-content\">\n\n\t\t\t\t\t\t\t\t\t<h5 class=\"elementor-icon-box-title\">\n\t\t\t\t\t\t<a href=\"https:\/\/shoeeyeq.com\/fr\/kurse\/\" >\n\t\t\t\t\t\t\tFormation bas\u00e9e sur le web\t\t\t\t\t\t<\/a>\n\t\t\t\t\t<\/h5>\n\t\t\t\t\n\t\t\t\t\t\t\t\t\t<p class=\"elementor-icon-box-description\">\n\t\t\t\t\t\tProfitez en outre de la possibilit\u00e9 de suivre une formation continue en ligne.\t\t\t\t\t<\/p>\n\t\t\t\t\n\t\t\t<\/div>\n\t\t\t\n\t\t<\/div>\n\t\t\t\t\t\t<\/div>\n\t\t\t\t<\/div>\n\t\t\t\t<\/div>\n\t\t\t\t<\/div>\n\t\t\t\t<\/div>\n\t\t\t\t\t<\/div>\n\t\t\t\t<\/div>\n\t\t<div class=\"elementor-element elementor-element-470280d3 e-flex e-con-boxed e-con e-parent\" data-id=\"470280d3\" data-element_type=\"container\">\n\t\t\t\t\t<div class=\"e-con-inner\">\n\t\t<div class=\"elementor-element elementor-element-5b3fc98f e-con-full e-flex e-con e-child\" data-id=\"5b3fc98f\" data-element_type=\"container\">\n\t\t\t\t<div class=\"elementor-element elementor-element-33bb4c5 elementor-widget elementor-widget-image\" data-id=\"33bb4c5\" data-element_type=\"widget\" data-settings=\"{&quot;_animation&quot;:&quot;none&quot;}\" data-widget_type=\"image.default\">\n\t\t\t\t<div class=\"elementor-widget-container\">\n\t\t\t\t\t\t\t\t\t\t\t\t\t\t\t<img decoding=\"async\" width=\"652\" height=\"975\" src=\"https:\/\/shoeeyeq.com\/wp-content\/uploads\/2025\/07\/Meisterin.webp\" class=\"attachment-full size-full wp-image-1780\" alt=\"\" srcset=\"https:\/\/shoeeyeq.com\/wp-content\/uploads\/2025\/07\/Meisterin.webp 652w, https:\/\/shoeeyeq.com\/wp-content\/uploads\/2025\/07\/Meisterin-201x300.webp 201w, https:\/\/shoeeyeq.com\/wp-content\/uploads\/2025\/07\/Meisterin-8x12.webp 8w\" sizes=\"(max-width: 652px) 100vw, 652px\" \/>\t\t\t\t\t\t\t\t\t\t\t\t\t\t\t<\/div>\n\t\t\t\t<\/div>\n\t\t\t\t<\/div>\n\t\t<div class=\"elementor-element elementor-element-2621e81a e-con-full e-flex e-con e-child\" data-id=\"2621e81a\" data-element_type=\"container\">\n\t\t\t\t<div class=\"elementor-element elementor-element-7e810d2b elementor-widget elementor-widget-heading\" data-id=\"7e810d2b\" data-element_type=\"widget\" data-settings=\"{&quot;_animation&quot;:&quot;none&quot;}\" data-widget_type=\"heading.default\">\n\t\t\t\t<div class=\"elementor-widget-container\">\n\t\t\t\t\t<span class=\"elementor-heading-title elementor-size-default\">Apprenez de mani\u00e8re flexible, pratique et avec la plus grande pr\u00e9cision dans la technique de la chaussure orthop\u00e9dique<\/span>\t\t\t\t<\/div>\n\t\t\t\t<\/div>\n\t\t\t\t<div class=\"elementor-element elementor-element-3e79f8e4 elementor-widget elementor-widget-text-editor\" data-id=\"3e79f8e4\" data-element_type=\"widget\" data-settings=\"{&quot;_animation&quot;:&quot;none&quot;}\" data-widget_type=\"text-editor.default\">\n\t\t\t\t<div class=\"elementor-widget-container\">\n\t\t\t\t\t\t\t\t\t<p><span class=\"_fadeIn_m1hgl_8\">Notre site <\/span><span class=\"_fadeIn_m1hgl_8\">En ligne<\/span><span class=\"_fadeIn_m1hgl_8\">Cours <\/span><span class=\"_fadeIn_m1hgl_8\">ont \u00e9t\u00e9 <\/span><span class=\"_fadeIn_m1hgl_8\">sp\u00e9cialement <\/span><span class=\"_fadeIn_m1hgl_8\">pour <\/span><span class=\"_fadeIn_m1hgl_8\">Professionnels <\/span><span class=\"_fadeIn_m1hgl_8\">et <\/span><span class=\"_fadeIn_m1hgl_8\">Apprentis <\/span><span class=\"_fadeIn_m1hgl_8\">dans <\/span><span class=\"_fadeIn_m1hgl_8\">le <\/span><span class=\"_fadeIn_m1hgl_8\">Technique de la chaussure orthop\u00e9dique <\/span><span class=\"_fadeIn_m1hgl_8\">d\u00e9velopp\u00e9. <\/span><span class=\"_fadeIn_m1hgl_8\">Apprendre <\/span><span class=\"_fadeIn_m1hgl_8\">Elle <\/span><span class=\"_fadeIn_m1hgl_8\">dans <\/span><span class=\"_fadeIn_m1hgl_8\">votre <\/span><span class=\"_fadeIn_m1hgl_8\">Tempo - <\/span><span class=\"_fadeIn_m1hgl_8\">avec <\/span><span class=\"_fadeIn_m1hgl_8\">proche de la pratique <\/span><span class=\"_fadeIn_m1hgl_8\">des \u00e9tudes de cas, <\/span><span class=\"_fadeIn_m1hgl_8\">d\u00e9taill\u00e9 <\/span><span class=\"_fadeIn_m1hgl_8\">Instructions <\/span><span class=\"_fadeIn_m1hgl_8\">et <\/span><span class=\"_fadeIn_m1hgl_8\">un solide <\/span><span class=\"_fadeIn_m1hgl_8\">Connaissances d'experts.<\/span><\/p>\t\t\t\t\t\t\t\t<\/div>\n\t\t\t\t<\/div>\n\t\t<div class=\"elementor-element elementor-element-2314fc6d e-con-full e-flex e-con e-child\" data-id=\"2314fc6d\" data-element_type=\"container\">\n\t\t\t\t<div class=\"elementor-element elementor-element-7229334e elementor-widget__width-initial elementor-widget-mobile__width-inherit elementor-view-default elementor-invisible elementor-widget elementor-widget-icon\" data-id=\"7229334e\" data-element_type=\"widget\" data-settings=\"{&quot;_animation&quot;:&quot;fadeInUp&quot;}\" data-widget_type=\"icon.default\">\n\t\t\t\t<div class=\"elementor-widget-container\">\n\t\t\t\t\t\t\t<div class=\"elementor-icon-wrapper\">\n\t\t\t<div class=\"elementor-icon\">\n\t\t\t<i aria-hidden=\"true\" class=\"icon icon-quote2\"><\/i>\t\t\t<\/div>\n\t\t<\/div>\n\t\t\t\t\t\t<\/div>\n\t\t\t\t<\/div>\n\t\t\t\t<div class=\"elementor-element elementor-element-5f831c07 elementor-widget__width-initial elementor-widget-mobile__width-inherit elementor-widget elementor-widget-testimonial\" data-id=\"5f831c07\" data-element_type=\"widget\" data-settings=\"{&quot;_animation&quot;:&quot;none&quot;}\" data-widget_type=\"testimonial.default\">\n\t\t\t\t<div class=\"elementor-widget-container\">\n\t\t\t\t\t\t\t<div class=\"elementor-testimonial-wrapper\">\n\t\t\t\t\t\t\t<div class=\"elementor-testimonial-content\">Les contenus sont parfaitement adapt\u00e9s \u00e0 notre quotidien professionnel dans le domaine de la chaussure orthop\u00e9dique. J'ai particuli\u00e8rement appr\u00e9ci\u00e9 les modules sur les chaussures orthop\u00e9diques sur mesure et sur l'analyse des malformations du pied. Tout a \u00e9t\u00e9 expliqu\u00e9 de mani\u00e8re claire - avec de nombreux exemples pratiques. Gr\u00e2ce \u00e0 l'apprentissage num\u00e9rique, j'ai pu combiner de mani\u00e8re optimale la th\u00e9orie et le travail en atelier. Cette plateforme est un v\u00e9ritable enrichissement pour notre m\u00e9tier.<\/div>\n\t\t\t\n\t\t\t\t\t<\/div>\n\t\t\t\t\t\t<\/div>\n\t\t\t\t<\/div>\n\t\t\t\t<\/div>\n\t\t\t\t<\/div>\n\t\t\t\t\t<\/div>\n\t\t\t\t<\/div>\n\t\t\t\t<\/div>","protected":false},"excerpt":{"rendered":"<p>\u00dcber uns Wir begleiten Sie auf dem Weg zur Meisterschule in der Orthop\u00e4dieschuhtechnik. Franz Fischer Aufgaben Praepartio e. V. Vermitteln von Grundwissen f\u00fcr die Meisterschule in den Fachbereichen Anatomie, Leistenbau, Schaftbau, Bodenbau und Medizinproduktegesetz. Die Dozenten stellen Aufgaben und kontrollieren die eingehenden Arbeiten. In der Vorbereitungszeit stellt Praeparatio e.V. den Mitgliedern schriftliche Unterlagen zur Verf\u00fcgung. [&hellip;]<\/p>","protected":false},"author":1,"featured_media":0,"parent":0,"menu_order":0,"comment_status":"closed","ping_status":"closed","template":"elementor_header_footer","meta":{"footnotes":""},"class_list":["post-97","page","type-page","status-publish","hentry"],"_links":{"self":[{"href":"https:\/\/shoeeyeq.com\/fr\/wp-json\/wp\/v2\/pages\/97","targetHints":{"allow":["GET"]}}],"collection":[{"href":"https:\/\/shoeeyeq.com\/fr\/wp-json\/wp\/v2\/pages"}],"about":[{"href":"https:\/\/shoeeyeq.com\/fr\/wp-json\/wp\/v2\/types\/page"}],"author":[{"embeddable":true,"href":"https:\/\/shoeeyeq.com\/fr\/wp-json\/wp\/v2\/users\/1"}],"replies":[{"embeddable":true,"href":"https:\/\/shoeeyeq.com\/fr\/wp-json\/wp\/v2\/comments?post=97"}],"version-history":[{"count":80,"href":"https:\/\/shoeeyeq.com\/fr\/wp-json\/wp\/v2\/pages\/97\/revisions"}],"predecessor-version":[{"id":1805,"href":"https:\/\/shoeeyeq.com\/fr\/wp-json\/wp\/v2\/pages\/97\/revisions\/1805"}],"wp:attachment":[{"href":"https:\/\/shoeeyeq.com\/fr\/wp-json\/wp\/v2\/media?parent=97"}],"curies":[{"name":"wp","href":"https:\/\/api.w.org\/{rel}","templated":true}]}}