{"id":1754,"date":"2025-07-08T13:23:14","date_gmt":"2025-07-08T11:23:14","guid":{"rendered":"https:\/\/shoeeyeq.com\/?page_id=1754"},"modified":"2025-07-08T13:25:09","modified_gmt":"2025-07-08T11:25:09","slug":"cookie-richtlinien","status":"publish","type":"page","link":"https:\/\/shoeeyeq.com\/uk\/cookie-richtlinien\/","title":{"rendered":"\u041f\u043e\u043b\u0456\u0442\u0438\u043a\u0430 \u0449\u043e\u0434\u043e \u0444\u0430\u0439\u043b\u0456\u0432 cookie"},"content":{"rendered":"<div data-elementor-type=\"wp-page\" data-elementor-id=\"1754\" class=\"elementor elementor-1754\" data-elementor-post-type=\"page\">\n\t\t\t\t<div class=\"elementor-element elementor-element-4379c82 e-flex e-con-boxed e-con e-parent\" data-id=\"4379c82\" data-element_type=\"container\">\n\t\t\t\t\t<div class=\"e-con-inner\">\n\t\t\t\t<div class=\"elementor-element elementor-element-a5d822a elementor-widget elementor-widget-text-editor\" data-id=\"a5d822a\" data-element_type=\"widget\" data-widget_type=\"text-editor.default\">\n\t\t\t\t<div class=\"elementor-widget-container\">\n\t\t\t\t\t\t\t\t\t<h2 data-start=\"448\" data-end=\"488\">\ud83c\udf6a \u041f\u043e\u043b\u0456\u0442\u0438\u043a\u0430 \u0449\u043e\u0434\u043e \u0444\u0430\u0439\u043b\u0456\u0432 cookie \u0432\u0456\u0434 shoeeyeq.com<\/h2><p data-start=\"490\" data-end=\"514\"><strong data-start=\"490\" data-end=\"514\">\u0421\u0442\u0430\u0442\u0443\u0441: 09 \u0447\u0435\u0440\u0432\u043d\u044f 2025 \u0440\u043e\u043a\u0443<\/strong><\/p><p data-start=\"516\" data-end=\"690\">\u0426\u044f \u043f\u043e\u043b\u0456\u0442\u0438\u043a\u0430 \u0449\u043e\u0434\u043e \u0444\u0430\u0439\u043b\u0456\u0432 cookie \u043f\u043e\u044f\u0441\u043d\u044e\u0454, \u044f\u043a \u0456 \u0447\u043e\u043c\u0443 \u0444\u0430\u0439\u043b\u0438 cookie \u0432\u0438\u043a\u043e\u0440\u0438\u0441\u0442\u043e\u0432\u0443\u044e\u0442\u044c\u0441\u044f \u043d\u0430 \u043d\u0430\u0448\u043e\u043c\u0443 \u0432\u0435\u0431-\u0441\u0430\u0439\u0442\u0456, \u044f\u043a \u0434\u043e\u0432\u0433\u043e \u0432\u043e\u043d\u0438 \u0437\u0431\u0435\u0440\u0456\u0433\u0430\u044e\u0442\u044c\u0441\u044f \u0456 \u044f\u043a \u0432\u0438 \u043c\u043e\u0436\u0435\u0442\u0435 \u043a\u0435\u0440\u0443\u0432\u0430\u0442\u0438 \u0441\u0432\u043e\u0454\u044e \u0437\u0433\u043e\u0434\u043e\u044e.<\/p><h3 data-start=\"692\" data-end=\"716\">1. \u0449\u043e \u0442\u0430\u043a\u0435 \u0444\u0430\u0439\u043b\u0438 cookie?<\/h3><p data-start=\"718\" data-end=\"971\">\u0424\u0430\u0439\u043b\u0438 cookie - \u0446\u0435 \u043d\u0435\u0432\u0435\u043b\u0438\u043a\u0456 \u0442\u0435\u043a\u0441\u0442\u043e\u0432\u0456 \u0444\u0430\u0439\u043b\u0438, \u044f\u043a\u0456 \u0437\u0431\u0435\u0440\u0456\u0433\u0430\u044e\u0442\u044c\u0441\u044f \u043d\u0430 \u0432\u0430\u0448\u043e\u043c\u0443 \u043f\u0440\u0438\u0441\u0442\u0440\u043e\u0457, \u043a\u043e\u043b\u0438 \u0432\u0438 \u0432\u0456\u0434\u0432\u0456\u0434\u0443\u0454\u0442\u0435 \u043d\u0430\u0448 \u0441\u0430\u0439\u0442. \u0412\u043e\u043d\u0438 \u0434\u043e\u0437\u0432\u043e\u043b\u044f\u044e\u0442\u044c \u043d\u0430\u043c \u0440\u043e\u0437\u043f\u0456\u0437\u043d\u0430\u0432\u0430\u0442\u0438 \u0432\u0430\u0448 \u043f\u0440\u0438\u0441\u0442\u0440\u0456\u0439 \u043f\u0456\u0434 \u0447\u0430\u0441 \u043d\u0430\u0441\u0442\u0443\u043f\u043d\u0438\u0445 \u0432\u0456\u0434\u0432\u0456\u0434\u0443\u0432\u0430\u043d\u044c, \u0437\u0431\u0435\u0440\u0456\u0433\u0430\u0442\u0438 \u0432\u0430\u0448\u0456 \u043d\u0430\u043b\u0430\u0448\u0442\u0443\u0432\u0430\u043d\u043d\u044f \u0442\u0430 \u043d\u0430\u0434\u0430\u0432\u0430\u0442\u0438 \u043f\u0435\u0432\u043d\u0456 \u0444\u0443\u043d\u043a\u0446\u0456\u0457.<\/p><p data-start=\"973\" data-end=\"1031\">\u0424\u0430\u0439\u043b\u0438 cookie \u043c\u043e\u0436\u043d\u0430 \u0440\u043e\u0437\u0434\u0456\u043b\u0438\u0442\u0438 \u043d\u0430 \u043d\u0430\u0441\u0442\u0443\u043f\u043d\u0456 \u043a\u0430\u0442\u0435\u0433\u043e\u0440\u0456\u0457:<\/p><ul data-start=\"1033\" data-end=\"1540\"><li data-start=\"1033\" data-end=\"1187\"><p data-start=\"1035\" data-end=\"1187\"><strong data-start=\"1035\" data-end=\"1070\">\u0421\u0442\u0440\u043e\u0433\u043e \u043d\u0435\u043e\u0431\u0445\u0456\u0434\u043d\u0456 \u0444\u0430\u0439\u043b\u0438 cookie<\/strong><br data-start=\"1070\" data-end=\"1073\" \/>\u0412\u043e\u043d\u0438 \u043d\u0435\u043e\u0431\u0445\u0456\u0434\u043d\u0456 \u0434\u043b\u044f \u0444\u0443\u043d\u043a\u0446\u0456\u043e\u043d\u0443\u0432\u0430\u043d\u043d\u044f \u0432\u0435\u0431-\u0441\u0430\u0439\u0442\u0443 (\u043d\u0430\u043f\u0440\u0438\u043a\u043b\u0430\u0434, \u0431\u0435\u0437\u043f\u0435\u043a\u0430, \u043d\u0430\u0432\u0456\u0433\u0430\u0446\u0456\u044f \u0441\u0442\u043e\u0440\u0456\u043d\u043a\u0430\u043c\u0438, \u043d\u0430\u043b\u0430\u0448\u0442\u0443\u0432\u0430\u043d\u043d\u044f \u0444\u0430\u0439\u043b\u0456\u0432 cookie).<\/p><\/li><li data-start=\"1189\" data-end=\"1324\"><p data-start=\"1191\" data-end=\"1324\"><strong data-start=\"1191\" data-end=\"1214\">\u0424\u0443\u043d\u043a\u0446\u0456\u043e\u043d\u0430\u043b\u044c\u043d\u0456 \u0444\u0430\u0439\u043b\u0438 cookie<\/strong><br data-start=\"1214\" data-end=\"1217\" \/>\u0423\u0432\u0456\u043c\u043a\u043d\u0456\u0442\u044c \u0440\u043e\u0437\u0448\u0438\u0440\u0435\u043d\u0456 \u0444\u0443\u043d\u043a\u0446\u0456\u0457, \u0442\u0430\u043a\u0456 \u044f\u043a \u0432\u0431\u0443\u0434\u043e\u0432\u0430\u043d\u0438\u0439 \u043a\u043e\u043d\u0442\u0435\u043d\u0442 \u0430\u0431\u043e \u043a\u0430\u0440\u0442\u043e\u0433\u0440\u0430\u0444\u0456\u0447\u043d\u0456 \u0441\u0435\u0440\u0432\u0456\u0441\u0438 (\u043d\u0430\u043f\u0440\u0438\u043a\u043b\u0430\u0434, Google Maps).<\/p><\/li><li data-start=\"1326\" data-end=\"1433\"><p data-start=\"1328\" data-end=\"1433\"><strong data-start=\"1328\" data-end=\"1349\">\u0421\u0442\u0430\u0442\u0438\u0441\u0442\u0438\u0447\u043d\u0456 \u0444\u0430\u0439\u043b\u0438 cookie<\/strong><br data-start=\"1349\" data-end=\"1352\" \/>\u0412\u0438\u043a\u043e\u0440\u0438\u0441\u0442\u043e\u0432\u0443\u0454\u0442\u044c\u0441\u044f \u0434\u043b\u044f \u0430\u043d\u043e\u043d\u0456\u043c\u043d\u043e\u0457 \u043e\u0446\u0456\u043d\u043a\u0438 \u043f\u043e\u0432\u0435\u0434\u0456\u043d\u043a\u0438 \u043a\u043e\u0440\u0438\u0441\u0442\u0443\u0432\u0430\u0447\u0456\u0432, \u043d\u0430\u043f\u0440\u0438\u043a\u043b\u0430\u0434, \u0437\u0430 \u0434\u043e\u043f\u043e\u043c\u043e\u0433\u043e\u044e \u0456\u043d\u0441\u0442\u0440\u0443\u043c\u0435\u043d\u0442\u0456\u0432 \u0430\u043d\u0430\u043b\u0456\u0437\u0443.<\/p><\/li><li data-start=\"1435\" data-end=\"1540\"><p data-start=\"1437\" data-end=\"1540\"><strong data-start=\"1437\" data-end=\"1458\">\u041c\u0430\u0440\u043a\u0435\u0442\u0438\u043d\u0433\u043e\u0432\u0456 \u0444\u0430\u0439\u043b\u0438 cookie<\/strong><br data-start=\"1458\" data-end=\"1461\" \/>\u0412\u0438\u043a\u043e\u0440\u0438\u0441\u0442\u043e\u0432\u0443\u0454\u0442\u044c\u0441\u044f \u0434\u043b\u044f \u043f\u043e\u043a\u0430\u0437\u0443 \u043f\u0435\u0440\u0441\u043e\u043d\u0430\u043b\u0456\u0437\u043e\u0432\u0430\u043d\u043e\u0433\u043e \u043a\u043e\u043d\u0442\u0435\u043d\u0442\u0443 \u0430\u0431\u043e \u0440\u0435\u043a\u043b\u0430\u043c\u0438 \u0442\u0440\u0435\u0442\u0456\u0445 \u0441\u0442\u043e\u0440\u0456\u043d.<\/p><\/li><\/ul><h3 data-start=\"1547\" data-end=\"1584\">2. \u0431\u0430\u043d\u0435\u0440 \u043f\u0440\u043e \u0437\u0433\u043e\u0434\u0443 \u0442\u0430 \u0444\u0430\u0439\u043b\u0438 cookie<\/h3><p data-start=\"1586\" data-end=\"1853\">\u041a\u043e\u043b\u0438 \u0432\u0438 \u0432\u043f\u0435\u0440\u0448\u0435 \u0432\u0456\u0434\u0432\u0456\u0434\u0443\u0454\u0442\u0435 \u043d\u0430\u0448 \u0441\u0430\u0439\u0442, \u0432\u0438 \u043e\u0442\u0440\u0438\u043c\u0430\u0454\u0442\u0435 \u0431\u0430\u043d\u0435\u0440 \u0437 \u0444\u0430\u0439\u043b\u0430\u043c\u0438 cookie, \u0437\u0430 \u0434\u043e\u043f\u043e\u043c\u043e\u0433\u043e\u044e \u044f\u043a\u043e\u0433\u043e \u0432\u0438 \u043c\u043e\u0436\u0435\u0442\u0435 \u0434\u0430\u0442\u0438 \u0437\u0433\u043e\u0434\u0443 \u043d\u0430 \u0432\u0438\u043a\u043e\u0440\u0438\u0441\u0442\u0430\u043d\u043d\u044f \u043d\u0435\u0441\u0443\u0442\u0442\u0454\u0432\u0438\u0445 \u0444\u0430\u0439\u043b\u0456\u0432 cookie. \u0417\u0433\u043e\u0434\u0430 \u043d\u0430\u0434\u0430\u0454\u0442\u044c\u0441\u044f \u0432\u0456\u0434\u043f\u043e\u0432\u0456\u0434\u043d\u043e \u0434\u043e <strong data-start=\"1764\" data-end=\"1794\">\u0421\u0442. 6 \u043f. 1 \u043b\u0456\u0442. a GDPR<\/strong>. \u0412\u0438 \u043c\u043e\u0436\u0435\u0442\u0435 \u0437\u043c\u0456\u043d\u0438\u0442\u0438 \u0430\u0431\u043e \u0432\u0456\u0434\u043a\u043b\u0438\u043a\u0430\u0442\u0438 \u0441\u0432\u0456\u0439 \u0432\u0438\u0431\u0456\u0440 \u0443 \u0431\u0443\u0434\u044c-\u044f\u043a\u0438\u0439 \u0447\u0430\u0441.<\/p><p data-start=\"1855\" data-end=\"2023\">\u0414\u043b\u044f \u0443\u043f\u0440\u0430\u0432\u043b\u0456\u043d\u043d\u044f \u043d\u0430\u043b\u0430\u0448\u0442\u0443\u0432\u0430\u043d\u043d\u044f\u043c\u0438 \u0432\u0430\u0448\u0438\u0445 \u0444\u0430\u0439\u043b\u0456\u0432 cookie \u043c\u0438 \u0432\u0438\u043a\u043e\u0440\u0438\u0441\u0442\u043e\u0432\u0443\u0454\u043c\u043e \u043f\u043b\u0430\u0442\u0444\u043e\u0440\u043c\u0443 \u0443\u043f\u0440\u0430\u0432\u043b\u0456\u043d\u043d\u044f \u0437\u0433\u043e\u0434\u043e\u044e (CMP), \u044f\u043a\u0430 \u0434\u043e\u043a\u0443\u043c\u0435\u043d\u0442\u0443\u0454 \u0432\u0430\u0448 \u0432\u0438\u0431\u0456\u0440 \u0456 \u0437\u0431\u0435\u0440\u0456\u0433\u0430\u0454 \u0439\u043e\u0433\u043e \u0434\u043e \u0434\u0432\u043e\u0445 \u0440\u043e\u043a\u0456\u0432.<\/p><h3 data-start=\"2030\" data-end=\"2068\">3. \u0432\u0438\u043a\u043e\u0440\u0438\u0441\u0442\u043e\u0432\u0443\u0432\u0430\u043d\u0456 \u0444\u0430\u0439\u043b\u0438 cookie \u0442\u0430 \u0441\u0435\u0440\u0432\u0456\u0441\u0438<\/h3><p data-start=\"2070\" data-end=\"2169\">\u041d\u0430 \u043d\u0430\u0448\u043e\u043c\u0443 \u0432\u0435\u0431-\u0441\u0430\u0439\u0442\u0456 \u0432\u0438\u043a\u043e\u0440\u0438\u0441\u0442\u043e\u0432\u0443\u044e\u0442\u044c\u0441\u044f (\u0430\u0431\u043e \u043c\u043e\u0436\u0443\u0442\u044c \u0432\u0438\u043a\u043e\u0440\u0438\u0441\u0442\u043e\u0432\u0443\u0432\u0430\u0442\u0438\u0441\u044f) \u043d\u0430\u0441\u0442\u0443\u043f\u043d\u0456 \u0444\u0430\u0439\u043b\u0438 cookie \u0442\u0430 \u0441\u0442\u043e\u0440\u043e\u043d\u043d\u0456 \u0456\u043d\u0441\u0442\u0440\u0443\u043c\u0435\u043d\u0442\u0438:<\/p><div class=\"_tableContainer_80l1q_1\"><div class=\"_tableWrapper_80l1q_14 group flex w-fit flex-col-reverse\" tabindex=\"-1\"><table class=\"w-fit min-w-(--thread-content-width)\" data-start=\"2171\" data-end=\"2733\"><thead data-start=\"2171\" data-end=\"2231\"><tr data-start=\"2171\" data-end=\"2231\"><th data-start=\"2171\" data-end=\"2189\" data-col-size=\"sm\">\u041f\u043e\u0441\u0442\u0430\u0447\u0430\u043b\u044c\u043d\u0438\u043a\/\u043f\u043e\u0441\u043b\u0443\u0433\u0430<\/th><th data-start=\"2189\" data-end=\"2197\" data-col-size=\"sm\">\u041c\u0435\u0442\u0430<\/th><th data-start=\"2197\" data-end=\"2210\" data-col-size=\"sm\">\u0422\u0438\u043f \u0444\u0430\u0439\u043b\u0443 cookie<\/th><th data-start=\"2210\" data-end=\"2231\" data-col-size=\"sm\">\u041f\u0435\u0440\u0435\u043a\u0430\u0437 \u0434\u043e \u0442\u0440\u0435\u0442\u044c\u043e\u0457 \u043a\u0440\u0430\u0457\u043d\u0438<\/th><\/tr><\/thead><tbody data-start=\"2294\" data-end=\"2733\"><tr data-start=\"2294\" data-end=\"2383\"><td data-start=\"2294\" data-end=\"2310\" data-col-size=\"sm\"><strong data-start=\"2296\" data-end=\"2309\">Wordfence<\/strong><\/td><td data-col-size=\"sm\" data-start=\"2310\" data-end=\"2334\">\u0411\u0435\u0437\u043f\u0435\u043a\u0430 \/ \u0411\u0440\u0430\u043d\u0434\u043c\u0430\u0443\u0435\u0440<\/td><td data-col-size=\"sm\" data-start=\"2334\" data-end=\"2349\">\u041f\u043e\u0442\u0440\u0456\u0431\u043d\u043e<\/td><td data-col-size=\"sm\" data-start=\"2349\" data-end=\"2383\">\u0421\u0428\u0410 (\u0441\u0442\u0430\u043d\u0434\u0430\u0440\u0442\u043d\u0456 \u0434\u043e\u0433\u043e\u0432\u0456\u0440\u043d\u0456 \u0443\u043c\u043e\u0432\u0438)<\/td><\/tr><tr data-start=\"2384\" data-end=\"2467\"><td data-start=\"2384\" data-end=\"2402\" data-col-size=\"sm\"><strong data-start=\"2386\" data-end=\"2401\">Google Maps<\/strong><\/td><td data-col-size=\"sm\" data-start=\"2402\" data-end=\"2422\">\u0412\u0456\u0434\u043e\u0431\u0440\u0430\u0436\u0435\u043d\u043d\u044f \u043a\u0430\u0440\u0442\u0438<\/td><td data-col-size=\"sm\" data-start=\"2422\" data-end=\"2454\">\u0424\u0443\u043d\u043a\u0446\u0456\u043e\u043d\u0430\u043b\u044c\u043d\u0438\u0439 (\u0437\u0430 \u0437\u0433\u043e\u0434\u043e\u044e)<\/td><td data-col-size=\"sm\" data-start=\"2454\" data-end=\"2467\">\u0421\u0428\u0410 (DPF)<\/td><\/tr><tr data-start=\"2468\" data-end=\"2540\"><td data-start=\"2468\" data-end=\"2482\" data-col-size=\"sm\"><strong data-start=\"2470\" data-end=\"2481\">Akismet<\/strong><\/td><td data-col-size=\"sm\" data-start=\"2482\" data-end=\"2512\">\u0417\u0430\u0445\u0438\u0441\u0442 \u0432\u0456\u0434 \u0441\u043f\u0430\u043c\u0443 \u0434\u043b\u044f \u043a\u043e\u043c\u0435\u043d\u0442\u0430\u0440\u0456\u0432<\/td><td data-col-size=\"sm\" data-start=\"2512\" data-end=\"2527\">\u041f\u043e\u0442\u0440\u0456\u0431\u043d\u043e<\/td><td data-col-size=\"sm\" data-start=\"2527\" data-end=\"2540\">\u0421\u0428\u0410 (DPF)<\/td><\/tr><tr data-start=\"2541\" data-end=\"2634\"><td data-start=\"2541\" data-end=\"2572\" data-col-size=\"sm\"><strong data-start=\"2543\" data-end=\"2571\">\u0415\u043c\u043e\u0434\u0436\u0456\/\u0441\u043c\u0430\u0439\u043b\u0438\u043a\u0438 WordPress<\/strong><\/td><td data-col-size=\"sm\" data-start=\"2572\" data-end=\"2606\">\u0412\u0456\u0434\u043e\u0431\u0440\u0430\u0436\u0435\u043d\u043d\u044f \u0433\u0440\u0430\u0444\u0456\u0447\u043d\u0438\u0445 \u0435\u043b\u0435\u043c\u0435\u043d\u0442\u0456\u0432<\/td><td data-col-size=\"sm\" data-start=\"2606\" data-end=\"2619\">\u0424\u0443\u043d\u043a\u0446\u0456\u043e\u043d\u0430\u043b\u044c\u043d\u0438\u0439<\/td><td data-col-size=\"sm\" data-start=\"2619\" data-end=\"2634\">\u0406\u0440\u043b\u0430\u043d\u0434\u0456\u044f (\u0404\u0421)<\/td><\/tr><tr data-start=\"2635\" data-end=\"2733\"><td data-start=\"2635\" data-end=\"2667\" data-col-size=\"sm\"><strong data-start=\"2637\" data-end=\"2666\">\u0411\u0430\u043d\u0435\u0440 \u0437\u0433\u043e\u0434\u0438 (CMP)<\/strong><\/td><td data-col-size=\"sm\" data-start=\"2667\" data-end=\"2697\">\u0423\u043f\u0440\u0430\u0432\u043b\u0456\u043d\u043d\u044f \u0432\u0430\u0448\u043e\u044e \u0437\u0433\u043e\u0434\u043e\u044e<\/td><td data-col-size=\"sm\" data-start=\"2697\" data-end=\"2712\">\u041f\u043e\u0442\u0440\u0456\u0431\u043d\u043e<\/td><td data-col-size=\"sm\" data-start=\"2712\" data-end=\"2733\">\u0417\u0431\u0435\u0440\u0435\u0436\u0435\u043d\u043e \u043b\u043e\u043a\u0430\u043b\u044c\u043d\u043e<\/td><\/tr><\/tbody><\/table><div class=\"sticky end-(--thread-content-margin) h-0 self-end select-none\"><div class=\"absolute end-0 flex items-end\">\u00a0<\/div><\/div><\/div><\/div><blockquote data-start=\"2735\" data-end=\"2975\"><p data-start=\"2737\" data-end=\"2975\">\u041f\u0440\u0438\u043c\u0456\u0442\u043a\u0430: \u0406\u043d\u0448\u0456 \u0444\u0430\u0439\u043b\u0438 cookie \u043c\u043e\u0436\u0443\u0442\u044c \u0431\u0443\u0442\u0438 \u0442\u0435\u0445\u043d\u0456\u0447\u043d\u043e \u043d\u0435\u043e\u0431\u0445\u0456\u0434\u043d\u0438\u043c\u0438 \u0434\u043b\u044f \u0432\u0431\u0443\u0434\u043e\u0432\u0430\u043d\u043e\u0433\u043e \u0432\u043c\u0456\u0441\u0442\u0443 \u0430\u0431\u043e \u043f\u043b\u0430\u0433\u0456\u043d\u0456\u0432. \u0412\u0438 \u043c\u043e\u0436\u0435\u0442\u0435 \u0437\u043d\u0430\u0439\u0442\u0438 \u0434\u0435\u0442\u0430\u043b\u044c\u043d\u0443 \u0456\u043d\u0444\u043e\u0440\u043c\u0430\u0446\u0456\u044e \u043f\u0440\u043e \u0446\u0435 \u0432 \u0440\u043e\u0437\u0434\u0456\u043b\u0456 \"\u041f\u043b\u0430\u0433\u0456\u043d\u0438 \u0442\u0430 \u0432\u0431\u0443\u0434\u043e\u0432\u0430\u043d\u0438\u0439 \u0432\u043c\u0456\u0441\u0442\" \u043d\u0430 \u043d\u0430\u0448\u043e\u043c\u0443 <a class=\"\" href=\"https:\/\/shoeeyeq.com\/uk\/datenschutz\/\" target=\"_new\" rel=\"noopener\" data-start=\"2917\" data-end=\"2974\">\u041f\u043e\u043b\u0456\u0442\u0438\u043a\u0430 \u043a\u043e\u043d\u0444\u0456\u0434\u0435\u043d\u0446\u0456\u0439\u043d\u043e\u0441\u0442\u0456<\/a>.<\/p><\/blockquote><h3 data-start=\"2982\" data-end=\"3009\">4. \u0442\u0440\u0438\u0432\u0430\u043b\u0456\u0441\u0442\u044c \u0437\u0431\u0435\u0440\u0456\u0433\u0430\u043d\u043d\u044f \u0444\u0430\u0439\u043b\u0456\u0432 cookie<\/h3><ul data-start=\"3011\" data-end=\"3213\"><li data-start=\"3011\" data-end=\"3084\"><p data-start=\"3013\" data-end=\"3084\"><strong data-start=\"3013\" data-end=\"3032\">\u0421\u0435\u0441\u0456\u0439\u043d\u0456 \u0444\u0430\u0439\u043b\u0438 cookie<\/strong>\u0432\u0438\u0434\u0430\u043b\u044f\u044e\u0442\u044c\u0441\u044f, \u0449\u043e\u0439\u043d\u043e \u0432\u0438 \u0437\u0430\u043a\u0440\u0438\u0432\u0430\u0454\u0442\u0435 \u0431\u0440\u0430\u0443\u0437\u0435\u0440.<\/p><\/li><li data-start=\"3085\" data-end=\"3213\"><p data-start=\"3087\" data-end=\"3213\"><strong data-start=\"3087\" data-end=\"3110\">\u041f\u043e\u0441\u0442\u0456\u0439\u043d\u0456 \u0444\u0430\u0439\u043b\u0438 cookie<\/strong>\u0417\u0430\u043b\u0435\u0436\u043d\u043e \u0432\u0456\u0434 \u043c\u0435\u0442\u0438, \u0432\u043e\u043d\u0438 \u0437\u0431\u0435\u0440\u0456\u0433\u0430\u044e\u0442\u044c\u0441\u044f \u0434\u043e 2 \u0440\u043e\u043a\u0456\u0432 (\u043d\u0430\u043f\u0440\u0438\u043a\u043b\u0430\u0434, \u0434\u043b\u044f \u0441\u0442\u0430\u0442\u0438\u0441\u0442\u0438\u0447\u043d\u0438\u0445 \u0430\u0431\u043e \u043c\u043e\u0432\u043d\u0438\u0445 \u043d\u0430\u043b\u0430\u0448\u0442\u0443\u0432\u0430\u043d\u044c).<\/p><\/li><\/ul><h3 data-start=\"3220\" data-end=\"3261\">5. \u044f\u043a \u044f \u043c\u043e\u0436\u0443 \u0434\u0435\u0430\u043a\u0442\u0438\u0432\u0443\u0432\u0430\u0442\u0438 \u0444\u0430\u0439\u043b\u0438 cookie?<\/h3><p data-start=\"3263\" data-end=\"3360\">\u0412\u0438 \u043c\u043e\u0436\u0435\u0442\u0435 \u0431\u0443\u0434\u044c-\u043a\u043e\u043b\u0438 \u0437\u043c\u0456\u043d\u0438\u0442\u0438 \u0430\u0431\u043e \u0432\u0456\u0434\u043a\u043b\u0438\u043a\u0430\u0442\u0438 \u043d\u0430\u043b\u0430\u0448\u0442\u0443\u0432\u0430\u043d\u043d\u044f \u0444\u0430\u0439\u043b\u0456\u0432 cookie \u0437\u0430 \u0434\u043e\u043f\u043e\u043c\u043e\u0433\u043e\u044e \u043d\u0430\u0448\u043e\u0433\u043e [\u0431\u0430\u043d\u0435\u0440\u0443 \u043f\u0440\u043e \u0444\u0430\u0439\u043b\u0438 cookie].<\/p><p data-start=\"3362\" data-end=\"3475\">\u0412\u0438 \u0442\u0430\u043a\u043e\u0436 \u043c\u043e\u0436\u0435\u0442\u0435 \u0437\u0430\u0431\u043b\u043e\u043a\u0443\u0432\u0430\u0442\u0438 \u0430\u0431\u043e \u0432\u0438\u0434\u0430\u043b\u0438\u0442\u0438 \u0444\u0430\u0439\u043b\u0438 cookie \u0443 \u0441\u0432\u043e\u0454\u043c\u0443 \u0431\u0440\u0430\u0443\u0437\u0435\u0440\u0456. \u0406\u043d\u0444\u043e\u0440\u043c\u0430\u0446\u0456\u044e \u043f\u0440\u043e \u0446\u0435 \u043c\u043e\u0436\u043d\u0430 \u0437\u043d\u0430\u0439\u0442\u0438, \u043d\u0430\u043f\u0440\u0438\u043a\u043b\u0430\u0434, \u0442\u0443\u0442:<\/p><ul data-start=\"3477\" data-end=\"3720\"><li data-start=\"3477\" data-end=\"3542\"><p data-start=\"3479\" data-end=\"3542\"><a class=\"cursor-pointer\" href=\"https:\/\/support.google.com\/chrome\/answer\/95647\" target=\"_new\" rel=\"noopener\" data-start=\"3479\" data-end=\"3542\">Google Chrome<\/a><\/p><\/li><li data-start=\"3543\" data-end=\"3643\"><p data-start=\"3545\" data-end=\"3643\"><a class=\"\" href=\"https:\/\/support.mozilla.org\/de\/kb\/cookies-loeschen-daten-von-websites-entfernen\" target=\"_new\" rel=\"noopener\" data-start=\"3545\" data-end=\"3643\">Mozilla Firefox<\/a><\/p><\/li><li data-start=\"3644\" data-end=\"3720\"><p data-start=\"3646\" data-end=\"3720\"><a class=\"\" href=\"https:\/\/support.apple.com\/de-de\/guide\/safari\/sfri11471\/mac\" target=\"_new\" rel=\"noopener\" data-start=\"3646\" data-end=\"3720\">Apple Safari<\/a><\/p><\/li><\/ul><h3 data-start=\"3727\" data-end=\"3750\">6. \u043f\u0440\u0430\u0432\u043e\u0432\u0456 \u043f\u0456\u0434\u0441\u0442\u0430\u0432\u0438<\/h3><p data-start=\"3752\" data-end=\"3830\">\u0417\u0431\u0435\u0440\u0456\u0433\u0430\u043d\u043d\u044f \u0442\u0430 \u043e\u0431\u0440\u043e\u0431\u043a\u0430 \u0444\u0430\u0439\u043b\u0456\u0432 cookie \u0491\u0440\u0443\u043d\u0442\u0443\u0454\u0442\u044c\u0441\u044f \u043d\u0430 \u043d\u0430\u0441\u0442\u0443\u043f\u043d\u0438\u0445 \u043f\u0440\u0438\u043d\u0446\u0438\u043f\u0430\u0445:<\/p><ul data-start=\"3832\" data-end=\"3982\"><li data-start=\"3832\" data-end=\"3912\"><p data-start=\"3834\" data-end=\"3912\"><strong data-start=\"3834\" data-end=\"3859\">\u041d\u0435\u043e\u0431\u0445\u0456\u0434\u043d\u0456 \u0444\u0430\u0439\u043b\u0438 cookie<\/strong>\u0421\u0442. 6 \u043f. 1 \u043b\u0456\u0442. f GDPR (\u0437\u0430\u043a\u043e\u043d\u043d\u0438\u0439 \u0456\u043d\u0442\u0435\u0440\u0435\u0441)<\/p><\/li><li data-start=\"3913\" data-end=\"3982\"><p data-start=\"3915\" data-end=\"3982\"><strong data-start=\"3915\" data-end=\"3939\">\u0412\u0441\u0456 \u0456\u043d\u0448\u0456 \u0444\u0430\u0439\u043b\u0438 cookie<\/strong>\u0421\u0442. 6 \u043f. 1 \u043b\u0456\u0442. a GDPR (\u0437\u0433\u043e\u0434\u0430)<\/p><\/li><\/ul><p><strong data-start=\"3989\" data-end=\"4000\">\u041f\u0438\u0442\u0430\u043d\u043d\u044f?<\/strong><\/p><p data-start=\"3989\" data-end=\"4131\">\u042f\u043a\u0449\u043e \u0443 \u0432\u0430\u0441 \u0432\u0438\u043d\u0438\u043a\u043b\u0438 \u0437\u0430\u043f\u0438\u0442\u0430\u043d\u043d\u044f \u0449\u043e\u0434\u043e \u0446\u0456\u0454\u0457 \u043f\u043e\u043b\u0456\u0442\u0438\u043a\u0438 \u0430\u0431\u043e \u0432\u0430\u0448\u0438\u0445 \u043f\u0440\u0430\u0432 \u044f\u043a \u043a\u043e\u0440\u0438\u0441\u0442\u0443\u0432\u0430\u0447\u0430, \u0431\u0443\u0434\u044c \u043b\u0430\u0441\u043a\u0430, \u0437\u0432'\u044f\u0436\u0456\u0442\u044c\u0441\u044f \u0437 \u043d\u0430\u043c\u0438:<br data-start=\"4091\" data-end=\"4094\" \/>\ud83d\udce7 <a class=\"cursor-pointer\" rel=\"noopener\" data-start=\"4097\" data-end=\"4117\">info@praeparatio.com<\/a> | \u260e 096211838<\/p>\t\t\t\t\t\t\t\t<\/div>\n\t\t\t\t<\/div>\n\t\t\t\t\t<\/div>\n\t\t\t\t<\/div>\n\t\t\t\t<\/div>","protected":false},"excerpt":{"rendered":"<p>\ud83c\udf6a Cookie-Richtlinie von shoeeyeq.com Stand: 09. Juni 2025 Diese Cookie-Richtlinie erkl\u00e4rt, wie und warum Cookies auf unserer Website verwendet werden, wie lange sie gespeichert bleiben und wie Sie Ihre Einwilligung verwalten k\u00f6nnen. 1. Was sind Cookies? Cookies sind kleine Textdateien, die auf Ihrem Endger\u00e4t gespeichert werden, wenn Sie unsere Website besuchen. Sie erm\u00f6glichen es uns, [&hellip;]<\/p>","protected":false},"author":1,"featured_media":0,"parent":0,"menu_order":0,"comment_status":"closed","ping_status":"closed","template":"elementor_header_footer","meta":{"footnotes":""},"class_list":["post-1754","page","type-page","status-publish","hentry"],"_links":{"self":[{"href":"https:\/\/shoeeyeq.com\/uk\/wp-json\/wp\/v2\/pages\/1754","targetHints":{"allow":["GET"]}}],"collection":[{"href":"https:\/\/shoeeyeq.com\/uk\/wp-json\/wp\/v2\/pages"}],"about":[{"href":"https:\/\/shoeeyeq.com\/uk\/wp-json\/wp\/v2\/types\/page"}],"author":[{"embeddable":true,"href":"https:\/\/shoeeyeq.com\/uk\/wp-json\/wp\/v2\/users\/1"}],"replies":[{"embeddable":true,"href":"https:\/\/shoeeyeq.com\/uk\/wp-json\/wp\/v2\/comments?post=1754"}],"version-history":[{"count":7,"href":"https:\/\/shoeeyeq.com\/uk\/wp-json\/wp\/v2\/pages\/1754\/revisions"}],"predecessor-version":[{"id":1761,"href":"https:\/\/shoeeyeq.com\/uk\/wp-json\/wp\/v2\/pages\/1754\/revisions\/1761"}],"wp:attachment":[{"href":"https:\/\/shoeeyeq.com\/uk\/wp-json\/wp\/v2\/media?parent=1754"}],"curies":[{"name":"wp","href":"https:\/\/api.w.org\/{rel}","templated":true}]}}