{"id":1762,"date":"2025-07-08T13:26:53","date_gmt":"2025-07-08T11:26:53","guid":{"rendered":"https:\/\/shoeeyeq.com\/?page_id=1762"},"modified":"2025-07-08T13:30:50","modified_gmt":"2025-07-08T11:30:50","slug":"agb","status":"publish","type":"page","link":"https:\/\/shoeeyeq.com\/uk\/agb\/","title":{"rendered":"Agb"},"content":{"rendered":"<div data-elementor-type=\"wp-page\" data-elementor-id=\"1762\" class=\"elementor elementor-1762\" data-elementor-post-type=\"page\">\n\t\t\t\t<div class=\"elementor-element elementor-element-0acb522 e-flex e-con-boxed e-con e-parent\" data-id=\"0acb522\" data-element_type=\"container\">\n\t\t\t\t\t<div class=\"e-con-inner\">\n\t\t\t\t<div class=\"elementor-element elementor-element-2eaa45c elementor-widget elementor-widget-text-editor\" data-id=\"2eaa45c\" data-element_type=\"widget\" data-widget_type=\"text-editor.default\">\n\t\t\t\t<div class=\"elementor-widget-container\">\n\t\t\t\t\t\t\t\t\t<h2 data-start=\"228\" data-end=\"274\">\u0417\u0430\u0433\u0430\u043b\u044c\u043d\u0456 \u043f\u043e\u043b\u043e\u0436\u0435\u043d\u043d\u044f \u0442\u0430 \u0443\u043c\u043e\u0432\u0438 (AGB)<\/h2><p data-start=\"275\" data-end=\"359\"><strong data-start=\"275\" data-end=\"332\">\u0437\u0430 \u0432\u0438\u043a\u043e\u0440\u0438\u0441\u0442\u0430\u043d\u043d\u044f \u043f\u043b\u0430\u0442\u0444\u043e\u0440\u043c\u0438 \u0435\u043b\u0435\u043a\u0442\u0440\u043e\u043d\u043d\u043e\u0433\u043e \u043d\u0430\u0432\u0447\u0430\u043d\u043d\u044f shoeeyeq.com<\/strong><br data-start=\"332\" data-end=\"335\" \/><strong data-start=\"335\" data-end=\"359\">\u0421\u0442\u0430\u0442\u0443\u0441: 08 \u043b\u0438\u043f\u043d\u044f 2025 \u0440\u043e\u043a\u0443<\/strong><\/p><h3 data-start=\"361\" data-end=\"385\">1. \u0441\u0444\u0435\u0440\u0430 \u0437\u0430\u0441\u0442\u043e\u0441\u0443\u0432\u0430\u043d\u043d\u044f<\/h3><p data-start=\"386\" data-end=\"529\">\u0426\u0456 \u041e\u0423\u0417 \u0437\u0430\u0441\u0442\u043e\u0441\u043e\u0432\u0443\u044e\u0442\u044c\u0441\u044f \u0434\u043e \u0432\u0441\u0456\u0445 \u0434\u043e\u0433\u043e\u0432\u043e\u0440\u0456\u0432, \u0432\u0438\u043a\u043e\u0440\u0438\u0441\u0442\u0430\u043d\u043d\u044f \u0442\u0430 \u043f\u043e\u0441\u043b\u0443\u0433, \u043f\u043e\u0432'\u044f\u0437\u0430\u043d\u0438\u0445 \u0437 \u043f\u043b\u0430\u0442\u0444\u043e\u0440\u043c\u043e\u044e \u0435\u043b\u0435\u043a\u0442\u0440\u043e\u043d\u043d\u043e\u0433\u043e \u043d\u0430\u0432\u0447\u0430\u043d\u043d\u044f <strong data-start=\"492\" data-end=\"508\">shoeeyeq.com<\/strong>\u043d\u0430\u0434\u0430\u043d\u043e<\/p><p data-start=\"531\" data-end=\"642\"><strong data-start=\"531\" data-end=\"551\">Praeparatio e.V.<\/strong><br data-start=\"551\" data-end=\"554\" \/>\u0428\u043b\u0430\u0445\u0442\u0445\u0430\u0443\u0441\u0448\u0442\u0440\u0430\u0441\u0441\u0435 11<br data-start=\"575\" data-end=\"578\" \/>92224 \u042f\u043d\u0442\u0430\u0440\u043d\u0438\u0439<br data-start=\"590\" data-end=\"593\" \/>\u0435\u043b\u0435\u043a\u0442\u0440\u043e\u043d\u043d\u0443 \u043f\u043e\u0448\u0442\u0443: <a class=\"cursor-pointer\" rel=\"noopener\" data-start=\"601\" data-end=\"621\">info@praeparatio.com<\/a><br data-start=\"621\" data-end=\"624\" \/>\u0422\u0435\u043b\u0435\u0444\u043e\u043d: 096211838<\/p><p data-start=\"644\" data-end=\"713\">\u0417\u0430\u0440\u0435\u0454\u0441\u0442\u0440\u043e\u0432\u0430\u043d\u043e \u0432 \u0420\u0435\u0454\u0441\u0442\u0440\u0456 \u043e\u0431'\u0454\u0434\u043d\u0430\u043d\u044c Amberg, VR 200318<br data-start=\"692\" data-end=\"695\" \/>\u0412 \u043e\u0441\u043e\u0431\u0456<\/p><ol data-start=\"714\" data-end=\"777\"><li data-start=\"714\" data-end=\"746\"><p data-start=\"717\" data-end=\"746\">\u0413\u043e\u043b\u043e\u0432\u0430: \u0424\u0440\u0430\u043d\u0446 \u0424\u0456\u0448\u0435\u0440<\/p><\/li><li data-start=\"747\" data-end=\"777\"><p data-start=\"750\" data-end=\"777\">\u0413\u043e\u043b\u043e\u0432\u0430: \u0412\u043e\u043b\u044c\u0444\u0433\u0430\u043d\u0433 \u0412\u0435\u0434\u043b\u044c<\/p><\/li><\/ol><h3 data-start=\"779\" data-end=\"809\">2. \u043e\u043f\u0438\u0441 \u043f\u043e\u0441\u043b\u0443\u0433\u0438<\/h3><p data-start=\"810\" data-end=\"1110\">Shoeeyeq.com \u043f\u0440\u043e\u043f\u043e\u043d\u0443\u0454 \u0437\u0430\u0440\u0435\u0454\u0441\u0442\u0440\u043e\u0432\u0430\u043d\u0438\u043c \u043a\u043e\u0440\u0438\u0441\u0442\u0443\u0432\u0430\u0447\u0430\u043c \u0434\u043e\u0441\u0442\u0443\u043f \u0434\u043e \u0446\u0438\u0444\u0440\u043e\u0432\u043e\u0433\u043e \u043d\u0430\u0432\u0447\u0430\u043b\u044c\u043d\u043e\u0433\u043e \u043a\u043e\u043d\u0442\u0435\u043d\u0442\u0443, \u0442\u0430\u043a\u043e\u0433\u043e \u044f\u043a \u043a\u0443\u0440\u0441\u0438, \u0432\u0456\u0434\u0435\u043e, \u0440\u043e\u0431\u043e\u0447\u0456 \u043c\u0430\u0442\u0435\u0440\u0456\u0430\u043b\u0438 \u0442\u043e\u0449\u043e, \u0437\u043e\u043a\u0440\u0435\u043c\u0430, \u0432 \u0433\u0430\u043b\u0443\u0437\u0456 \u0442\u0435\u0445\u043d\u043e\u043b\u043e\u0433\u0456\u0439 \u043e\u0440\u0442\u043e\u043f\u0435\u0434\u0438\u0447\u043d\u043e\u0433\u043e \u0432\u0437\u0443\u0442\u0442\u044f \u0442\u0430 \u043c\u0435\u0434\u0438\u0447\u043d\u043e\u0457 \u043f\u0456\u0434\u0433\u043e\u0442\u043e\u0432\u043a\u0438.<br data-start=\"1035\" data-end=\"1038\" \/>\u0427\u0430\u0441\u0442\u0438\u043d\u0430 \u043a\u043e\u043d\u0442\u0435\u043d\u0442\u0443 \u043c\u043e\u0436\u0435 \u0431\u0443\u0442\u0438 \u0431\u0435\u0437\u043a\u043e\u0448\u0442\u043e\u0432\u043d\u043e\u044e, \u0447\u0430\u0441\u0442\u0438\u043d\u0430 - \u043f\u043b\u0430\u0442\u043d\u043e\u044e.<\/p><h3 data-start=\"1112\" data-end=\"1150\">3. \u0440\u0435\u0454\u0441\u0442\u0440\u0430\u0446\u0456\u044f \u0442\u0430 \u043e\u0431\u043b\u0456\u043a\u043e\u0432\u0438\u0439 \u0437\u0430\u043f\u0438\u0441 \u043a\u043e\u0440\u0438\u0441\u0442\u0443\u0432\u0430\u0447\u0430<\/h3><ul data-start=\"1151\" data-end=\"1408\"><li data-start=\"1151\" data-end=\"1210\"><p data-start=\"1153\" data-end=\"1210\">\u0414\u043b\u044f \u043a\u043e\u0440\u0438\u0441\u0442\u0443\u0432\u0430\u043d\u043d\u044f \u043f\u043b\u0430\u0442\u0444\u043e\u0440\u043c\u043e\u044e \u043d\u0435\u043e\u0431\u0445\u0456\u0434\u043d\u0430 \u0440\u0435\u0454\u0441\u0442\u0440\u0430\u0446\u0456\u044f.<\/p><\/li><li data-start=\"1211\" data-end=\"1301\"><p data-start=\"1213\" data-end=\"1301\">\u041a\u043e\u0440\u0438\u0441\u0442\u0443\u0432\u0430\u0447 \u0437\u043e\u0431\u043e\u0432'\u044f\u0437\u0443\u0454\u0442\u044c\u0441\u044f \u043d\u0430\u0434\u0430\u0442\u0438 \u043f\u0440\u0430\u0432\u0434\u0438\u0432\u0443 \u0456\u043d\u0444\u043e\u0440\u043c\u0430\u0446\u0456\u044e \u043f\u0440\u0438 \u0440\u0435\u0454\u0441\u0442\u0440\u0430\u0446\u0456\u0457.<\/p><\/li><li data-start=\"1302\" data-end=\"1367\"><p data-start=\"1304\" data-end=\"1367\">\u0414\u0430\u043d\u0456 \u0434\u043e\u0441\u0442\u0443\u043f\u0443 \u043d\u0435 \u043c\u043e\u0436\u0443\u0442\u044c \u0431\u0443\u0442\u0438 \u043f\u0435\u0440\u0435\u0434\u0430\u043d\u0456 \u0442\u0440\u0435\u0442\u0456\u043c \u043e\u0441\u043e\u0431\u0430\u043c.<\/p><\/li><li data-start=\"1368\" data-end=\"1408\"><p data-start=\"1370\" data-end=\"1408\">\u041e\u0431\u043b\u0456\u043a\u043e\u0432\u0438\u0439 \u0437\u0430\u043f\u0438\u0441 \u043a\u043e\u0440\u0438\u0441\u0442\u0443\u0432\u0430\u0447\u0430 \u043d\u0435 \u043f\u0435\u0440\u0435\u0434\u0430\u0454\u0442\u044c\u0441\u044f.<\/p><\/li><\/ul><h3 data-start=\"1410\" data-end=\"1458\">4 \u0423\u043a\u043b\u0430\u0434\u0435\u043d\u043d\u044f \u0434\u043e\u0433\u043e\u0432\u043e\u0440\u0443 \u0442\u0430 \u0443\u043c\u043e\u0432\u0438 \u043e\u043f\u043b\u0430\u0442\u0438<\/h3><ul data-start=\"1459\" data-end=\"1845\"><li data-start=\"1459\" data-end=\"1579\"><p data-start=\"1461\" data-end=\"1579\">\u0414\u043e\u0433\u043e\u0432\u0456\u0440 \u043d\u0430 \u043f\u043b\u0430\u0442\u043d\u0438\u0439 \u043a\u043e\u043d\u0442\u0435\u043d\u0442 \u0443\u043a\u043b\u0430\u0434\u0430\u0454\u0442\u044c\u0441\u044f, \u043a\u043e\u043b\u0438 \u043a\u043e\u0440\u0438\u0441\u0442\u0443\u0432\u0430\u0447 \u0437\u0434\u0456\u0439\u0441\u043d\u044e\u0454 \u043f\u043b\u0430\u0442\u043d\u0435 \u0431\u0440\u043e\u043d\u044e\u0432\u0430\u043d\u043d\u044f \u043d\u0430 \u043f\u043b\u0430\u0442\u0444\u043e\u0440\u043c\u0456.<\/p><\/li><li data-start=\"1580\" data-end=\"1688\"><p data-start=\"1582\" data-end=\"1688\">\u0426\u0456\u043d\u0438 \u043c\u043e\u0436\u043d\u0430 \u043f\u0435\u0440\u0435\u0433\u043b\u044f\u043d\u0443\u0442\u0438 \u043d\u0430 \u0441\u0442\u043e\u0440\u0456\u043d\u0446\u0456 \u0432\u0456\u0434\u043f\u043e\u0432\u0456\u0434\u043d\u043e\u0433\u043e \u043a\u0443\u0440\u0441\u0443, \u0432\u043e\u043d\u0438 \u0432\u043a\u043b\u044e\u0447\u0430\u044e\u0442\u044c \u041f\u0414\u0412 (\u0437\u0430 \u043d\u0430\u044f\u0432\u043d\u043e\u0441\u0442\u0456).<\/p><\/li><li data-start=\"1689\" data-end=\"1762\"><p data-start=\"1691\" data-end=\"1762\">\u041e\u043f\u043b\u0430\u0442\u0443 \u043c\u043e\u0436\u043d\u0430 \u0437\u0434\u0456\u0439\u0441\u043d\u0438\u0442\u0438 \u043a\u0440\u0435\u0434\u0438\u0442\u043d\u043e\u044e \u043a\u0430\u0440\u0442\u043a\u043e\u044e, PayPal \u0430\u0431\u043e \u0431\u0430\u043d\u043a\u0456\u0432\u0441\u044c\u043a\u0438\u043c \u043f\u0435\u0440\u0435\u043a\u0430\u0437\u043e\u043c.<\/p><\/li><li data-start=\"1763\" data-end=\"1845\"><p data-start=\"1765\" data-end=\"1845\">\u0414\u043e\u0441\u0442\u0443\u043f \u0434\u043e \u043f\u043b\u0430\u0442\u043d\u0438\u0445 \u043a\u0443\u0440\u0441\u0456\u0432 \u0431\u0443\u0434\u0435 \u0430\u043a\u0442\u0438\u0432\u043e\u0432\u0430\u043d\u043e \u043f\u0456\u0441\u043b\u044f \u043e\u0442\u0440\u0438\u043c\u0430\u043d\u043d\u044f \u043e\u043f\u043b\u0430\u0442\u0438.<\/p><\/li><\/ul><h3 data-start=\"1847\" data-end=\"1870\">5. \u043f\u0440\u0430\u0432\u043e \u043d\u0430 \u0441\u043a\u0430\u0441\u0443\u0432\u0430\u043d\u043d\u044f<\/h3><p data-start=\"1871\" data-end=\"2114\">\u0421\u043f\u043e\u0436\u0438\u0432\u0430\u0447\u0456 \u043c\u0430\u044e\u0442\u044c \u0437\u0430\u043a\u043e\u043d\u043d\u0435 \u043f\u0440\u0430\u0432\u043e \u043d\u0430 \u0432\u0456\u0434\u043c\u043e\u0432\u0443 \u0432\u0456\u0434 \u043f\u043e\u0441\u043b\u0443\u0433.<br data-start=\"1925\" data-end=\"1928\" \/><strong data-start=\"1928\" data-end=\"1940\">\u0417\u0430\u0443\u0432\u0430\u0436\u0442\u0435:<\/strong> \u0423 \u0432\u0438\u043f\u0430\u0434\u043a\u0443 \u0437 \u0446\u0438\u0444\u0440\u043e\u0432\u0438\u043c \u043a\u043e\u043d\u0442\u0435\u043d\u0442\u043e\u043c \u043f\u0440\u0430\u0432\u043e \u043d\u0430 \u0441\u043a\u0430\u0441\u0443\u0432\u0430\u043d\u043d\u044f \u0432\u0442\u0440\u0430\u0447\u0430\u0454 \u0447\u0438\u043d\u043d\u0456\u0441\u0442\u044c, \u044f\u043a \u0442\u0456\u043b\u044c\u043a\u0438 \u043f\u043e\u0447\u0430\u043b\u043e\u0441\u044f \u0432\u0438\u043a\u043e\u043d\u0430\u043d\u043d\u044f (\u043d\u0430\u043f\u0440\u0438\u043a\u043b\u0430\u0434, \u0430\u043a\u0442\u0438\u0432\u0430\u0446\u0456\u044f \u043a\u0443\u0440\u0441\u0443) \u0456 \u043a\u043e\u0440\u0438\u0441\u0442\u0443\u0432\u0430\u0447 \u0434\u0430\u0432 \u043d\u0430 \u0446\u0435 \u044f\u0432\u043d\u0443 \u0437\u0433\u043e\u0434\u0443.<\/p><p data-start=\"2116\" data-end=\"2222\">\u041e\u0434\u0438\u043d. <strong data-start=\"2123\" data-end=\"2145\">\u041f\u043e\u043b\u0456\u0442\u0438\u043a\u0430 \u0430\u043d\u0443\u043b\u044f\u0446\u0456\u0457<\/strong> \u043c\u043e\u0436\u0443\u0442\u044c \u0431\u0443\u0442\u0438 \u043d\u0430\u0434\u0430\u043d\u0456 \u043e\u043a\u0440\u0435\u043c\u043e - \u044f \u0431\u0443\u0434\u0443 \u0440\u0430\u0434\u0438\u0439 \u0441\u0444\u043e\u0440\u043c\u0443\u043b\u044e\u0432\u0430\u0442\u0438 \u0457\u0445 \u0434\u043b\u044f \u0432\u0430\u0441 \u0437\u0430 \u0437\u0430\u043f\u0438\u0442\u043e\u043c.<\/p><h3 data-start=\"2224\" data-end=\"2247\">6. \u043f\u0440\u0430\u0432\u0430 \u043d\u0430 \u0432\u0438\u043a\u043e\u0440\u0438\u0441\u0442\u0430\u043d\u043d\u044f<\/h3><ul data-start=\"2248\" data-end=\"2522\"><li data-start=\"2248\" data-end=\"2313\"><p data-start=\"2250\" data-end=\"2313\">\u041d\u0430\u0434\u0430\u043d\u0438\u0439 \u043a\u043e\u043d\u0442\u0435\u043d\u0442 \u0437\u0430\u0445\u0438\u0449\u0435\u043d\u0438\u0439 \u0430\u0432\u0442\u043e\u0440\u0441\u044c\u043a\u0438\u043c \u043f\u0440\u0430\u0432\u043e\u043c.<\/p><\/li><li data-start=\"2314\" data-end=\"2444\"><p data-start=\"2316\" data-end=\"2444\">\u041f\u0440\u0438\u0434\u0431\u0430\u0432\u0448\u0438 \u043a\u0443\u0440\u0441, \u043a\u043e\u0440\u0438\u0441\u0442\u0443\u0432\u0430\u0447 \u043e\u0442\u0440\u0438\u043c\u0443\u0454 \u043f\u0440\u043e\u0441\u0442\u0435, \u043d\u0435\u043f\u0435\u0440\u0435\u0434\u0430\u0432\u0430\u043d\u0435 \u043f\u0440\u0430\u0432\u043e \u043a\u043e\u0440\u0438\u0441\u0442\u0443\u0432\u0430\u043d\u043d\u044f \u0434\u043b\u044f \u043e\u0441\u043e\u0431\u0438\u0441\u0442\u043e\u0433\u043e \u043f\u0456\u0434\u0432\u0438\u0449\u0435\u043d\u043d\u044f \u043a\u0432\u0430\u043b\u0456\u0444\u0456\u043a\u0430\u0446\u0456\u0457.<\/p><\/li><li data-start=\"2445\" data-end=\"2522\"><p data-start=\"2447\" data-end=\"2522\">\u0420\u043e\u0437\u043f\u043e\u0432\u0441\u044e\u0434\u0436\u0435\u043d\u043d\u044f, \u043a\u043e\u043f\u0456\u044e\u0432\u0430\u043d\u043d\u044f \u0430\u0431\u043e \u043a\u043e\u043c\u0435\u0440\u0446\u0456\u0439\u043d\u0435 \u0432\u0438\u043a\u043e\u0440\u0438\u0441\u0442\u0430\u043d\u043d\u044f \u043d\u0435 \u0434\u043e\u0437\u0432\u043e\u043b\u044f\u0454\u0442\u044c\u0441\u044f.<\/p><\/li><\/ul><h3 data-start=\"2524\" data-end=\"2558\">7 \u0414\u043e\u0441\u0442\u0443\u043f\u043d\u0456\u0441\u0442\u044c \u0442\u0430 \u0432\u0456\u0434\u043f\u043e\u0432\u0456\u0434\u0430\u043b\u044c\u043d\u0456\u0441\u0442\u044c<\/h3><ul data-start=\"2559\" data-end=\"2912\"><li data-start=\"2559\" data-end=\"2645\"><p data-start=\"2561\" data-end=\"2645\">\u041c\u0438 \u043d\u0430\u043c\u0430\u0433\u0430\u0454\u043c\u043e\u0441\u044f \u0437\u0430\u0431\u0435\u0437\u043f\u0435\u0447\u0438\u0442\u0438 \u0434\u043e\u0441\u0442\u0443\u043f\u043d\u0456\u0441\u0442\u044c \u043f\u043b\u0430\u0442\u0444\u043e\u0440\u043c\u0438 \u0437 \u044f\u043a\u043e\u043c\u043e\u0433\u0430 \u043c\u0435\u043d\u0448\u0438\u043c\u0438 \u043f\u0435\u0440\u0435\u0440\u0432\u0430\u043c\u0438.<\/p><\/li><li data-start=\"2646\" data-end=\"2710\"><p data-start=\"2648\" data-end=\"2710\">\u0427\u0430\u0441 \u0432\u0456\u0434 \u0447\u0430\u0441\u0443 \u043c\u043e\u0436\u0443\u0442\u044c \u0432\u0438\u043d\u0438\u043a\u0430\u0442\u0438 \u0440\u043e\u0431\u043e\u0442\u0438 \u0437 \u0442\u0435\u0445\u043d\u0456\u0447\u043d\u043e\u0433\u043e \u043e\u0431\u0441\u043b\u0443\u0433\u043e\u0432\u0443\u0432\u0430\u043d\u043d\u044f \u0430\u0431\u043e \u043d\u0435\u0441\u043f\u0440\u0430\u0432\u043d\u043e\u0441\u0442\u0456.<\/p><\/li><li data-start=\"2711\" data-end=\"2836\"><p data-start=\"2713\" data-end=\"2836\">\u041c\u0438 \u043d\u0435 \u043d\u0435\u0441\u0435\u043c\u043e \u0432\u0456\u0434\u043f\u043e\u0432\u0456\u0434\u0430\u043b\u044c\u043d\u043e\u0441\u0442\u0456 \u0437\u0430 \u0437\u0431\u043e\u0457 \u0447\u0435\u0440\u0435\u0437 \u0444\u043e\u0440\u0441-\u043c\u0430\u0436\u043e\u0440\u043d\u0456 \u043e\u0431\u0441\u0442\u0430\u0432\u0438\u043d\u0438 \u0430\u0431\u043e \u0442\u0435\u0445\u043d\u0456\u0447\u043d\u0456 \u043f\u0440\u043e\u0431\u043b\u0435\u043c\u0438, \u0441\u043f\u0440\u0438\u0447\u0438\u043d\u0435\u043d\u0456 \u0442\u0440\u0435\u0442\u0456\u043c\u0438 \u0441\u0442\u043e\u0440\u043e\u043d\u0430\u043c\u0438 (\u043d\u0430\u043f\u0440\u0438\u043a\u043b\u0430\u0434, \u0456\u043d\u0442\u0435\u0440\u043d\u0435\u0442-\u043f\u0440\u043e\u0432\u0430\u0439\u0434\u0435\u0440\u0430\u043c\u0438).<\/p><\/li><li data-start=\"2837\" data-end=\"2912\"><p data-start=\"2839\" data-end=\"2912\">\u0423 \u0440\u0430\u0437\u0456 \u0433\u0440\u0443\u0431\u043e\u0457 \u043d\u0435\u0434\u0431\u0430\u043b\u043e\u0441\u0442\u0456 \u0430\u0431\u043e \u043d\u0430\u0432\u043c\u0438\u0441\u043d\u043e\u0433\u043e \u043d\u0430\u043c\u0456\u0440\u0443 \u043c\u0438 \u043d\u0435\u0441\u0435\u043c\u043e \u0432\u0456\u0434\u043f\u043e\u0432\u0456\u0434\u0430\u043b\u044c\u043d\u0456\u0441\u0442\u044c \u0443 \u0432\u0441\u0442\u0430\u043d\u043e\u0432\u043b\u0435\u043d\u043e\u043c\u0443 \u0437\u0430\u043a\u043e\u043d\u043e\u043c \u043f\u043e\u0440\u044f\u0434\u043a\u0443.<\/p><\/li><\/ul><h3 data-start=\"2914\" data-end=\"2943\">8 \u041e\u0431\u043e\u0432'\u044f\u0437\u043a\u0438 \u043a\u043e\u0440\u0438\u0441\u0442\u0443\u0432\u0430\u0447\u0456\u0432<\/h3><ul data-start=\"2944\" data-end=\"3194\"><li data-start=\"2944\" data-end=\"3053\"><p data-start=\"2946\" data-end=\"3053\">\u041a\u043e\u0440\u0438\u0441\u0442\u0443\u0432\u0430\u0447 \u0437\u043e\u0431\u043e\u0432'\u044f\u0437\u0443\u0454\u0442\u044c\u0441\u044f \u0432\u0438\u043a\u043e\u0440\u0438\u0441\u0442\u043e\u0432\u0443\u0432\u0430\u0442\u0438 \u043f\u043b\u0430\u0442\u0444\u043e\u0440\u043c\u0443 \u0442\u0456\u043b\u044c\u043a\u0438 \u0432 \u0440\u0430\u043c\u043a\u0430\u0445 \u0447\u0438\u043d\u043d\u043e\u0433\u043e \u0437\u0430\u043a\u043e\u043d\u043e\u0434\u0430\u0432\u0441\u0442\u0432\u0430 \u0442\u0430 \u0446\u0438\u0445 \u041e\u0423\u041f.<\/p><\/li><li data-start=\"3054\" data-end=\"3194\"><p data-start=\"3056\" data-end=\"3194\">\u041f\u043e\u0440\u0443\u0448\u0435\u043d\u043d\u044f (\u043d\u0430\u043f\u0440\u0438\u043a\u043b\u0430\u0434, \u043d\u0435\u0441\u0430\u043d\u043a\u0446\u0456\u043e\u043d\u043e\u0432\u0430\u043d\u0438\u0439 \u043e\u0431\u043c\u0456\u043d \u043a\u043e\u043d\u0442\u0435\u043d\u0442\u043e\u043c, \u043f\u043e\u0440\u0443\u0448\u0435\u043d\u043d\u044f \u0440\u043e\u0431\u043e\u0442\u0438, \u043e\u0431\u0440\u0430\u0437\u0438) \u043c\u043e\u0436\u0443\u0442\u044c \u043f\u0440\u0438\u0437\u0432\u0435\u0441\u0442\u0438 \u0434\u043e \u0431\u043b\u043e\u043a\u0443\u0432\u0430\u043d\u043d\u044f \u0430\u0431\u043e \u0432\u0438\u0434\u0430\u043b\u0435\u043d\u043d\u044f \u043e\u0431\u043b\u0456\u043a\u043e\u0432\u043e\u0433\u043e \u0437\u0430\u043f\u0438\u0441\u0443.<\/p><\/li><\/ul><h3 data-start=\"3196\" data-end=\"3227\">9 \u041f\u0440\u0438\u043f\u0438\u043d\u0435\u043d\u043d\u044f \u0442\u0430 \u0430\u043d\u0443\u043b\u044e\u0432\u0430\u043d\u043d\u044f<\/h3><ul data-start=\"3228\" data-end=\"3498\"><li data-start=\"3228\" data-end=\"3331\"><p data-start=\"3230\" data-end=\"3331\">\u0414\u043e\u0441\u0442\u0443\u043f \u0434\u043e \u043e\u043a\u0440\u0435\u043c\u0438\u0445 \u043a\u0443\u0440\u0441\u0456\u0432 \u043e\u0431\u043c\u0435\u0436\u0435\u043d\u0438\u0439 \u0430\u0431\u043e \u043d\u0435\u043e\u0431\u043c\u0435\u0436\u0435\u043d\u0438\u0439 \u0443 \u0447\u0430\u0441\u0456, \u044f\u043a \u043e\u043f\u0438\u0441\u0430\u043d\u043e \u0432 \u043f\u0440\u043e\u043f\u043e\u0437\u0438\u0446\u0456\u0457.<\/p><\/li><li data-start=\"3332\" data-end=\"3406\"><p data-start=\"3334\" data-end=\"3406\">\u041e\u0431\u043b\u0456\u043a\u043e\u0432\u0456 \u0437\u0430\u043f\u0438\u0441\u0438 \u043a\u043e\u0440\u0438\u0441\u0442\u0443\u0432\u0430\u0447\u0456\u0432 \u043c\u043e\u0436\u0443\u0442\u044c \u0431\u0443\u0442\u0438 \u0432\u0438\u0434\u0430\u043b\u0435\u043d\u0456 \u0432 \u0431\u0443\u0434\u044c-\u044f\u043a\u0438\u0439 \u0447\u0430\u0441 \u0431\u0435\u0437 \u043f\u043e\u044f\u0441\u043d\u0435\u043d\u043d\u044f \u043f\u0440\u0438\u0447\u0438\u043d.<\/p><\/li><li data-start=\"3407\" data-end=\"3498\"><p data-start=\"3409\" data-end=\"3498\">Praeparatio e.V. \u0437\u0430\u043b\u0438\u0448\u0430\u0454 \u0437\u0430 \u0441\u043e\u0431\u043e\u044e \u043f\u0440\u0430\u0432\u043e \u0431\u043b\u043e\u043a\u0443\u0432\u0430\u0442\u0438 \u0434\u043e\u0441\u0442\u0443\u043f \u0430\u0431\u043e \u0437\u043c\u0456\u043d\u044e\u0432\u0430\u0442\u0438 \u0437\u043c\u0456\u0441\u0442.<\/p><\/li><\/ul><h3 data-start=\"3500\" data-end=\"3521\">10. \u0437\u0430\u0445\u0438\u0441\u0442 \u0434\u0430\u043d\u0438\u0445<\/h3><p data-start=\"3522\" data-end=\"3643\">\u041e\u0431\u0440\u043e\u0431\u043a\u0430 \u043f\u0435\u0440\u0441\u043e\u043d\u0430\u043b\u044c\u043d\u0438\u0445 \u0434\u0430\u043d\u0438\u0445 \u0432\u0456\u0434\u0431\u0443\u0432\u0430\u0454\u0442\u044c\u0441\u044f \u0432\u0456\u0434\u043f\u043e\u0432\u0456\u0434\u043d\u043e \u0434\u043e \u043d\u0430\u0448\u043e\u0457 <a class=\"\" href=\"https:\/\/shoeeyeq.com\/uk\/datenschutz\/\" target=\"_new\" rel=\"noopener\" data-start=\"3585\" data-end=\"3642\">\u041f\u043e\u043b\u0456\u0442\u0438\u043a\u0430 \u043a\u043e\u043d\u0444\u0456\u0434\u0435\u043d\u0446\u0456\u0439\u043d\u043e\u0441\u0442\u0456<\/a>.<\/p><h3 data-start=\"3645\" data-end=\"3674\">11. \u043f\u0440\u0438\u043a\u0456\u043d\u0446\u0435\u0432\u0456 \u043f\u043e\u043b\u043e\u0436\u0435\u043d\u043d\u044f<\/h3><ul data-start=\"3675\" data-end=\"3877\"><li data-start=\"3675\" data-end=\"3703\"><p data-start=\"3677\" data-end=\"3703\">\u0417\u0430\u0441\u0442\u043e\u0441\u043e\u0432\u0443\u0454\u0442\u044c\u0441\u044f \u043d\u0456\u043c\u0435\u0446\u044c\u043a\u0435 \u0437\u0430\u043a\u043e\u043d\u043e\u0434\u0430\u0432\u0441\u0442\u0432\u043e.<\/p><\/li><li data-start=\"3704\" data-end=\"3761\"><p data-start=\"3706\" data-end=\"3761\">\u041c\u0456\u0441\u0446\u0435\u043c \u044e\u0440\u0438\u0441\u0434\u0438\u043a\u0446\u0456\u0457 \u0454 \u0410\u043c\u0431\u0435\u0440\u0433, \u043d\u0430\u0441\u043a\u0456\u043b\u044c\u043a\u0438 \u0446\u0435 \u0434\u043e\u0437\u0432\u043e\u043b\u0435\u043d\u043e \u0437\u0430\u043a\u043e\u043d\u043e\u043c.<\/p><\/li><li data-start=\"3762\" data-end=\"3877\"><p data-start=\"3764\" data-end=\"3877\">\u042f\u043a\u0449\u043e \u043e\u043a\u0440\u0435\u043c\u0456 \u043f\u043e\u043b\u043e\u0436\u0435\u043d\u043d\u044f \u0446\u0438\u0445 \u041e\u0423\u0417 \u0454 \u043d\u0435\u0434\u0456\u0439\u0441\u043d\u0438\u043c\u0438, \u0446\u0435 \u043d\u0435 \u0432\u043f\u043b\u0438\u0432\u0430\u0454 \u043d\u0430 \u0434\u0456\u0439\u0441\u043d\u0456\u0441\u0442\u044c \u0456\u043d\u0448\u0438\u0445 \u043f\u043e\u043b\u043e\u0436\u0435\u043d\u044c.<\/p><\/li><\/ul>\t\t\t\t\t\t\t\t<\/div>\n\t\t\t\t<\/div>\n\t\t\t\t\t<\/div>\n\t\t\t\t<\/div>\n\t\t\t\t<\/div>","protected":false},"excerpt":{"rendered":"<p>Allgemeine Gesch\u00e4ftsbedingungen (AGB) f\u00fcr die Nutzung der E-Learning-Plattform shoeeyeq.comStand: 08. Juli 2025 1. Geltungsbereich Diese AGB gelten f\u00fcr alle Vertr\u00e4ge, Nutzungen und Leistungen im Zusammenhang mit der E-Learning-Plattform shoeeyeq.com, bereitgestellt von: Praeparatio e.V.Schlachthausstra\u00dfe 1192224 AmbergE-Mail: info@praeparatio.comTelefon: 096211838 Registriert im Vereinsregister Amberg, VR 200318Vertreten durch: Vorsitzender: Franz Fischer Vorsitzender: Wolfgang Wedl 2. Leistungsbeschreibung Shoeeyeq.com bietet registrierten [&hellip;]<\/p>","protected":false},"author":1,"featured_media":0,"parent":0,"menu_order":0,"comment_status":"closed","ping_status":"closed","template":"elementor_header_footer","meta":{"footnotes":""},"class_list":["post-1762","page","type-page","status-publish","hentry"],"_links":{"self":[{"href":"https:\/\/shoeeyeq.com\/uk\/wp-json\/wp\/v2\/pages\/1762","targetHints":{"allow":["GET"]}}],"collection":[{"href":"https:\/\/shoeeyeq.com\/uk\/wp-json\/wp\/v2\/pages"}],"about":[{"href":"https:\/\/shoeeyeq.com\/uk\/wp-json\/wp\/v2\/types\/page"}],"author":[{"embeddable":true,"href":"https:\/\/shoeeyeq.com\/uk\/wp-json\/wp\/v2\/users\/1"}],"replies":[{"embeddable":true,"href":"https:\/\/shoeeyeq.com\/uk\/wp-json\/wp\/v2\/comments?post=1762"}],"version-history":[{"count":7,"href":"https:\/\/shoeeyeq.com\/uk\/wp-json\/wp\/v2\/pages\/1762\/revisions"}],"predecessor-version":[{"id":1769,"href":"https:\/\/shoeeyeq.com\/uk\/wp-json\/wp\/v2\/pages\/1762\/revisions\/1769"}],"wp:attachment":[{"href":"https:\/\/shoeeyeq.com\/uk\/wp-json\/wp\/v2\/media?parent=1762"}],"curies":[{"name":"wp","href":"https:\/\/api.w.org\/{rel}","templated":true}]}}