{"id":603,"date":"2025-03-05T09:50:22","date_gmt":"2025-03-05T09:50:22","guid":{"rendered":"https:\/\/praeparatio.dev-dare.de\/?page_id=603"},"modified":"2025-06-13T15:12:48","modified_gmt":"2025-06-13T13:12:48","slug":"download","status":"publish","type":"page","link":"https:\/\/shoeeyeq.com\/uk\/download\/","title":{"rendered":"\u041e\u0431\u043b\u0430\u0441\u0442\u044c \u0437\u0430\u0432\u0430\u043d\u0442\u0430\u0436\u0435\u043d\u043d\u044f"},"content":{"rendered":"<div data-elementor-type=\"wp-page\" data-elementor-id=\"603\" class=\"elementor elementor-603\" data-elementor-post-type=\"page\">\n\t\t\t\t<div class=\"elementor-element elementor-element-4840aab0 e-flex e-con-boxed e-con e-parent\" data-id=\"4840aab0\" data-element_type=\"container\" data-settings=\"{&quot;background_background&quot;:&quot;classic&quot;}\">\n\t\t\t\t\t<div class=\"e-con-inner\">\n\t\t\t\t<div class=\"elementor-element elementor-element-2aadf95a elementor-widget elementor-widget-heading\" data-id=\"2aadf95a\" data-element_type=\"widget\" data-settings=\"{&quot;_animation&quot;:&quot;none&quot;}\" data-widget_type=\"heading.default\">\n\t\t\t\t<div class=\"elementor-widget-container\">\n\t\t\t\t\t<h1 class=\"elementor-heading-title elementor-size-default\">\u041e\u0431\u043b\u0430\u0441\u0442\u044c \u0437\u0430\u0432\u0430\u043d\u0442\u0430\u0436\u0435\u043d\u043d\u044f<\/h1>\t\t\t\t<\/div>\n\t\t\t\t<\/div>\n\t\t\t\t<div class=\"elementor-element elementor-element-ebbee0e elementor-widget elementor-widget-text-editor\" data-id=\"ebbee0e\" data-element_type=\"widget\" data-settings=\"{&quot;_animation&quot;:&quot;none&quot;}\" data-widget_type=\"text-editor.default\">\n\t\t\t\t<div class=\"elementor-widget-container\">\n\t\t\t\t\t\t\t\t\t<p>\u0417\u0430\u0432\u0430\u043d\u0442\u0430\u0436\u0442\u0435 \u043a\u043e\u0440\u0438\u0441\u043d\u0456 \u0434\u043e\u043a\u0443\u043c\u0435\u043d\u0442\u0438, \u0456\u043d\u0441\u0442\u0440\u0443\u043a\u0446\u0456\u0457 \u0442\u0430 \u0434\u043e\u0434\u0430\u0442\u043a\u043e\u0432\u0456 \u043c\u0430\u0442\u0435\u0440\u0456\u0430\u043b\u0438 \u0434\u043b\u044f \u0432\u0430\u0448\u0438\u0445 \u043a\u0443\u0440\u0441\u0456\u0432 \u0442\u0443\u0442.<\/p>\t\t\t\t\t\t\t\t<\/div>\n\t\t\t\t<\/div>\n\t\t\t\t\t<\/div>\n\t\t\t\t<\/div>\n\t\t<div class=\"elementor-element elementor-element-c6349d9 e-flex e-con-boxed e-con e-parent\" data-id=\"c6349d9\" data-element_type=\"container\">\n\t\t\t\t\t<div class=\"e-con-inner\">\n\t\t\t\t<div class=\"elementor-element elementor-element-e00ddee elementor-widget elementor-widget-wpdmcategory\" data-id=\"e00ddee\" data-element_type=\"widget\" data-widget_type=\"wpdmcategory.default\">\n\t\t\t\t<div class=\"elementor-widget-container\">\n\t\t\t\t\t<div class='w3eden'>\n    <div class=''>\n\n        <form method=\"get\" class=\"\" data-container=\"#content_wpdm_package_1\" id=\"sc_form_wpdm_package_1\" style=\"margin-bottom: 15px\" action=\"\">\n                <div class=\"panel panel-default card category-panel wpdm-shortcode-toolbar\">\n                <div class=\"panel-body card-body\">\n                    <div class=\"media\">\n                        <div class=\"mr-3\">\n                            <img src='https:\/\/shoeeyeq.com\/wp-content\/uploads\/2025\/02\/08.webp' alt='Icon'  style='width: 64px;' \/>                        <\/div>\n                        <div class=\"media-body\">\n                            <h3 style=\"margin: 0\">\u0410\u043d\u0430\u0442\u043e\u043c\u0456\u044f, \u043a\u043e\u043d\u0441\u0442\u0440\u0443\u043a\u0446\u0456\u044f \u043f\u0456\u0434\u043b\u043e\u0433\u0438, \u043a\u043e\u043d\u0441\u0442\u0440\u0443\u043a\u0446\u0456\u044f \u0441\u0432\u0438\u043d\u0446\u044e, \u043a\u043e\u043d\u0441\u0442\u0440\u0443\u043a\u0446\u0456\u044f \u0448\u0430\u0445\u0442\u0438<\/h3>\n                                                    <\/div>\n                    <\/div>\n                <\/div>\n                <div class=\"panel-footer card-footer\">\n                    <div class=\"row\">\n                        <div class=\"col-lg-6 col-md-12\">\n                            <input type=\"text\" name=\"skw\" value=\"\" placeholder=\"Search Keyword...\" class=\"form-control\" \/>\n                        <\/div>\n                        <div class=\"col-lg-2 col-md-4\">\n                            <select name=\"orderby\" class=\"wpdm-custom-select custom-select\">\n                                <option value=\"date\" disabled=\"disabled\">Order By:<\/option>\n                                <option value=\"date\" >Publish Date<\/option>\n                                <option value=\"title\" >Title<\/option>\n                                <option value=\"update_date\" >Update Date<\/option>\n                                <option value=\"download_count\" >Downloads<\/option>\n                                <option value=\"view_count\" >Views<\/option>\n                            <\/select>\n                        <\/div>\n                        <div class=\"col-lg-2 col-md-4\">\n                            <select name=\"order\" class=\"wpdm-custom-select custom-select\">\n                                <option value=\"desc\" disabled=\"disabled\">Order:<\/option>\n                                <option value=\"desc\" >Descending<\/option>\n                                <option value=\"asc\" >Ascending<\/option>\n                            <\/select>\n                        <\/div>\n                        <div class=\"col-lg-2 col-md-4\">\n                            <button type=\"submit\" class=\"btn btn-info btn-block\">Apply Filter<\/button>\n                        <\/div>\n                    <\/div>\n\n                <\/div>\n            <\/div>\n            <input type=\"hidden\" name=\"trp-form-language\" value=\"uk\"\/><\/form>\n<div class=\"spacer mb-3 d-block clearfix\"><\/div>\n\n        <div id=\"content_wpdm_package_1\">\n            <div class='row'><div class='col-lg-4 col-md-6 col-12'><!-- WPDM Link Template: Default Template -->\n\n<div class=\"link-template-default card mb-2\">\n    <div class=\"card-body\">\n        <div class=\"media\">\n            <div class=\"mr-3 img-48\"><img decoding=\"async\" class=\"wpdm_icon\" alt=\"Icon\" src=\"https:\/\/shoeeyeq.com\/wp-content\/plugins\/download-manager\/assets\/file-type-icons\/pdf.svg\" \/><\/div>\n            <div class=\"media-body\">\n                <h3 class=\"package-title\"><a href='https:\/\/shoeeyeq.com\/uk\/download\/grundmodell_derby-mit-spiegel-nach-leistenkopie_oberleder\/'>\u0411\u0430\u0437\u043e\u0432\u0430 \u043c\u043e\u0434\u0435\u043b\u044c_\u0414\u0435\u0440\u0431\u0456 \u0437 \u0434\u0437\u0435\u0440\u043a\u0430\u043b\u043e\u043c \u043f\u0456\u0441\u043b\u044f \u043e\u0441\u0442\u0430\u043d\u043d\u044c\u043e\u0433\u043e \u043f\u0440\u0438\u043c\u0456\u0440\u043d\u0438\u043a\u0430_\u0432\u0435\u0440\u0445\u043d\u044f \u0448\u043a\u0456\u0440\u0430<\/a><\/h3>\n                <div class=\"text-muted text-small\"><i class=\"fas fa-copy\"><\/i> 1 file(s) <i class=\"fas fa-hdd ml-3\"><\/i> 1.89 MB<\/div>\n            <\/div>\n            <div class=\"ml-3\">\n                <a class='wpdm-download-link download-on-click btn btn-primary' rel='nofollow' href='#' data-downloadurl=\"https:\/\/shoeeyeq.com\/uk\/download\/grundmodell_derby-mit-spiegel-nach-leistenkopie_oberleder\/?wpdmdl=2496&refresh=69e4cdf9a2aa01776602617\">\u0437\u0430\u0432\u0430\u043d\u0442\u0430\u0436\u0438\u0442\u0438<\/a>\n            <\/div>\n        <\/div>\n    <\/div>\n<\/div>\n\n<\/div><div class='col-lg-4 col-md-6 col-12'><!-- WPDM Link Template: Default Template -->\n\n<div class=\"link-template-default card mb-2\">\n    <div class=\"card-body\">\n        <div class=\"media\">\n            <div class=\"mr-3 img-48\"><img decoding=\"async\" class=\"wpdm_icon\" alt=\"Icon\" src=\"https:\/\/shoeeyeq.com\/wp-content\/plugins\/download-manager\/assets\/file-type-icons\/pdf.svg\" \/><\/div>\n            <div class=\"media-body\">\n                <h3 class=\"package-title\"><a href='https:\/\/shoeeyeq.com\/uk\/download\/trittspur\/'>\u0421\u043b\u0456\u0434<\/a><\/h3>\n                <div class=\"text-muted text-small\"><i class=\"fas fa-copy\"><\/i> 1 file(s) <i class=\"fas fa-hdd ml-3\"><\/i> 3.21 MB<\/div>\n            <\/div>\n            <div class=\"ml-3\">\n                <a class='wpdm-download-link download-on-click btn btn-primary' rel='nofollow' href='#' data-downloadurl=\"https:\/\/shoeeyeq.com\/uk\/download\/trittspur\/?wpdmdl=2495&refresh=69e4cdf9a440a1776602617\">\u0437\u0430\u0432\u0430\u043d\u0442\u0430\u0436\u0438\u0442\u0438<\/a>\n            <\/div>\n        <\/div>\n    <\/div>\n<\/div>\n\n<\/div><div class='col-lg-4 col-md-6 col-12'><!-- WPDM Link Template: Default Template -->\n\n<div class=\"link-template-default card mb-2\">\n    <div class=\"card-body\">\n        <div class=\"media\">\n            <div class=\"mr-3 img-48\"><img decoding=\"async\" class=\"wpdm_icon\" alt=\"Icon\" src=\"https:\/\/shoeeyeq.com\/wp-content\/plugins\/download-manager\/assets\/file-type-icons\/pdf.svg\" \/><\/div>\n            <div class=\"media-body\">\n                <h3 class=\"package-title\"><a href='https:\/\/shoeeyeq.com\/uk\/download\/massangaben-fuer-die-grundkonstruktion-nach-winkelsystem\/'>\u041d\u0430\u043d\u0435\u0441\u0435\u043d\u043d\u044f \u0440\u043e\u0437\u043c\u0456\u0440\u0456\u0432 \u0434\u043b\u044f \u0431\u0430\u0437\u043e\u0432\u043e\u0457 \u043a\u043e\u043d\u0441\u0442\u0440\u0443\u043a\u0446\u0456\u0457 \u0437\u0430 \u0441\u0438\u0441\u0442\u0435\u043c\u043e\u044e \u043c\u043e\u0434\u0435\u043b\u044c\u043d\u043e\u0433\u043e \u043a\u0443\u0442\u043d\u0438\u043a\u0430<\/a><\/h3>\n                <div class=\"text-muted text-small\"><i class=\"fas fa-copy\"><\/i> 1 file(s) <i class=\"fas fa-hdd ml-3\"><\/i> 10.70 \u041c\u0411<\/div>\n            <\/div>\n            <div class=\"ml-3\">\n                <a class='wpdm-download-link download-on-click btn btn-primary' rel='nofollow' href='#' data-downloadurl=\"https:\/\/shoeeyeq.com\/uk\/download\/massangaben-fuer-die-grundkonstruktion-nach-winkelsystem\/?wpdmdl=1542&refresh=69e4cdf9a54eb1776602617\">\u0437\u0430\u0432\u0430\u043d\u0442\u0430\u0436\u0438\u0442\u0438<\/a>\n            <\/div>\n        <\/div>\n    <\/div>\n<\/div>\n\n<\/div><div class='col-lg-4 col-md-6 col-12'><!-- WPDM Link Template: Default Template -->\n\n<div class=\"link-template-default card mb-2\">\n    <div class=\"card-body\">\n        <div class=\"media\">\n            <div class=\"mr-3 img-48\"><img decoding=\"async\" class=\"wpdm_icon\" alt=\"Icon\" src=\"data:image\/svg+xml;base64,CiAgICAgICAgICAgIDxzdmcgeG1sbnM9Imh0dHA6Ly93d3cudzMub3JnLzIwMDAvc3ZnIiB2aWV3Qm94PSIwIDAgNDAgNDAiPgogICAgICAgICAgICAgICAgPGRlZnM+CiAgICAgICAgICAgICAgICAgICAgPGxpbmVhckdyYWRpZW50IGlkPSJncmFkaWVudCIgeDE9IjAiIHkxPSIwIiB4Mj0iMCIgeTI9IjEiPgogICAgICAgICAgICAgICAgICAgICAgICA8c3RvcCBzdG9wLWNvbG9yPSIjMjY5ZGVmIiBvZmZzZXQ9IjAiLz4KICAgICAgICAgICAgICAgICAgICAgICAgPHN0b3Agc3RvcC1jb2xvcj0iIzI2YmRlZiIgb2Zmc2V0PSIxIi8+CiAgICAgICAgICAgICAgICAgICAgPC9saW5lYXJHcmFkaWVudD4KICAgICAgICAgICAgICAgIDwvZGVmcz4KICAgICAgICAgICAgICAgIDxnPgogICAgICAgICAgICAgICAgICAgIDxyZWN0IGZpbGw9InVybCgjZ3JhZGllbnQpIiB4PSIwIiB5PSIwIiB3aWR0aD0iNDAiIGhlaWdodD0iNDAiIHJ4PSIzIiByeT0iMyIvPgogICAgICAgICAgICAgICAgICAgIDx0ZXh0IHg9IjUiIHk9IjE5IiBmb250LWZhbWlseT0iQXJpYWwsIEhlbHZldGljYSwgc2Fucy1zZXJpZiIgZm9udC1zaXplPSIxM3B4IiBsZXR0ZXItc3BhY2luZz0iMSIgZmlsbD0iI0ZGRkZGRiI+CiAgICAgICAgICAgICAgICAgICAgICAgIDx0c3Bhbj5USUY8L3RzcGFuPgogICAgICAgICAgICAgICAgICAgICAgICA8dHNwYW4geD0iNiIgeT0iMjgiPl88L3RzcGFuPgogICAgICAgICAgICAgICAgICAgIDwvdGV4dD4KICAgICAgICAgICAgICAgIDwvZz4KICAgICAgICAgICAgPC9zdmc+CgoJCQk=\" \/><\/div>\n            <div class=\"media-body\">\n                <h3 class=\"package-title\"><a href='https:\/\/shoeeyeq.com\/uk\/download\/11-11_grundkonstruktion-fuer-einen-halbschuh-nach-leistenkopie\/'>11.11_\u0411\u0430\u0437\u043e\u0432\u0430 \u043a\u043e\u043d\u0441\u0442\u0440\u0443\u043a\u0446\u0456\u044f \u0434\u043b\u044f \u043f\u0456\u0432\u0447\u0435\u0440\u0435\u0432\u0438\u043a\u0430 \u0437\u0430 \u043a\u043e\u043f\u0456\u0454\u044e \u043a\u043e\u043b\u043e\u0434\u043a\u0438<\/a><\/h3>\n                <div class=\"text-muted text-small\"><i class=\"fas fa-copy\"><\/i> 1 file(s) <i class=\"fas fa-hdd ml-3\"><\/i> 13.81 \u041c\u0411<\/div>\n            <\/div>\n            <div class=\"ml-3\">\n                <a class='wpdm-download-link download-on-click btn btn-primary' rel='nofollow' href='#' data-downloadurl=\"https:\/\/shoeeyeq.com\/uk\/download\/11-11_grundkonstruktion-fuer-einen-halbschuh-nach-leistenkopie\/?wpdmdl=673&refresh=69e4cdf9a65fc1776602617\">\u0437\u0430\u0432\u0430\u043d\u0442\u0430\u0436\u0438\u0442\u0438<\/a>\n            <\/div>\n        <\/div>\n    <\/div>\n<\/div>\n\n<\/div><div class='col-lg-4 col-md-6 col-12'><!-- WPDM Link Template: Default Template -->\n\n<div class=\"link-template-default card mb-2\">\n    <div class=\"card-body\">\n        <div class=\"media\">\n            <div class=\"mr-3 img-48\"><img decoding=\"async\" class=\"wpdm_icon\" alt=\"Icon\" src=\"https:\/\/shoeeyeq.com\/wp-content\/plugins\/download-manager\/assets\/file-type-icons\/pdf.svg\" \/><\/div>\n            <div class=\"media-body\">\n                <h3 class=\"package-title\"><a href='https:\/\/shoeeyeq.com\/uk\/download\/11-02_leistenkopie\/'>11.02_\u041a\u043e\u043f\u0456\u044f \u043a\u043e\u043b\u043e\u0434\u043a\u0438<\/a><\/h3>\n                <div class=\"text-muted text-small\"><i class=\"fas fa-copy\"><\/i> 1 file(s) <i class=\"fas fa-hdd ml-3\"><\/i> 2.0 \u041c\u0411<\/div>\n            <\/div>\n            <div class=\"ml-3\">\n                <a class='wpdm-download-link download-on-click btn btn-primary' rel='nofollow' href='#' data-downloadurl=\"https:\/\/shoeeyeq.com\/uk\/download\/11-02_leistenkopie\/?wpdmdl=672&refresh=69e4cdf9a76c11776602617\">\u0437\u0430\u0432\u0430\u043d\u0442\u0430\u0436\u0438\u0442\u0438<\/a>\n            <\/div>\n        <\/div>\n    <\/div>\n<\/div>\n\n<\/div><\/div>            <div style='clear:both'><\/div><div class='text-center'><ul class='pagination wpdm-pagination pagination-centered text-center'><\/ul><\/div><div style='clear:both'><\/div>        <\/div>\n\n        <div style='clear:both'><\/div>\n    <\/div>\n<\/div>\n\t\t\t\t<\/div>\n\t\t\t\t<\/div>\n\t\t\t\t\t<\/div>\n\t\t\t\t<\/div>\n\t\t\t\t<\/div>","protected":false},"excerpt":{"rendered":"<p>Download Bereich Laden Sie sich hier hilfreiche Unterlagen, Anleitungen und Zusatzdokumente zu Ihren Kursen herunter. Anatomie, Bodenbau, Leisternbau, Schaftbau Order By:Datum der Ver\u00f6ffentlichungTitelAktualisierungsdatumDownloadsViews Order:DescendingAscending Apply Filter Ma\u00dfangaben f\u00fcr die Grundkonstruktion nach Winkelsystem 1 Datei(en) 10.70 MB Download 11.11_Grundkonstruktion f\u00fcr einen Halbschuh nach Leistenkopie 1 Datei(en) 13.81 MB Download 11.02_Leistenkopie 1 Datei(en) 20.01 MB Download<\/p>","protected":false},"author":1,"featured_media":0,"parent":0,"menu_order":0,"comment_status":"closed","ping_status":"closed","template":"","meta":{"footnotes":""},"class_list":["post-603","page","type-page","status-publish","hentry"],"_links":{"self":[{"href":"https:\/\/shoeeyeq.com\/uk\/wp-json\/wp\/v2\/pages\/603","targetHints":{"allow":["GET"]}}],"collection":[{"href":"https:\/\/shoeeyeq.com\/uk\/wp-json\/wp\/v2\/pages"}],"about":[{"href":"https:\/\/shoeeyeq.com\/uk\/wp-json\/wp\/v2\/types\/page"}],"author":[{"embeddable":true,"href":"https:\/\/shoeeyeq.com\/uk\/wp-json\/wp\/v2\/users\/1"}],"replies":[{"embeddable":true,"href":"https:\/\/shoeeyeq.com\/uk\/wp-json\/wp\/v2\/comments?post=603"}],"version-history":[{"count":46,"href":"https:\/\/shoeeyeq.com\/uk\/wp-json\/wp\/v2\/pages\/603\/revisions"}],"predecessor-version":[{"id":1635,"href":"https:\/\/shoeeyeq.com\/uk\/wp-json\/wp\/v2\/pages\/603\/revisions\/1635"}],"wp:attachment":[{"href":"https:\/\/shoeeyeq.com\/uk\/wp-json\/wp\/v2\/media?parent=603"}],"curies":[{"name":"wp","href":"https:\/\/api.w.org\/{rel}","templated":true}]}}