{"id":906,"date":"2025-06-09T15:59:13","date_gmt":"2025-06-09T15:59:13","guid":{"rendered":"https:\/\/shoeeyeq.com\/?page_id=906"},"modified":"2025-07-15T14:45:02","modified_gmt":"2025-07-15T12:45:02","slug":"impressum","status":"publish","type":"page","link":"https:\/\/shoeeyeq.com\/uk\/impressum\/","title":{"rendered":"\u0412\u0456\u0434\u0431\u0438\u0442\u043e\u043a"},"content":{"rendered":"<h3>\u0406\u043d\u0444\u043e\u0440\u043c\u0430\u0446\u0456\u044f \u0432\u0456\u0434\u043f\u043e\u0432\u0456\u0434\u043d\u043e \u0434\u043e \u00a7 5 TMG<\/h3>\n<p>Praeparatio e.V.<br \/>\n\u0428\u043b\u0430\u0445\u0442\u0445\u0430\u0443\u0441\u0448\u0442\u0440\u0430\u0441\u0441\u0435 11<br \/>\n92224 \u042f\u043d\u0442\u0430\u0440\u043d\u0438\u0439<\/p>\n<p>\u0420\u0435\u0454\u0441\u0442\u0440 \u043e\u0431'\u0454\u0434\u043d\u0430\u043d\u044c: VR 200318<br \/>\n\u0421\u0443\u0434 \u0440\u0435\u0454\u0441\u0442\u0440\u0430\u0446\u0456\u0457: \u043c\u0456\u0441\u0446\u0435\u0432\u0438\u0439 \u0441\u0443\u0434 \u0410\u043c\u0431\u0435\u0440\u0433\u0430<\/p>\n<p>\u0412 \u043e\u0441\u043e\u0431\u0456<br \/>\n1-\u0439 \u0433\u043e\u043b\u043e\u0432\u0430: \u0424\u0440\u0430\u043d\u0446 \u0424\u0456\u0448\u0435\u0440<br \/>\n2-\u0439 \u0437\u0430\u0441\u0442\u0443\u043f\u043d\u0438\u043a \u0433\u043e\u043b\u043e\u0432\u0438: \u0412\u043e\u043b\u044c\u0444\u0433\u0430\u043d\u0433 \u0412\u0435\u0434\u043b\u044c \u0442\u0430 \u041c\u0430\u0440\u043a-\u0410\u043d\u0434\u0440\u0435 \u0412\u0456\u043b\u043b\u0456\u0433\u0435\u0440<\/p>\n<p><strong>\u0417\u0432'\u044f\u0436\u0456\u0442\u044c\u0441\u044f \u0437 \u043d\u0430\u043c\u0438<\/strong><\/p>\n<p>\u0422\u0435\u043b\u0435\u0444\u043e\u043d: 096211838<br \/>\n\u0415\u043b\u0435\u043a\u0442\u0440\u043e\u043d\u043d\u0430 \u043f\u043e\u0448\u0442\u0430: info@praeparatio.com<\/p>\n<p><strong>\u0406\u0434\u0435\u043d\u0442\u0438\u0444\u0456\u043a\u0430\u0446\u0456\u0439\u043d\u0438\u0439 \u043d\u043e\u043c\u0435\u0440 \u043f\u043b\u0430\u0442\u043d\u0438\u043a\u0430 \u043f\u043e\u0434\u0430\u0442\u043a\u0443 \u0437 \u043f\u0440\u043e\u0434\u0430\u0436\u0443<\/strong><\/p>\n<p>\u0406\u0434\u0435\u043d\u0442\u0438\u0444\u0456\u043a\u0430\u0446\u0456\u0439\u043d\u0438\u0439 \u043d\u043e\u043c\u0435\u0440 \u043f\u043e\u0434\u0430\u0442\u043a\u0443 \u043d\u0430 \u0434\u043e\u0434\u0430\u043d\u0443 \u0432\u0430\u0440\u0442\u0456\u0441\u0442\u044c \u0432\u0456\u0434\u043f\u043e\u0432\u0456\u0434\u043d\u043e \u0434\u043e \u00a7 27 a \u0417\u0430\u043a\u043e\u043d\u0443 \u043f\u0440\u043e \u043f\u043e\u0434\u0430\u0442\u043e\u043a \u043d\u0430 \u0434\u043e\u0434\u0430\u043d\u0443 \u0432\u0430\u0440\u0442\u0456\u0441\u0442\u044c: DE324987052<\/p>\n<p><strong>\u041d\u0430\u0437\u0432\u0430 \u043f\u043e\u0441\u0430\u0434\u0438 \u0442\u0430 \u043f\u0440\u043e\u0444\u0435\u0441\u0456\u0439\u043d\u0456 \u043f\u0440\u0430\u0432\u0438\u043b\u0430<\/strong><\/p>\n<p>\u041d\u0430\u0437\u0432\u0430 \u0432\u0430\u043a\u0430\u043d\u0441\u0456\u0457: \u0422\u0435\u0445\u043d\u043e\u043b\u043e\u0433\u0456\u044f \u043e\u0440\u0442\u043e\u043f\u0435\u0434\u0438\u0447\u043d\u043e\u0433\u043e \u0432\u0437\u0443\u0442\u0442\u044f<br \/>\n\u0412\u0456\u0434\u043f\u043e\u0432\u0456\u0434\u0430\u043b\u044c\u043d\u0430 \u043f\u0430\u043b\u0430\u0442\u0430: \u0414\u0435\u0440\u0436\u0430\u0432\u043d\u0430 \u0433\u0456\u043b\u044c\u0434\u0456\u044f \u0411\u0430\u0432\u0430\u0440\u0456\u0457<br \/>\n\u041d\u0430\u0433\u043e\u0440\u043e\u0434\u0436\u0435\u043d\u0438\u0439 \u0432: \u041d\u0456\u043c\u0435\u0447\u0447\u0438\u043d\u0430<\/p>\n<p>\u0417\u0430\u0441\u0442\u043e\u0441\u043e\u0432\u0443\u044e\u0442\u044c\u0441\u044f \u043d\u0430\u0441\u0442\u0443\u043f\u043d\u0456 \u043f\u0440\u043e\u0444\u0435\u0441\u0456\u0439\u043d\u0456 \u043f\u0440\u0430\u0432\u0438\u043b\u0430: \u0421\u0438\u0441\u0442\u0435\u043c\u0430 \u0437\u0430\u0433\u0430\u043b\u044c\u043d\u043e\u0433\u043e \u0432\u0438\u0437\u043d\u0430\u043d\u043d\u044f - \u043e\u0441\u043d\u043e\u0432\u043d\u0435 \u0437\u0430\u0441\u0442\u043e\u0441\u0443\u0432\u0430\u043d\u043d\u044f<\/p>\n<p>\u041f\u043e\u043b\u043e\u0436\u0435\u043d\u043d\u044f \u043c\u043e\u0436\u043d\u0430 \u043f\u0435\u0440\u0435\u0433\u043b\u044f\u043d\u0443\u0442\u0438 \u0437\u0430 \u043f\u043e\u0441\u0438\u043b\u0430\u043d\u043d\u044f\u043c: https:\/\/www.liostbayern.de\/<\/p>\n<p><strong>\u0412\u0456\u0434\u043f\u043e\u0432\u0456\u0434\u0430\u043b\u044c\u043d\u0456\u0441\u0442\u044c \u0437\u0430 \u0437\u043c\u0456\u0441\u0442 \u0437\u0433\u0456\u0434\u043d\u043e \u0437 \u00a7 18 \u0430\u0431\u0437. 2 MStV<\/strong><\/p>\n<p>\u0424\u0440\u0430\u043d\u0446 \u0424\u0456\u0448\u0435\u0440<br \/>\nSchlachthausstr. 11<br \/>\n92224 \u042f\u043d\u0442\u0430\u0440\u043d\u0438\u0439<\/p>\n<p><strong>\u0412\u0438\u0440\u0456\u0448\u0435\u043d\u043d\u044f \u0441\u043f\u043e\u0436\u0438\u0432\u0447\u0438\u0445 \u0441\u043f\u043e\u0440\u0456\u0432\/\u0443\u043d\u0456\u0432\u0435\u0440\u0441\u0430\u043b\u044c\u043d\u0438\u0439 \u0430\u0440\u0431\u0456\u0442\u0440\u0430\u0436\u043d\u0438\u0439 \u0446\u0435\u043d\u0442\u0440<\/strong><\/p>\n<p>\u041c\u0438 \u043d\u0435 \u0431\u0430\u0436\u0430\u0454\u043c\u043e \u0456 \u043d\u0435 \u0437\u043e\u0431\u043e\u0432'\u044f\u0437\u0430\u043d\u0456 \u0431\u0440\u0430\u0442\u0438 \u0443\u0447\u0430\u0441\u0442\u044c \u0443 \u0440\u043e\u0437\u0433\u043b\u044f\u0434\u0456 \u0441\u043f\u043e\u0440\u0456\u0432 \u0443 \u0441\u043f\u043e\u0436\u0438\u0432\u0447\u043e\u043c\u0443 \u0430\u0440\u0431\u0456\u0442\u0440\u0430\u0436\u0456.<\/p>\n<p><strong>\u0412\u0456\u0434\u043f\u043e\u0432\u0456\u0434\u0430\u043b\u044c\u043d\u0456\u0441\u0442\u044c \u0437\u0430 \u0437\u043c\u0456\u0441\u0442<\/strong><\/p>\n<p>\u042f\u043a \u043f\u043e\u0441\u0442\u0430\u0447\u0430\u043b\u044c\u043d\u0438\u043a \u043f\u043e\u0441\u043b\u0443\u0433, \u043c\u0438 \u043d\u0435\u0441\u0435\u043c\u043e \u0432\u0456\u0434\u043f\u043e\u0432\u0456\u0434\u0430\u043b\u044c\u043d\u0456\u0441\u0442\u044c \u0437\u0430 \u0432\u043b\u0430\u0441\u043d\u0438\u0439 \u043a\u043e\u043d\u0442\u0435\u043d\u0442 \u043d\u0430 \u0446\u0438\u0445 \u0441\u0442\u043e\u0440\u0456\u043d\u043a\u0430\u0445 \u0432\u0456\u0434\u043f\u043e\u0432\u0456\u0434\u043d\u043e \u0434\u043e \u00a7 7 \u0430\u0431\u0437. 1 TMG (\u0417\u0430\u043a\u043e\u043d \u043f\u0440\u043e \u0442\u0435\u043b\u0435\u043c\u0435\u0434\u0456\u0430).<\/p>\n<p>\u043d\u0435\u0441\u0443\u0442\u044c \u0432\u0456\u0434\u043f\u043e\u0432\u0456\u0434\u0430\u043b\u044c\u043d\u0456\u0441\u0442\u044c \u0437\u0433\u0456\u0434\u043d\u043e \u0456\u0437 \u0437\u0430\u0433\u0430\u043b\u044c\u043d\u0438\u043c \u0437\u0430\u043a\u043e\u043d\u043e\u0434\u0430\u0432\u0441\u0442\u0432\u043e\u043c. \u041e\u0434\u043d\u0430\u043a, \u0432\u0456\u0434\u043f\u043e\u0432\u0456\u0434\u043d\u043e \u0434\u043e \u00a7\u00a7 8-10 TMG, \u043c\u0438, \u044f\u043a \u043f\u043e\u0441\u0442\u0430\u0447\u0430\u043b\u044c\u043d\u0438\u043a \u043f\u043e\u0441\u043b\u0443\u0433, \u043d\u0435 \u0437\u043e\u0431\u043e\u0432'\u044f\u0437\u0430\u043d\u0456 \u043a\u043e\u043d\u0442\u0440\u043e\u043b\u044e\u0432\u0430\u0442\u0438 \u043f\u0435\u0440\u0435\u0434\u0430\u043d\u0443 \u0430\u0431\u043e \u0437\u0431\u0435\u0440\u0435\u0436\u0435\u043d\u0443 \u0456\u043d\u0444\u043e\u0440\u043c\u0430\u0446\u0456\u044e \u0442\u0440\u0435\u0442\u0456\u0445 \u043e\u0441\u0456\u0431 \u0430\u0431\u043e \u0440\u043e\u0437\u0441\u043b\u0456\u0434\u0443\u0432\u0430\u0442\u0438 \u043e\u0431\u0441\u0442\u0430\u0432\u0438\u043d\u0438, \u0449\u043e \u0432\u043a\u0430\u0437\u0443\u044e\u0442\u044c \u043d\u0430 \u043d\u0435\u0437\u0430\u043a\u043e\u043d\u043d\u0443 \u0434\u0456\u044f\u043b\u044c\u043d\u0456\u0441\u0442\u044c.<\/p>\n<p>\u0426\u0435 \u043d\u0435 \u0432\u043f\u043b\u0438\u0432\u0430\u0454 \u043d\u0430 \u0437\u043e\u0431\u043e\u0432'\u044f\u0437\u0430\u043d\u043d\u044f \u0432\u0438\u0434\u0430\u043b\u0438\u0442\u0438 \u0430\u0431\u043e \u0437\u0430\u0431\u043b\u043e\u043a\u0443\u0432\u0430\u0442\u0438 \u0432\u0438\u043a\u043e\u0440\u0438\u0441\u0442\u0430\u043d\u043d\u044f \u0456\u043d\u0444\u043e\u0440\u043c\u0430\u0446\u0456\u0457 \u0432\u0456\u0434\u043f\u043e\u0432\u0456\u0434\u043d\u043e \u0434\u043e \u0437\u0430\u0433\u0430\u043b\u044c\u043d\u043e\u0433\u043e \u0437\u0430\u043a\u043e\u043d\u043e\u0434\u0430\u0432\u0441\u0442\u0432\u0430. \u041e\u0434\u043d\u0430\u043a \u0432\u0456\u0434\u043f\u043e\u0432\u0456\u0434\u0430\u043b\u044c\u043d\u0456\u0441\u0442\u044c \u0443 \u0446\u044c\u043e\u043c\u0443 \u0432\u0456\u0434\u043d\u043e\u0448\u0435\u043d\u043d\u0456 \u043c\u043e\u0436\u043b\u0438\u0432\u0430 \u043b\u0438\u0448\u0435 \u0437 \u043c\u043e\u043c\u0435\u043d\u0442\u0443, \u043a\u043e\u043b\u0438 \u043d\u0430\u043c \u0441\u0442\u0430\u043d\u0435 \u0432\u0456\u0434\u043e\u043c\u043e \u043f\u0440\u043e \u043a\u043e\u043d\u043a\u0440\u0435\u0442\u043d\u0435 \u043f\u043e\u0440\u0443\u0448\u0435\u043d\u043d\u044f. \u042f\u043a \u0442\u0456\u043b\u044c\u043a\u0438 \u043d\u0430\u043c \u0441\u0442\u0430\u043d\u0435 \u0432\u0456\u0434\u043e\u043c\u043e \u043f\u0440\u043e \u0442\u0430\u043a\u0456 \u043f\u043e\u0440\u0443\u0448\u0435\u043d\u043d\u044f, \u043c\u0438 \u043d\u0435\u0433\u0430\u0439\u043d\u043e \u0432\u0438\u0434\u0430\u043b\u0438\u043c\u043e \u0446\u0435\u0439 \u043a\u043e\u043d\u0442\u0435\u043d\u0442.<\/p>\n<p><strong>\u0412\u0456\u0434\u043f\u043e\u0432\u0456\u0434\u0430\u043b\u044c\u043d\u0456\u0441\u0442\u044c \u0437\u0430 \u043f\u043e\u0441\u0438\u043b\u0430\u043d\u043d\u044f<\/strong><\/p>\n<p>\u041d\u0430\u0448 \u0441\u0430\u0439\u0442 \u043c\u0456\u0441\u0442\u0438\u0442\u044c \u043f\u043e\u0441\u0438\u043b\u0430\u043d\u043d\u044f \u043d\u0430 \u0437\u043e\u0432\u043d\u0456\u0448\u043d\u0456 \u0432\u0435\u0431-\u0441\u0430\u0439\u0442\u0438 \u0442\u0440\u0435\u0442\u0456\u0445 \u043e\u0441\u0456\u0431, \u043d\u0430 \u0437\u043c\u0456\u0441\u0442 \u044f\u043a\u0438\u0445 \u043c\u0438 \u043d\u0435 \u043c\u0430\u0454\u043c\u043e \u0436\u043e\u0434\u043d\u043e\u0433\u043e \u0432\u043f\u043b\u0438\u0432\u0443. \u0422\u043e\u043c\u0443 \u043c\u0438 \u043d\u0435 \u043d\u0435\u0441\u0435\u043c\u043e \u0436\u043e\u0434\u043d\u043e\u0457 \u0432\u0456\u0434\u043f\u043e\u0432\u0456\u0434\u0430\u043b\u044c\u043d\u043e\u0441\u0442\u0456 \u0437\u0430 \u0432\u043c\u0456\u0441\u0442 \u0446\u0438\u0445 \u0441\u0430\u0439\u0442\u0456\u0432 \u0442\u0440\u0435\u0442\u0456\u0445 \u043e\u0441\u0456\u0431. \u0412\u0456\u0434\u043f\u043e\u0432\u0456\u0434\u0430\u043b\u044c\u043d\u0456\u0441\u0442\u044c \u0437\u0430 \u0437\u043c\u0456\u0441\u0442 \u0441\u0442\u043e\u0440\u0456\u043d\u043e\u043a, \u043d\u0430 \u044f\u043a\u0456 \u0432\u0435\u0434\u0443\u0442\u044c \u043f\u043e\u0441\u0438\u043b\u0430\u043d\u043d\u044f, \u0437\u0430\u0432\u0436\u0434\u0438 \u043d\u0435\u0441\u0435 \u0432\u0456\u0434\u043f\u043e\u0432\u0456\u0434\u043d\u0438\u0439 \u043f\u0440\u043e\u0432\u0430\u0439\u0434\u0435\u0440 \u0430\u0431\u043e \u043e\u043f\u0435\u0440\u0430\u0442\u043e\u0440 \u0446\u0438\u0445 \u0441\u0442\u043e\u0440\u0456\u043d\u043e\u043a. \u0421\u0442\u043e\u0440\u0456\u043d\u043a\u0438, \u043d\u0430 \u044f\u043a\u0456 \u0432\u0435\u0434\u0443\u0442\u044c \u043f\u043e\u0441\u0438\u043b\u0430\u043d\u043d\u044f, \u0431\u0443\u043b\u0438 \u043f\u0435\u0440\u0435\u0432\u0456\u0440\u0435\u043d\u0456 \u043d\u0430 \u043d\u0430\u044f\u0432\u043d\u0456\u0441\u0442\u044c \u043c\u043e\u0436\u043b\u0438\u0432\u0438\u0445 \u043f\u0440\u0430\u0432\u043e\u0432\u0438\u0445 \u043f\u043e\u0440\u0443\u0448\u0435\u043d\u044c \u043d\u0430 \u043c\u043e\u043c\u0435\u043d\u0442 \u0440\u043e\u0437\u043c\u0456\u0449\u0435\u043d\u043d\u044f \u043f\u043e\u0441\u0438\u043b\u0430\u043d\u044c. \u041f\u0440\u043e\u0442\u0438\u0437\u0430\u043a\u043e\u043d\u043d\u0438\u0439 \u0432\u043c\u0456\u0441\u0442 \u043d\u0430 \u043c\u043e\u043c\u0435\u043d\u0442 \u043f\u043e\u0441\u0438\u043b\u0430\u043d\u043d\u044f \u043d\u0435 \u0431\u0443\u0432 \u0432\u0438\u044f\u0432\u043b\u0435\u043d\u0438\u0439.<\/p>\n<p>\u041e\u0434\u043d\u0430\u043a \u043f\u043e\u0441\u0442\u0456\u0439\u043d\u0438\u0439 \u043c\u043e\u043d\u0456\u0442\u043e\u0440\u0438\u043d\u0433 \u0432\u043c\u0456\u0441\u0442\u0443 \u0441\u0442\u043e\u0440\u0456\u043d\u043e\u043a, \u043d\u0430 \u044f\u043a\u0456 \u0454 \u043f\u043e\u0441\u0438\u043b\u0430\u043d\u043d\u044f, \u0454 \u043d\u0435\u0434\u043e\u0446\u0456\u043b\u044c\u043d\u0438\u043c \u0431\u0435\u0437 \u043a\u043e\u043d\u043a\u0440\u0435\u0442\u043d\u0438\u0445 \u0434\u043e\u043a\u0430\u0437\u0456\u0432 \u043f\u043e\u0440\u0443\u0448\u0435\u043d\u043d\u044f. \u042f\u043a\u0449\u043e \u043d\u0430\u043c \u0441\u0442\u0430\u043d\u0435 \u0432\u0456\u0434\u043e\u043c\u043e \u043f\u0440\u043e \u0431\u0443\u0434\u044c-\u044f\u043a\u0456 \u044e\u0440\u0438\u0434\u0438\u0447\u043d\u0456 \u043f\u043e\u0440\u0443\u0448\u0435\u043d\u043d\u044f, \u043c\u0438 \u043d\u0435\u0433\u0430\u0439\u043d\u043e \u0432\u0438\u0434\u0430\u043b\u0438\u043c\u043e \u0442\u0430\u043a\u0456 \u043f\u043e\u0441\u0438\u043b\u0430\u043d\u043d\u044f.<\/p>\n<p><strong>\u0410\u0432\u0442\u043e\u0440\u0441\u044c\u043a\u0435 \u043f\u0440\u0430\u0432\u043e<\/strong><\/p>\n<p>\u0412\u043c\u0456\u0441\u0442 \u0456 \u0442\u0432\u043e\u0440\u0438, \u0441\u0442\u0432\u043e\u0440\u0435\u043d\u0456 \u043e\u043f\u0435\u0440\u0430\u0442\u043e\u0440\u0430\u043c\u0438 \u0441\u0430\u0439\u0442\u0443 \u043d\u0430 \u0446\u0438\u0445 \u0441\u0442\u043e\u0440\u0456\u043d\u043a\u0430\u0445, \u043f\u0456\u0434\u043f\u0430\u0434\u0430\u044e\u0442\u044c \u043f\u0456\u0434 \u0434\u0456\u044e \u043d\u0456\u043c\u0435\u0446\u044c\u043a\u043e\u0433\u043e \u0437\u0430\u043a\u043e\u043d\u043e\u0434\u0430\u0432\u0441\u0442\u0432\u0430 \u043f\u0440\u043e \u0430\u0432\u0442\u043e\u0440\u0441\u044c\u043a\u0435 \u043f\u0440\u0430\u0432\u043e. \u041a\u043e\u043f\u0456\u044e\u0432\u0430\u043d\u043d\u044f, \u043e\u0431\u0440\u043e\u0431\u043a\u0430, \u0440\u043e\u0437\u043f\u043e\u0432\u0441\u044e\u0434\u0436\u0435\u043d\u043d\u044f \u0442\u0430 \u0431\u0443\u0434\u044c-\u044f\u043a\u0435 \u0456\u043d\u0448\u0435 \u0432\u0438\u043a\u043e\u0440\u0438\u0441\u0442\u0430\u043d\u043d\u044f \u043f\u043e\u0437\u0430 \u043c\u0435\u0436\u0430\u043c\u0438 \u0437\u0430\u043a\u043e\u043d\u0443 \u043f\u0440\u043e \u0430\u0432\u0442\u043e\u0440\u0441\u044c\u043a\u0435 \u043f\u0440\u0430\u0432\u043e \u0432\u0438\u043c\u0430\u0433\u0430\u0454 \u043f\u0438\u0441\u044c\u043c\u043e\u0432\u043e\u0457 \u0437\u0433\u043e\u0434\u0438 \u0432\u0456\u0434\u043f\u043e\u0432\u0456\u0434\u043d\u043e\u0433\u043e \u0430\u0432\u0442\u043e\u0440\u0430 \u0430\u0431\u043e \u0442\u0432\u043e\u0440\u0446\u044f. \u0417\u0430\u0432\u0430\u043d\u0442\u0430\u0436\u0435\u043d\u043d\u044f \u0442\u0430 \u043a\u043e\u043f\u0456\u044e\u0432\u0430\u043d\u043d\u044f \u0446\u044c\u043e\u0433\u043e \u0441\u0430\u0439\u0442\u0443 \u0434\u043e\u0437\u0432\u043e\u043b\u044f\u0454\u0442\u044c\u0441\u044f \u043b\u0438\u0448\u0435 \u0434\u043b\u044f \u043f\u0440\u0438\u0432\u0430\u0442\u043d\u043e\u0433\u043e \u043d\u0435\u043a\u043e\u043c\u0435\u0440\u0446\u0456\u0439\u043d\u043e\u0433\u043e \u0432\u0438\u043a\u043e\u0440\u0438\u0441\u0442\u0430\u043d\u043d\u044f.<\/p>\n<p>\u041e\u0441\u043a\u0456\u043b\u044c\u043a\u0438 \u043a\u043e\u043d\u0442\u0435\u043d\u0442 \u043d\u0430 \u0446\u044c\u043e\u043c\u0443 \u0441\u0430\u0439\u0442\u0456 \u043d\u0435 \u0431\u0443\u0432 \u0441\u0442\u0432\u043e\u0440\u0435\u043d\u0438\u0439 \u043e\u043f\u0435\u0440\u0430\u0442\u043e\u0440\u043e\u043c, \u0430\u0432\u0442\u043e\u0440\u0441\u044c\u043a\u0456 \u043f\u0440\u0430\u0432\u0430 \u0442\u0440\u0435\u0442\u0456\u0445 \u043e\u0441\u0456\u0431 \u043f\u043e\u0432\u0430\u0436\u0430\u044e\u0442\u044c\u0441\u044f. \u0417\u043e\u043a\u0440\u0435\u043c\u0430, \u043a\u043e\u043d\u0442\u0435\u043d\u0442 \u0442\u0440\u0435\u0442\u0456\u0445 \u043e\u0441\u0456\u0431 \u043f\u043e\u0437\u043d\u0430\u0447\u0435\u043d\u0438\u0439 \u044f\u043a \u0442\u0430\u043a\u0438\u0439. \u042f\u043a\u0449\u043e \u0432\u0430\u043c \u0432\u0441\u0435 \u0436 \u0441\u0442\u0430\u043d\u0435 \u0432\u0456\u0434\u043e\u043c\u043e \u043f\u0440\u043e \u043f\u043e\u0440\u0443\u0448\u0435\u043d\u043d\u044f \u0430\u0432\u0442\u043e\u0440\u0441\u044c\u043a\u0438\u0445 \u043f\u0440\u0430\u0432, \u0431\u0443\u0434\u044c \u043b\u0430\u0441\u043a\u0430, \u043f\u043e\u0432\u0456\u0434\u043e\u043c\u0442\u0435 \u043d\u0430\u0441 \u043f\u0440\u043e \u0446\u0435. \u042f\u043a\u0449\u043e \u043d\u0430\u043c \u0441\u0442\u0430\u043d\u0435 \u0432\u0456\u0434\u043e\u043c\u043e \u043f\u0440\u043e \u0431\u0443\u0434\u044c-\u044f\u043a\u0456 \u043f\u043e\u0440\u0443\u0448\u0435\u043d\u043d\u044f, \u043c\u0438 \u043d\u0435\u0433\u0430\u0439\u043d\u043e \u0432\u0438\u0434\u0430\u043b\u0438\u043c\u043e \u0442\u0430\u043a\u0438\u0439 \u043a\u043e\u043d\u0442\u0435\u043d\u0442.<\/p>\n<p data-start=\"221\" data-end=\"235\"><strong data-start=\"221\" data-end=\"235\">\u041f\u0440\u0430\u0432\u0430 \u043d\u0430 \u0437\u043e\u0431\u0440\u0430\u0436\u0435\u043d\u043d\u044f<\/strong><\/p>\n<p data-start=\"135\" data-end=\"447\">\u0406\u043d\u0444\u043e\u0440\u043c\u0430\u0446\u0456\u044f, \u043d\u0430\u0434\u0430\u043d\u0430 \u043d\u0430 \u0446\u044c\u043e\u043c\u0443 \u0432\u0435\u0431-\u0441\u0430\u0439\u0442\u0456 (<a class=\"\" href=\"https:\/\/shoeeyeq.com\/uk\/\" target=\"_new\" rel=\"noopener\" data-start=\"159\" data-end=\"180\">https:\/\/shoeeyeq.com\/<\/a>) \u0431\u0443\u043b\u0438 \u0437\u0430\u043a\u043e\u043d\u043d\u043e \u0432\u0438\u043a\u043e\u0440\u0438\u0441\u0442\u0430\u043d\u0456 \u0447\u0435\u0440\u0435\u0437 \u043e\u0441\u043e\u0431\u0438\u0441\u0442\u0456 \u043a\u0430\u0431\u0456\u043d\u0435\u0442\u0438 <strong data-start=\"249\" data-end=\"271\">\u041c\u0430\u0440\u0442\u0456\u043d \u0404\u0433\u0435\u0440 \u0435.\u043a.<\/strong> \u0434\u043b\u044f \u0456\u043c\u0456\u0434\u0436\u0435\u0432\u0438\u0445 \u043f\u043b\u0430\u0442\u0444\u043e\u0440\u043c <strong data-start=\"296\" data-end=\"305\">\u041f\u043e\u043b\u043e\u0442\u043d\u043e<\/strong>, <strong data-start=\"307\" data-end=\"337\">Adobe Stock Creative Cloud<\/strong> \u0456 <strong data-start=\"342\" data-end=\"357\">iStockphoto<\/strong> \u043f\u0440\u0438\u0434\u0431\u0430\u043d\u043e. \u0423\u0441\u0456 \u0437\u043e\u0431\u0440\u0430\u0436\u0435\u043d\u043d\u044f \u0431\u0443\u043b\u0438 \u0432\u0438\u043a\u043e\u0440\u0438\u0441\u0442\u0430\u043d\u0456 \u0432\u0456\u0434\u043f\u043e\u0432\u0456\u0434\u043d\u043e \u0434\u043e \u0447\u0438\u043d\u043d\u0438\u0445 \u043b\u0456\u0446\u0435\u043d\u0437\u0456\u0439\u043d\u0438\u0445 \u0443\u043c\u043e\u0432.<\/p>\n<p data-start=\"449\" data-end=\"532\">\u0412\u0456\u0434\u043f\u043e\u0432\u0456\u0434\u043d\u0456 \u043b\u0456\u0446\u0435\u043d\u0437\u0456\u0439\u043d\u0456 \u0441\u0435\u0440\u0442\u0438\u0444\u0456\u043a\u0430\u0442\u0438 \u043d\u0430\u0434\u0430\u044e\u0442\u044c\u0441\u044f \u0437\u0430 \u0437\u0430\u043f\u0438\u0442\u043e\u043c.<\/p>\n<p data-start=\"534\" data-end=\"737\">\u041f\u0438\u0441\u044c\u043c\u043e\u0432\u0435 \u043f\u0456\u0434\u0442\u0432\u0435\u0440\u0434\u0436\u0435\u043d\u043d\u044f \u0437\u0430\u043a\u043e\u043d\u043d\u043e\u0433\u043e \u043d\u0430\u0431\u0443\u0442\u0442\u044f \u043f\u0440\u0430\u0432 \u043d\u0430 \u0437\u043e\u0431\u0440\u0430\u0436\u0435\u043d\u043d\u044f \u043c\u043e\u0436\u043d\u0430 \u0437\u0430\u0432\u0430\u043d\u0442\u0430\u0436\u0438\u0442\u0438 \u0442\u0443\u0442:<br data-start=\"637\" data-end=\"640\" \/><a class=\"cursor-pointer\" href=\"https:\/\/shoeeyeq.com\/wp-content\/uploads\/2025\/07\/Bildrechte_Bestaetigung_Martin_Jaeger_mit_Unterschrift.pdf\" target=\"_new\" rel=\"noopener\" data-start=\"643\" data-end=\"737\">\u0417\u0430\u0432\u0430\u043d\u0442\u0430\u0436\u0438\u0442\u0438 \u0434\u0435\u043a\u043b\u0430\u0440\u0430\u0446\u0456\u044e \u043f\u0440\u043e \u043f\u0440\u0430\u0432\u0430 \u043d\u0430 \u0437\u043e\u0431\u0440\u0430\u0436\u0435\u043d\u043d\u044f (PDF)<\/a><\/p>\n<p>\u0414\u0436\u0435\u0440\u0435\u043b\u043e: eRecht24<\/p>","protected":false},"excerpt":{"rendered":"<p>Angaben gem\u00e4\u00df \u00a7 5 TMG Praeparatio e.V. Schlachthausstra\u00dfe 11 92224 Amberg Vereinsregister: VR 200318 Registergericht: Amtsgericht Amberg Vertreten durch: 1. Vorsitzender: Franz Fischer 2. Stellvertretende Vorsitzende: Wolfgang Wedl und Marc-Andr\u00e9 Villiger Kontakt Telefon: 096211838 E-Mail: info@praeparatio.com Umsatzsteuer-ID Umsatzsteuer-Identifikationsnummer gem\u00e4\u00df \u00a7 27 a Umsatzsteuergesetz: DE324987052 Berufsbezeichnung und berufsrechtliche Regelungen Berufsbezeichnung: Orthop\u00e4dieschuhtechnik Zust\u00e4ndige Kammer: Landesinnung Bayern Verliehen [&hellip;]<\/p>","protected":false},"author":1,"featured_media":0,"parent":0,"menu_order":0,"comment_status":"closed","ping_status":"closed","template":"","meta":{"footnotes":""},"class_list":["post-906","page","type-page","status-publish","hentry"],"_links":{"self":[{"href":"https:\/\/shoeeyeq.com\/uk\/wp-json\/wp\/v2\/pages\/906","targetHints":{"allow":["GET"]}}],"collection":[{"href":"https:\/\/shoeeyeq.com\/uk\/wp-json\/wp\/v2\/pages"}],"about":[{"href":"https:\/\/shoeeyeq.com\/uk\/wp-json\/wp\/v2\/types\/page"}],"author":[{"embeddable":true,"href":"https:\/\/shoeeyeq.com\/uk\/wp-json\/wp\/v2\/users\/1"}],"replies":[{"embeddable":true,"href":"https:\/\/shoeeyeq.com\/uk\/wp-json\/wp\/v2\/comments?post=906"}],"version-history":[{"count":6,"href":"https:\/\/shoeeyeq.com\/uk\/wp-json\/wp\/v2\/pages\/906\/revisions"}],"predecessor-version":[{"id":2029,"href":"https:\/\/shoeeyeq.com\/uk\/wp-json\/wp\/v2\/pages\/906\/revisions\/2029"}],"wp:attachment":[{"href":"https:\/\/shoeeyeq.com\/uk\/wp-json\/wp\/v2\/media?parent=906"}],"curies":[{"name":"wp","href":"https:\/\/api.w.org\/{rel}","templated":true}]}}